{"id":11509,"date":"2024-12-14T12:17:39","date_gmt":"2024-12-14T12:17:39","guid":{"rendered":"https:\/\/www.cfaebooks.com\/?post_type=product&#038;p=11509"},"modified":"2026-04-03T08:01:22","modified_gmt":"2026-04-03T08:01:22","slug":"2025-caia-uppermark-study-handbooks-level-1-with-formula-sheet","status":"publish","type":"product","link":"https:\/\/www.cfaebooks.com\/tr\/products\/2025-caia-uppermark-study-handbooks-level-1-with-formula-sheet\/","title":{"rendered":"2025 CAIA UpperMark \u00c7al\u0131\u015fma El Kitaplar\u0131 Form\u00fcl Sayfas\u0131 ile Seviye 1"},"content":{"rendered":"<p>Sat\u0131l\u0131k bir e-Kitap 2025 CAIA Seviye 1 UpperMark Form\u00fcl Sayfal\u0131 \u00c7al\u0131\u015fma El Kitaplar\u0131 PDF.<\/p>\n\n\n\n<ul class=\"wp-block-list\">\n<li>Bu fiziksel bir kitap de\u011fil, PDF dijital kopyas\u0131d\u0131r.<\/li>\n\n\n\n<li>Fiziksel bir bas\u0131l\u0131 kopya istiyorsan\u0131z l\u00fctfen sat\u0131n almay\u0131n. \u00d6deme yapt\u0131ktan sonra e-Kitab\u0131 an\u0131nda indirebilirsiniz.<\/li>\n<\/ul>","protected":false},"excerpt":{"rendered":"<p>Sat\u0131l\u0131k bir e-Kitap 2025 CAIA Seviye 1 UpperMark Form\u00fcl Sayfal\u0131 \u00c7al\u0131\u015fma El Kitaplar\u0131 PDF.<\/p>","protected":false},"featured_media":11510,"comment_status":"closed","ping_status":"closed","template":"","meta":[],"product_brand":[],"product_cat":[317],"product_tag":[247,319,320,251,250,248,321,246,252,249],"class_list":{"0":"post-11509","1":"product","2":"type-product","3":"status-publish","4":"has-post-thumbnail","6":"product_cat-caia-level-1","7":"product_tag-caia","8":"product_tag-caia-2025","9":"product_tag-caia-2025-study-notes","10":"product_tag-caia-books","11":"product_tag-caia-ebooks","12":"product_tag-caia-exam","13":"product_tag-caia-formula-sheet","14":"product_tag-caia-level-i","15":"product_tag-caia-prep","16":"product_tag-caia-test","18":"first","19":"instock","20":"downloadable","21":"virtual","22":"sold-individually","23":"purchasable","24":"product-type-simple"},"_links":{"self":[{"href":"https:\/\/www.cfaebooks.com\/tr\/wp-json\/wp\/v2\/product\/11509","targetHints":{"allow":["GET"]}}],"collection":[{"href":"https:\/\/www.cfaebooks.com\/tr\/wp-json\/wp\/v2\/product"}],"about":[{"href":"https:\/\/www.cfaebooks.com\/tr\/wp-json\/wp\/v2\/types\/product"}],"replies":[{"embeddable":true,"href":"https:\/\/www.cfaebooks.com\/tr\/wp-json\/wp\/v2\/comments?post=11509"}],"wp:featuredmedia":[{"embeddable":true,"href":"https:\/\/www.cfaebooks.com\/tr\/wp-json\/wp\/v2\/media\/11510"}],"wp:attachment":[{"href":"https:\/\/www.cfaebooks.com\/tr\/wp-json\/wp\/v2\/media?parent=11509"}],"wp:term":[{"taxonomy":"product_brand","embeddable":true,"href":"https:\/\/www.cfaebooks.com\/tr\/wp-json\/wp\/v2\/product_brand?post=11509"},{"taxonomy":"product_cat","embeddable":true,"href":"https:\/\/www.cfaebooks.com\/tr\/wp-json\/wp\/v2\/product_cat?post=11509"},{"taxonomy":"product_tag","embeddable":true,"href":"https:\/\/www.cfaebooks.com\/tr\/wp-json\/wp\/v2\/product_tag?post=11509"}],"curies":[{"name":"wp","href":"https:\/\/api.w.org\/{rel}","templated":true}]}}