{"id":11309,"date":"2024-11-18T14:54:30","date_gmt":"2024-11-18T14:54:30","guid":{"rendered":"https:\/\/www.cfaebooks.com\/?post_type=product&#038;p=11309"},"modified":"2026-04-03T08:01:17","modified_gmt":"2026-04-03T08:01:17","slug":"2025-cfa-seviye-2-cevapli-premium-deneme-sinavlari-2","status":"publish","type":"product","link":"https:\/\/www.cfaebooks.com\/tr\/products\/2025-cfa-seviye-2-cevapli-premium-deneme-sinavlari-2\/","title":{"rendered":"2025 CFA Seviye 2 Cevapl\u0131 Premium Deneme S\u0131nav\u0131"},"content":{"rendered":"<p>Sat\u0131l\u0131k 2025 CFA Level 2 Premium Mocks with Answers video format\u0131ndad\u0131r. <\/p>\n\n\n\n<ul class=\"wp-block-list\">\n<li>Her biri 2 seans olmak \u00fczere 3 deneme i\u00e7erir. <\/li>\n\n\n\n<li>Fiziksel bir bas\u0131l\u0131 kopya istiyorsan\u0131z l\u00fctfen sat\u0131n almay\u0131n. <\/li>\n\n\n\n<li>\u00d6deme yapt\u0131ktan sonra materyali hemen indirebilirsiniz.<\/li>\n<\/ul>","protected":false},"excerpt":{"rendered":"<p>Sat\u0131l\u0131k 2025 CFA Level 2 Premium Mocks with Answers video format\u0131ndad\u0131r.<\/p>","protected":false},"featured_media":11428,"comment_status":"closed","ping_status":"closed","template":"","meta":[],"product_brand":[],"product_cat":[266],"product_tag":[261,93,88,90,178,293,313,312,311,91,92,176,310,163],"class_list":{"0":"post-11309","1":"product","2":"type-product","3":"status-publish","4":"has-post-thumbnail","6":"product_cat-cfa-level-2","7":"product_tag-cfa-2025","8":"product_tag-cfa-books","9":"product_tag-cfa-ebooks","10":"product_tag-cfa-exam","11":"product_tag-cfa-level-2","12":"product_tag-cfa-level-2-2025","13":"product_tag-cfa-level-2-2025-mocks","14":"product_tag-cfa-level-2-mocks","15":"product_tag-cfa-mocks","16":"product_tag-cfa-prep","17":"product_tag-cfa-test","18":"product_tag-mock-exam","19":"product_tag-premium-mocks","20":"product_tag-schweser-qbank","22":"first","23":"instock","24":"downloadable","25":"virtual","26":"sold-individually","27":"purchasable","28":"product-type-simple"},"_links":{"self":[{"href":"https:\/\/www.cfaebooks.com\/tr\/wp-json\/wp\/v2\/product\/11309","targetHints":{"allow":["GET"]}}],"collection":[{"href":"https:\/\/www.cfaebooks.com\/tr\/wp-json\/wp\/v2\/product"}],"about":[{"href":"https:\/\/www.cfaebooks.com\/tr\/wp-json\/wp\/v2\/types\/product"}],"replies":[{"embeddable":true,"href":"https:\/\/www.cfaebooks.com\/tr\/wp-json\/wp\/v2\/comments?post=11309"}],"wp:featuredmedia":[{"embeddable":true,"href":"https:\/\/www.cfaebooks.com\/tr\/wp-json\/wp\/v2\/media\/11428"}],"wp:attachment":[{"href":"https:\/\/www.cfaebooks.com\/tr\/wp-json\/wp\/v2\/media?parent=11309"}],"wp:term":[{"taxonomy":"product_brand","embeddable":true,"href":"https:\/\/www.cfaebooks.com\/tr\/wp-json\/wp\/v2\/product_brand?post=11309"},{"taxonomy":"product_cat","embeddable":true,"href":"https:\/\/www.cfaebooks.com\/tr\/wp-json\/wp\/v2\/product_cat?post=11309"},{"taxonomy":"product_tag","embeddable":true,"href":"https:\/\/www.cfaebooks.com\/tr\/wp-json\/wp\/v2\/product_tag?post=11309"}],"curies":[{"name":"wp","href":"https:\/\/api.w.org\/{rel}","templated":true}]}}