{"id":11178,"date":"2024-11-06T13:31:00","date_gmt":"2024-11-06T13:31:00","guid":{"rendered":"https:\/\/www.cfaebooks.com\/?post_type=product&#038;p=11178"},"modified":"2026-04-03T08:01:14","modified_gmt":"2026-04-03T08:01:14","slug":"cfa-2025-video-lectures-level-2-with-workbook","status":"publish","type":"product","link":"https:\/\/www.cfaebooks.com\/tr\/products\/cfa-2025-video-lectures-level-2-with-workbook\/","title":{"rendered":"CFA 2025 Video Dersler \u00c7al\u0131\u015fma Kitab\u0131 ile Seviye 2"},"content":{"rendered":"<p>Sat\u0131l\u0131k 2025 CFA Schweser Video Dersleri \u00c7al\u0131\u015fma Kitab\u0131 ile Seviye 2<\/p>\n\n\n\n<p>A\u015fa\u011f\u0131daki konular\u0131 i\u00e7erir: <\/p>\n\n\n\n<ul class=\"wp-block-list\">\n<li><em>Nicel Y\u00f6ntemler<\/em><\/li>\n\n\n\n<li><em>Ekonomi<\/em><\/li>\n\n\n\n<li><em>Mali Tablo Analizi<\/em><\/li>\n\n\n\n<li><em>Kurumsal \u0130hra\u00e7\u00e7\u0131lar<\/em><\/li>\n\n\n\n<li><em>\u00d6zkaynak Yat\u0131r\u0131mlar\u0131<\/em><\/li>\n\n\n\n<li><em>Sabit Gelir<\/em><\/li>\n\n\n\n<li><em>T\u00fcrevler<\/em><\/li>\n\n\n\n<li><em>Alternatif Yat\u0131r\u0131mlar<\/em><\/li>\n\n\n\n<li><em>Portf\u00f6y Y\u00f6netimi ve Etik ve Mesleki Standartlar<\/em>. <\/li>\n<\/ul>\n\n\n\n<p>\u00d6deme yapt\u0131ktan sonra videoyu ve \u00e7al\u0131\u015fma kitab\u0131n\u0131 hemen indirebilirsiniz.<\/p>","protected":false},"excerpt":{"rendered":"<p>For sale is the 2025 CFA Schweser Video Lectures Level 2 with Workbook Includes the following topics: After checkout you can download the video and workbook immediately.<\/p>","protected":false},"featured_media":11179,"comment_status":"closed","ping_status":"closed","template":"","meta":[],"product_brand":[],"product_cat":[269,266],"product_tag":[261,93,88,90,178,293,91,92,302,303,163,175,271,270],"class_list":{"0":"post-11178","1":"product","2":"type-product","3":"status-publish","4":"has-post-thumbnail","6":"product_cat-cfa-video-lectures","7":"product_cat-cfa-level-2","8":"product_tag-cfa-2025","9":"product_tag-cfa-books","10":"product_tag-cfa-ebooks","11":"product_tag-cfa-exam","12":"product_tag-cfa-level-2","13":"product_tag-cfa-level-2-2025","14":"product_tag-cfa-prep","15":"product_tag-cfa-test","16":"product_tag-cfa-video-lectures","17":"product_tag-cfa-video-lessons","18":"product_tag-schweser-qbank","19":"product_tag-video","20":"product_tag-video-lectures","21":"product_tag-video-lessons","23":"first","24":"instock","25":"downloadable","26":"virtual","27":"sold-individually","28":"purchasable","29":"product-type-simple"},"_links":{"self":[{"href":"https:\/\/www.cfaebooks.com\/tr\/wp-json\/wp\/v2\/product\/11178","targetHints":{"allow":["GET"]}}],"collection":[{"href":"https:\/\/www.cfaebooks.com\/tr\/wp-json\/wp\/v2\/product"}],"about":[{"href":"https:\/\/www.cfaebooks.com\/tr\/wp-json\/wp\/v2\/types\/product"}],"replies":[{"embeddable":true,"href":"https:\/\/www.cfaebooks.com\/tr\/wp-json\/wp\/v2\/comments?post=11178"}],"wp:featuredmedia":[{"embeddable":true,"href":"https:\/\/www.cfaebooks.com\/tr\/wp-json\/wp\/v2\/media\/11179"}],"wp:attachment":[{"href":"https:\/\/www.cfaebooks.com\/tr\/wp-json\/wp\/v2\/media?parent=11178"}],"wp:term":[{"taxonomy":"product_brand","embeddable":true,"href":"https:\/\/www.cfaebooks.com\/tr\/wp-json\/wp\/v2\/product_brand?post=11178"},{"taxonomy":"product_cat","embeddable":true,"href":"https:\/\/www.cfaebooks.com\/tr\/wp-json\/wp\/v2\/product_cat?post=11178"},{"taxonomy":"product_tag","embeddable":true,"href":"https:\/\/www.cfaebooks.com\/tr\/wp-json\/wp\/v2\/product_tag?post=11178"}],"curies":[{"name":"wp","href":"https:\/\/api.w.org\/{rel}","templated":true}]}}