{"id":11150,"date":"2024-11-05T04:28:48","date_gmt":"2024-11-05T04:28:48","guid":{"rendered":"https:\/\/www.cfaebooks.com\/?post_type=product&#038;p=11150"},"modified":"2026-04-03T08:01:11","modified_gmt":"2026-04-03T08:01:11","slug":"2025-cfa-soru-bankasi-seviye-2","status":"publish","type":"product","link":"https:\/\/www.cfaebooks.com\/tr\/products\/2025-cfa-soru-bankasi-seviye-2\/","title":{"rendered":"2025 CFA Soru Bankas\u0131 Seviye 2"},"content":{"rendered":"<p>Sat\u0131l\u0131k bir e-Kitap 2025 CFA Schweser Soru Bankas\u0131 Seviye 2 PDF.<\/p>\n\n\n\n<ul class=\"wp-block-list\">\n<li>1000'den fazla soru ve cevap.<\/li>\n\n\n\n<li>Her soru i\u00e7in sorular ve cevaplar i\u00e7erir.<\/li>\n\n\n\n<li>T\u00fcm m\u00fcfredat\u0131 kapsar - Her konu i\u00e7in ayr\u0131 testler. <\/li>\n\n\n\n<li>A\u015fa\u011f\u0131daki konular\u0131 i\u00e7erir: \n<ol class=\"wp-block-list\">\n<li><em>Nicel Y\u00f6ntemler<\/em><\/li>\n\n\n\n<li><em>Ekonomi<\/em><\/li>\n\n\n\n<li><em>Mali Tablo Analizi<\/em><\/li>\n\n\n\n<li><em>Kurumsal \u0130hra\u00e7\u00e7\u0131lar<\/em><\/li>\n\n\n\n<li><em>\u00d6zkaynak De\u011ferlemesi<\/em><\/li>\n\n\n\n<li><em>Sabit Gelir<\/em><\/li>\n\n\n\n<li><em>T\u00fcrevler<\/em><\/li>\n\n\n\n<li><em>Alternatif Yat\u0131r\u0131mlar<\/em><\/li>\n\n\n\n<li><em>Portf\u00f6y Y\u00f6netimi<\/em><\/li>\n\n\n\n<li>Etik ve Mesleki Standartlar<\/li>\n<\/ol>\n<\/li>\n<\/ul>\n\n\n\n<ul class=\"wp-block-list\">\n<li>Bu fiziksel bir kitap de\u011fil, PDF dijital kopyas\u0131d\u0131r. Fiziksel bir bas\u0131l\u0131 kopya istiyorsan\u0131z l\u00fctfen sat\u0131n almay\u0131n<\/li>\n\n\n\n<li>\u00d6deme yapt\u0131ktan sonra e-Kitab\u0131 an\u0131nda indirebilirsiniz.<\/li>\n<\/ul>","protected":false},"excerpt":{"rendered":"<p>Sat\u0131l\u0131k bir e-Kitap 2025 CFA Schweser Soru Bankas\u0131 Seviye 2 PDF.<\/p>","protected":false},"featured_media":11151,"comment_status":"closed","ping_status":"closed","template":"","meta":[],"product_brand":[],"product_cat":[266],"product_tag":[261,93,90,178,293,91,158,162,161,163],"class_list":{"0":"post-11150","1":"product","2":"type-product","3":"status-publish","4":"has-post-thumbnail","6":"product_cat-cfa-level-2","7":"product_tag-cfa-2025","8":"product_tag-cfa-books","9":"product_tag-cfa-exam","10":"product_tag-cfa-level-2","11":"product_tag-cfa-level-2-2025","12":"product_tag-cfa-prep","13":"product_tag-kaplan-schweser","14":"product_tag-qbank","15":"product_tag-question-bank","16":"product_tag-schweser-qbank","18":"first","19":"instock","20":"downloadable","21":"virtual","22":"sold-individually","23":"purchasable","24":"product-type-simple"},"_links":{"self":[{"href":"https:\/\/www.cfaebooks.com\/tr\/wp-json\/wp\/v2\/product\/11150","targetHints":{"allow":["GET"]}}],"collection":[{"href":"https:\/\/www.cfaebooks.com\/tr\/wp-json\/wp\/v2\/product"}],"about":[{"href":"https:\/\/www.cfaebooks.com\/tr\/wp-json\/wp\/v2\/types\/product"}],"replies":[{"embeddable":true,"href":"https:\/\/www.cfaebooks.com\/tr\/wp-json\/wp\/v2\/comments?post=11150"}],"wp:featuredmedia":[{"embeddable":true,"href":"https:\/\/www.cfaebooks.com\/tr\/wp-json\/wp\/v2\/media\/11151"}],"wp:attachment":[{"href":"https:\/\/www.cfaebooks.com\/tr\/wp-json\/wp\/v2\/media?parent=11150"}],"wp:term":[{"taxonomy":"product_brand","embeddable":true,"href":"https:\/\/www.cfaebooks.com\/tr\/wp-json\/wp\/v2\/product_brand?post=11150"},{"taxonomy":"product_cat","embeddable":true,"href":"https:\/\/www.cfaebooks.com\/tr\/wp-json\/wp\/v2\/product_cat?post=11150"},{"taxonomy":"product_tag","embeddable":true,"href":"https:\/\/www.cfaebooks.com\/tr\/wp-json\/wp\/v2\/product_tag?post=11150"}],"curies":[{"name":"wp","href":"https:\/\/api.w.org\/{rel}","templated":true}]}}