{"id":11047,"date":"2024-10-30T14:45:56","date_gmt":"2024-10-30T14:45:56","guid":{"rendered":"https:\/\/www.cfaebooks.com\/?post_type=product&#038;p=11047"},"modified":"2026-04-03T08:00:56","modified_gmt":"2026-04-03T08:00:56","slug":"2025-cfa-soru-bankasi-seviye-3-portfoy-yonetimi-yolu","status":"publish","type":"product","link":"https:\/\/www.cfaebooks.com\/tr\/products\/2025-cfa-soru-bankasi-seviye-3-portfoy-yonetimi-yolu\/","title":{"rendered":"2025 CFA Soru Bankas\u0131 Seviye 3 Portf\u00f6y Y\u00f6netimi Yolu"},"content":{"rendered":"<p>Sat\u0131l\u0131k bir e-Kitap 2025 CFA Seviye 3 Schweser Soru Bankas\u0131 Portf\u00f6y Y\u00f6netimi Yolu PDF.<\/p>\n\n\n\n<p>A\u015fa\u011f\u0131daki konular\u0131 i\u00e7erir: <\/p>\n\n\n\n<ul class=\"wp-block-list\">\n<li><em>Varl\u0131k Tahsisi<\/em><\/li>\n\n\n\n<li><em>Portf\u00f6y Olu\u015fturma<\/em><\/li>\n\n\n\n<li><em>Performans \u00d6l\u00e7\u00fcm\u00fc<\/em><\/li>\n\n\n\n<li><em>T\u00fcrev \u00dcr\u00fcnler ve Risk Y\u00f6netimi<\/em><\/li>\n\n\n\n<li><em>Etik ve Mesleki Standartlar ve Portf\u00f6y Y\u00f6netimi yolu<\/em>.<\/li>\n<\/ul>\n\n\n\n<p>\u00d6deme yapt\u0131ktan sonra e-Kitab\u0131 hemen indirebilirsiniz. Bu fiziksel bir kitap de\u011fil, PDF dijital kopyas\u0131d\u0131r. Fiziksel bir bas\u0131l\u0131 kopya istiyorsan\u0131z l\u00fctfen sat\u0131n almay\u0131n.<\/p>","protected":false},"excerpt":{"rendered":"<p>For sale is an e-Book 2025 CFA Level 3 Schweser Question Bank Portfolio Management Pathway PDF. Includes the following topics: After checkout you can download the e-Book immediately. This is not a physical book it is a&nbsp;PDF&nbsp;digital copy. Please do not purchase if you want a physical hard copy.<\/p>","protected":false},"featured_media":11048,"comment_status":"closed","ping_status":"closed","template":"","meta":[],"product_brand":[],"product_cat":[265],"product_tag":[261,93,88,90,174,180,267,308,91,166,92,162,161,163],"class_list":{"0":"post-11047","1":"product","2":"type-product","3":"status-publish","4":"has-post-thumbnail","6":"product_cat-cfa-level-3","7":"product_tag-cfa-2025","8":"product_tag-cfa-books","9":"product_tag-cfa-ebooks","10":"product_tag-cfa-exam","11":"product_tag-cfa-institute","12":"product_tag-cfa-level-3","13":"product_tag-cfa-level-3-2025","14":"product_tag-cfa-level-3-portfolio-management-pathway","15":"product_tag-cfa-prep","16":"product_tag-cfa-question-bank","17":"product_tag-cfa-test","18":"product_tag-qbank","19":"product_tag-question-bank","20":"product_tag-schweser-qbank","22":"first","23":"instock","24":"downloadable","25":"virtual","26":"sold-individually","27":"purchasable","28":"product-type-simple"},"_links":{"self":[{"href":"https:\/\/www.cfaebooks.com\/tr\/wp-json\/wp\/v2\/product\/11047","targetHints":{"allow":["GET"]}}],"collection":[{"href":"https:\/\/www.cfaebooks.com\/tr\/wp-json\/wp\/v2\/product"}],"about":[{"href":"https:\/\/www.cfaebooks.com\/tr\/wp-json\/wp\/v2\/types\/product"}],"replies":[{"embeddable":true,"href":"https:\/\/www.cfaebooks.com\/tr\/wp-json\/wp\/v2\/comments?post=11047"}],"wp:featuredmedia":[{"embeddable":true,"href":"https:\/\/www.cfaebooks.com\/tr\/wp-json\/wp\/v2\/media\/11048"}],"wp:attachment":[{"href":"https:\/\/www.cfaebooks.com\/tr\/wp-json\/wp\/v2\/media?parent=11047"}],"wp:term":[{"taxonomy":"product_brand","embeddable":true,"href":"https:\/\/www.cfaebooks.com\/tr\/wp-json\/wp\/v2\/product_brand?post=11047"},{"taxonomy":"product_cat","embeddable":true,"href":"https:\/\/www.cfaebooks.com\/tr\/wp-json\/wp\/v2\/product_cat?post=11047"},{"taxonomy":"product_tag","embeddable":true,"href":"https:\/\/www.cfaebooks.com\/tr\/wp-json\/wp\/v2\/product_tag?post=11047"}],"curies":[{"name":"wp","href":"https:\/\/api.w.org\/{rel}","templated":true}]}}