{"id":10445,"date":"2025-10-08T00:22:52","date_gmt":"2025-10-08T00:22:52","guid":{"rendered":"https:\/\/www.cfaebooks.com\/?post_type=product&#038;p=10445"},"modified":"2026-04-03T07:59:57","modified_gmt":"2026-04-03T07:59:57","slug":"cfa-sevi%cc%87ye-3-paketi%cc%87-2","status":"publish","type":"product","link":"https:\/\/www.cfaebooks.com\/tr\/products\/cfa-sevi%cc%87ye-3-paketi%cc%87-2\/","title":{"rendered":"2026 CFA Level 3 Bundle"},"content":{"rendered":"<p><strong>2026 CFA Level 3 Bundle<\/strong> teklif size izin verir <strong>herhangi 4 CFA \u00e7al\u0131\u015fma materyali se\u00e7in<\/strong> - Notlar, soru bankalar\u0131, deneme s\u0131navlar\u0131 ve video dersler dahil.<\/p>\n\n\n\n<p><strong>\u0130\u00e7indekiler:<\/strong><\/p>\n\n\n\n<ul class=\"wp-block-list\">\n<li>Se\u00e7in <strong>herhangi 4 \u00e7al\u0131\u015fma materyali<\/strong> gelen <strong>CFA Seviye 3<\/strong><\/li>\n\n\n\n<li>\u00d6deme yapt\u0131ktan sonra an\u0131nda indirin<\/li>\n\n\n\n<li>T\u00fcm \u00fcr\u00fcnler i\u00e7in kapsaml\u0131 kapsam <strong>CFA Seviye 3 konular\u0131<\/strong><\/li>\n\n\n\n<li>Metin, bilgisayar klavyenizdeki 'ctrl+f' bulma \u00f6zelli\u011fi kullan\u0131larak ve ak\u0131ll\u0131 telefonunuzda\/tabletinizde arama yap\u0131larak aranabilir<\/li>\n\n\n\n<li>MP4 format\u0131nda video dersleri<\/li>\n<\/ul>\n\n\n\n<p><strong>Neden bu paketi se\u00e7melisiniz?<\/strong><\/p>\n\n\n\n<ul class=\"wp-block-list\">\n<li>Kendi \u00f6\u011frenme setinizi \u00f6zelle\u015ftirin<\/li>\n\n\n\n<li>Bireysel al\u0131mlara k\u0131yasla daha fazla tasarruf edin<\/li>\n\n\n\n<li>En g\u00fcncel CFA Seviye 3 \u00e7al\u0131\u015fma materyallerini edinin<\/li>\n<\/ul>","protected":false},"excerpt":{"rendered":"<p>2026 CFA Level 3 Bundle offer lets you choose any 4 CFA study materials \u2014 including notes, question banks, mock exams and video lessons. What\u2019s included: Why choose this bundle:<\/p>","protected":false},"featured_media":17119,"comment_status":"closed","ping_status":"closed","template":"","meta":[],"product_brand":[],"product_cat":[273],"product_tag":[93,88,90,180,91,92],"class_list":{"0":"post-10445","1":"product","2":"type-product","3":"status-publish","4":"has-post-thumbnail","6":"product_cat-cfa-bundles","7":"product_tag-cfa-books","8":"product_tag-cfa-ebooks","9":"product_tag-cfa-exam","10":"product_tag-cfa-level-3","11":"product_tag-cfa-prep","12":"product_tag-cfa-test","14":"first","15":"instock","16":"downloadable","17":"virtual","18":"sold-individually","19":"purchasable","20":"product-type-bopobb"},"_links":{"self":[{"href":"https:\/\/www.cfaebooks.com\/tr\/wp-json\/wp\/v2\/product\/10445","targetHints":{"allow":["GET"]}}],"collection":[{"href":"https:\/\/www.cfaebooks.com\/tr\/wp-json\/wp\/v2\/product"}],"about":[{"href":"https:\/\/www.cfaebooks.com\/tr\/wp-json\/wp\/v2\/types\/product"}],"replies":[{"embeddable":true,"href":"https:\/\/www.cfaebooks.com\/tr\/wp-json\/wp\/v2\/comments?post=10445"}],"wp:featuredmedia":[{"embeddable":true,"href":"https:\/\/www.cfaebooks.com\/tr\/wp-json\/wp\/v2\/media\/17119"}],"wp:attachment":[{"href":"https:\/\/www.cfaebooks.com\/tr\/wp-json\/wp\/v2\/media?parent=10445"}],"wp:term":[{"taxonomy":"product_brand","embeddable":true,"href":"https:\/\/www.cfaebooks.com\/tr\/wp-json\/wp\/v2\/product_brand?post=10445"},{"taxonomy":"product_cat","embeddable":true,"href":"https:\/\/www.cfaebooks.com\/tr\/wp-json\/wp\/v2\/product_cat?post=10445"},{"taxonomy":"product_tag","embeddable":true,"href":"https:\/\/www.cfaebooks.com\/tr\/wp-json\/wp\/v2\/product_tag?post=10445"}],"curies":[{"name":"wp","href":"https:\/\/api.w.org\/{rel}","templated":true}]}}