{"id":10409,"date":"2024-09-12T06:08:14","date_gmt":"2024-09-12T06:08:14","guid":{"rendered":"https:\/\/www.cfaebooks.com\/?post_type=product&#038;p=10409"},"modified":"2026-04-03T07:59:50","modified_gmt":"2026-04-03T07:59:50","slug":"2025-cfa-programi-mufredati-sevi%cc%87ye-iii-ozel-pi%cc%87yasalar-yolu-kutu-seti%cc%87-2","status":"publish","type":"product","link":"https:\/\/www.cfaebooks.com\/tr\/products\/2025-cfa-programi-mufredati-sevi%cc%87ye-iii-ozel-pi%cc%87yasalar-yolu-kutu-seti%cc%87-2\/","title":{"rendered":"2025 CFA Program\u0131 M\u00fcfredat\u0131 Seviye III \u00d6zel Piyasalar Yolu Kutu Seti"},"content":{"rendered":"<p>Sat\u0131l\u0131k bir e-Kitap 2025 CFA Program\u0131 M\u00fcfredat\u0131 Seviye III \u00d6zel Piyasalar Yolu Kutu Seti PDF. <\/p>\n\n\n\n<p>A\u015fa\u011f\u0131daki konular\u0131 i\u00e7erir: <\/p>\n\n\n\n<ul class=\"wp-block-list\">\n<li><em>\u00d6zel Piyasalar Yolu<\/em><\/li>\n\n\n\n<li><em>Cilt 1: Varl\u0131k Tahsisi<\/em><\/li>\n\n\n\n<li><em>Cilt 2: Portf\u00f6y Olu\u015fturma<\/em><\/li>\n\n\n\n<li><em>Cilt 3: Performans \u00d6l\u00e7\u00fcm\u00fc<\/em><\/li>\n\n\n\n<li><em>Cilt 4: T\u00fcrev \u00dcr\u00fcnler ve Risk Y\u00f6netimi<\/em><\/li>\n\n\n\n<li><em>Cilt 5: Etik ve Mesleki Standartlar<\/em>.<\/li>\n<\/ul>\n\n\n\n<p>\u00d6deme yapt\u0131ktan sonra e-Kitab\u0131 hemen indirebilirsiniz. Bu fiziksel bir kitap de\u011fil, PDF dijital kopyas\u0131d\u0131r. Fiziksel bir bas\u0131l\u0131 kopya istiyorsan\u0131z l\u00fctfen sat\u0131n almay\u0131n.<\/p>","protected":false},"excerpt":{"rendered":"<p>For sale is an e-Book 2025 CFA Program Curriculum Level III Private Markets Pathway Box Set PDF. Includes the following topics: After checkout you can download the e-Book immediately. This is not a physical book it is a\u00a0PDF\u00a0digital copy. Please do not purchase if you want a physical hard copy.<\/p>","protected":false},"featured_media":10411,"comment_status":"closed","ping_status":"closed","template":"","meta":[],"product_brand":[],"product_cat":[265],"product_tag":[261,93,88,90,174,180,267,307,91,89,92,168],"class_list":{"0":"post-10409","1":"product","2":"type-product","3":"status-publish","4":"has-post-thumbnail","6":"product_cat-cfa-level-3","7":"product_tag-cfa-2025","8":"product_tag-cfa-books","9":"product_tag-cfa-ebooks","10":"product_tag-cfa-exam","11":"product_tag-cfa-institute","12":"product_tag-cfa-level-3","13":"product_tag-cfa-level-3-2025","14":"product_tag-cfa-level-3-private-markets-pathway","15":"product_tag-cfa-prep","16":"product_tag-cfa-program-curriculum","17":"product_tag-cfa-test","18":"product_tag-study-notes","20":"first","21":"instock","22":"downloadable","23":"virtual","24":"sold-individually","25":"purchasable","26":"product-type-simple"},"_links":{"self":[{"href":"https:\/\/www.cfaebooks.com\/tr\/wp-json\/wp\/v2\/product\/10409","targetHints":{"allow":["GET"]}}],"collection":[{"href":"https:\/\/www.cfaebooks.com\/tr\/wp-json\/wp\/v2\/product"}],"about":[{"href":"https:\/\/www.cfaebooks.com\/tr\/wp-json\/wp\/v2\/types\/product"}],"replies":[{"embeddable":true,"href":"https:\/\/www.cfaebooks.com\/tr\/wp-json\/wp\/v2\/comments?post=10409"}],"wp:featuredmedia":[{"embeddable":true,"href":"https:\/\/www.cfaebooks.com\/tr\/wp-json\/wp\/v2\/media\/10411"}],"wp:attachment":[{"href":"https:\/\/www.cfaebooks.com\/tr\/wp-json\/wp\/v2\/media?parent=10409"}],"wp:term":[{"taxonomy":"product_brand","embeddable":true,"href":"https:\/\/www.cfaebooks.com\/tr\/wp-json\/wp\/v2\/product_brand?post=10409"},{"taxonomy":"product_cat","embeddable":true,"href":"https:\/\/www.cfaebooks.com\/tr\/wp-json\/wp\/v2\/product_cat?post=10409"},{"taxonomy":"product_tag","embeddable":true,"href":"https:\/\/www.cfaebooks.com\/tr\/wp-json\/wp\/v2\/product_tag?post=10409"}],"curies":[{"name":"wp","href":"https:\/\/api.w.org\/{rel}","templated":true}]}}