{"id":10404,"date":"2024-09-12T00:13:49","date_gmt":"2024-09-12T00:13:49","guid":{"rendered":"https:\/\/www.cfaebooks.com\/?post_type=product&#038;p=10404"},"modified":"2026-04-03T07:59:48","modified_gmt":"2026-04-03T07:59:48","slug":"2024-cfa-seviye-1-ift-video-dersleri","status":"publish","type":"product","link":"https:\/\/www.cfaebooks.com\/tr\/products\/2024-cfa-seviye-1-ift-video-dersleri\/","title":{"rendered":"2024 CFA Seviye 1 IFT Video Dersleri"},"content":{"rendered":"<p>Sat\u0131l\u0131k 2024 CFA Seviye 1 IFT Video Dersleri. <\/p>\n\n\n\n<ul class=\"wp-block-list\">\n<li>Bu Video Dersler m\u00fcfredatla uyumludur ve kavramlar\u0131 kolayca anla\u015f\u0131labilir bir \u015fekilde sunar.<\/li>\n\n\n\n<li>\u00d6rnek videolar da i\u00e7ermektedir. <\/li>\n\n\n\n<li>\u00d6deme yapt\u0131ktan sonra videoyu hemen indirebilirsiniz.<\/li>\n<\/ul>","protected":false},"excerpt":{"rendered":"<p>Sat\u0131l\u0131k 2024 CFA Seviye 1 IFT Video Dersleri.<\/p>","protected":false},"featured_media":10405,"comment_status":"closed","ping_status":"closed","template":"","meta":[],"product_brand":[],"product_cat":[260],"product_tag":[93,88,90,87,91,92,167,241,175],"class_list":{"0":"post-10404","1":"product","2":"type-product","3":"status-publish","4":"has-post-thumbnail","6":"product_cat-cfa-level-1","7":"product_tag-cfa-books","8":"product_tag-cfa-ebooks","9":"product_tag-cfa-exam","10":"product_tag-cfa-level-i","11":"product_tag-cfa-prep","12":"product_tag-cfa-test","13":"product_tag-ift","14":"product_tag-level-1","15":"product_tag-video","17":"first","18":"instock","19":"downloadable","20":"virtual","21":"sold-individually","22":"purchasable","23":"product-type-simple"},"_links":{"self":[{"href":"https:\/\/www.cfaebooks.com\/tr\/wp-json\/wp\/v2\/product\/10404","targetHints":{"allow":["GET"]}}],"collection":[{"href":"https:\/\/www.cfaebooks.com\/tr\/wp-json\/wp\/v2\/product"}],"about":[{"href":"https:\/\/www.cfaebooks.com\/tr\/wp-json\/wp\/v2\/types\/product"}],"replies":[{"embeddable":true,"href":"https:\/\/www.cfaebooks.com\/tr\/wp-json\/wp\/v2\/comments?post=10404"}],"wp:featuredmedia":[{"embeddable":true,"href":"https:\/\/www.cfaebooks.com\/tr\/wp-json\/wp\/v2\/media\/10405"}],"wp:attachment":[{"href":"https:\/\/www.cfaebooks.com\/tr\/wp-json\/wp\/v2\/media?parent=10404"}],"wp:term":[{"taxonomy":"product_brand","embeddable":true,"href":"https:\/\/www.cfaebooks.com\/tr\/wp-json\/wp\/v2\/product_brand?post=10404"},{"taxonomy":"product_cat","embeddable":true,"href":"https:\/\/www.cfaebooks.com\/tr\/wp-json\/wp\/v2\/product_cat?post=10404"},{"taxonomy":"product_tag","embeddable":true,"href":"https:\/\/www.cfaebooks.com\/tr\/wp-json\/wp\/v2\/product_tag?post=10404"}],"curies":[{"name":"wp","href":"https:\/\/api.w.org\/{rel}","templated":true}]}}