{"id":10395,"date":"2024-09-11T00:14:17","date_gmt":"2024-09-11T00:14:17","guid":{"rendered":"https:\/\/www.cfaebooks.com\/?post_type=product&#038;p=10395"},"modified":"2026-04-03T07:59:46","modified_gmt":"2026-04-03T07:59:46","slug":"2025-cfa-level-1-analystprep-video-study-notes-qbank-and-formula-sheet","status":"publish","type":"product","link":"https:\/\/www.cfaebooks.com\/tr\/products\/2025-cfa-level-1-analystprep-video-study-notes-qbank-and-formula-sheet\/","title":{"rendered":"2025 CFA Level 1 AnalystPrep Video, \u00c7al\u0131\u015fma Notlar\u0131, QBank ve Form\u00fcl Sayfas\u0131"},"content":{"rendered":"<p>Sat\u0131l\u0131k 2025 CFA Level 1 AnalystPrep Video, \u00c7al\u0131\u015fma Notlar\u0131, Soru Bankas\u0131 ve Form\u00fcl Sayfas\u0131.<\/p>\n\n\n\n<p>A\u015fa\u011f\u0131daki konular\u0131 i\u00e7erir:&nbsp;<\/p>\n\n\n\n<ul class=\"wp-block-list\">\n<li><strong>Nicel Y\u00f6ntemler<\/strong><\/li>\n\n\n\n<li><strong>Ekonomi<\/strong><\/li>\n\n\n\n<li><strong>Corporate_Issuers<\/strong><\/li>\n\n\n\n<li><strong>Mali Tablolar Analizi<\/strong><\/li>\n\n\n\n<li><strong>E\u015fitlik<\/strong><\/li>\n\n\n\n<li><strong>Sabit Gelir<\/strong><\/li>\n\n\n\n<li><strong>T\u00fcrevler<\/strong><\/li>\n\n\n\n<li><strong>Alternatif Yat\u0131r\u0131mlar<\/strong><\/li>\n\n\n\n<li><strong>Portf\u00f6y Y\u00f6netimi ve Etik<\/strong>.<\/li>\n<\/ul>\n\n\n\n<p>\u00d6deme yapt\u0131ktan sonra e-Kitab\u0131 ve videoyu hemen indirebilirsiniz. Bu fiziksel bir kitap de\u011fil, PDF dijital kopyas\u0131d\u0131r. Fiziksel bir bas\u0131l\u0131 kopya istiyorsan\u0131z l\u00fctfen sat\u0131n almay\u0131n.<\/p>","protected":false},"excerpt":{"rendered":"<p>For sale is the 2025 CFA Level 1 AnalystPrep Video, Study Notes, Question Bank and Formula Sheet. Includes the following topics:&nbsp; After checkout you can download the e-Book and video immediately. This is not a physical book it is a&nbsp;PDF&nbsp;digital copy. Please do not purchase if you want a physical hard copy.<\/p>","protected":false},"featured_media":10396,"comment_status":"closed","ping_status":"closed","template":"","meta":[],"product_brand":[],"product_cat":[260],"product_tag":[203,261,93,88,90,268,87,91,92,162,161,168,271],"class_list":{"0":"post-10395","1":"product","2":"type-product","3":"status-publish","4":"has-post-thumbnail","6":"product_cat-cfa-level-1","7":"product_tag-analystprep","8":"product_tag-cfa-2025","9":"product_tag-cfa-books","10":"product_tag-cfa-ebooks","11":"product_tag-cfa-exam","12":"product_tag-cfa-level-1-2025","13":"product_tag-cfa-level-i","14":"product_tag-cfa-prep","15":"product_tag-cfa-test","16":"product_tag-qbank","17":"product_tag-question-bank","18":"product_tag-study-notes","19":"product_tag-video-lectures","21":"first","22":"instock","23":"downloadable","24":"virtual","25":"sold-individually","26":"purchasable","27":"product-type-simple"},"_links":{"self":[{"href":"https:\/\/www.cfaebooks.com\/tr\/wp-json\/wp\/v2\/product\/10395","targetHints":{"allow":["GET"]}}],"collection":[{"href":"https:\/\/www.cfaebooks.com\/tr\/wp-json\/wp\/v2\/product"}],"about":[{"href":"https:\/\/www.cfaebooks.com\/tr\/wp-json\/wp\/v2\/types\/product"}],"replies":[{"embeddable":true,"href":"https:\/\/www.cfaebooks.com\/tr\/wp-json\/wp\/v2\/comments?post=10395"}],"wp:featuredmedia":[{"embeddable":true,"href":"https:\/\/www.cfaebooks.com\/tr\/wp-json\/wp\/v2\/media\/10396"}],"wp:attachment":[{"href":"https:\/\/www.cfaebooks.com\/tr\/wp-json\/wp\/v2\/media?parent=10395"}],"wp:term":[{"taxonomy":"product_brand","embeddable":true,"href":"https:\/\/www.cfaebooks.com\/tr\/wp-json\/wp\/v2\/product_brand?post=10395"},{"taxonomy":"product_cat","embeddable":true,"href":"https:\/\/www.cfaebooks.com\/tr\/wp-json\/wp\/v2\/product_cat?post=10395"},{"taxonomy":"product_tag","embeddable":true,"href":"https:\/\/www.cfaebooks.com\/tr\/wp-json\/wp\/v2\/product_tag?post=10395"}],"curies":[{"name":"wp","href":"https:\/\/api.w.org\/{rel}","templated":true}]}}