{"id":10364,"date":"2024-09-09T06:06:04","date_gmt":"2024-09-09T06:06:04","guid":{"rendered":"https:\/\/www.cfaebooks.com\/?post_type=product&#038;p=10364"},"modified":"2026-04-03T07:59:37","modified_gmt":"2026-04-03T07:59:37","slug":"2025-cfa-anali%cc%87stprep-soru-bankasi-sevi%cc%87ye-1","status":"publish","type":"product","link":"https:\/\/www.cfaebooks.com\/tr\/products\/2025-cfa-anali%cc%87stprep-soru-bankasi-sevi%cc%87ye-1\/","title":{"rendered":"2025 CFA AnalystPrep Soru Bankas\u0131 Seviye 1"},"content":{"rendered":"<p>Sat\u0131l\u0131k bir e-Kitap CFA 2025 Seviye 1 Analist Haz\u0131rl\u0131k Soru Bankas\u0131 PDF. Sorular ve cevaplar dahil.<\/p>\n\n\n\n<ul class=\"wp-block-list\">\n<li>\u00d6deme yapt\u0131ktan sonra e-Kitab\u0131 hemen indirebilirsiniz. <\/li>\n\n\n\n<li>Bu fiziksel bir kitap de\u011fil, PDF dijital kopyas\u0131d\u0131r. Fiziksel bir bas\u0131l\u0131 kopya istiyorsan\u0131z l\u00fctfen sat\u0131n almay\u0131n.<\/li>\n<\/ul>","protected":false},"excerpt":{"rendered":"<p>Sat\u0131l\u0131k bir e-Kitap CFA 2025 Seviye 1 Analist Haz\u0131rl\u0131k Soru Bankas\u0131 PDF. Sorular ve cevaplar dahil.<\/p>","protected":false},"featured_media":10365,"comment_status":"closed","ping_status":"closed","template":"","meta":[],"product_brand":[],"product_cat":[260],"product_tag":[203,261,93,88,90,268,87,91,92,162,161],"class_list":{"0":"post-10364","1":"product","2":"type-product","3":"status-publish","4":"has-post-thumbnail","6":"product_cat-cfa-level-1","7":"product_tag-analystprep","8":"product_tag-cfa-2025","9":"product_tag-cfa-books","10":"product_tag-cfa-ebooks","11":"product_tag-cfa-exam","12":"product_tag-cfa-level-1-2025","13":"product_tag-cfa-level-i","14":"product_tag-cfa-prep","15":"product_tag-cfa-test","16":"product_tag-qbank","17":"product_tag-question-bank","19":"first","20":"instock","21":"downloadable","22":"virtual","23":"sold-individually","24":"purchasable","25":"product-type-simple"},"_links":{"self":[{"href":"https:\/\/www.cfaebooks.com\/tr\/wp-json\/wp\/v2\/product\/10364","targetHints":{"allow":["GET"]}}],"collection":[{"href":"https:\/\/www.cfaebooks.com\/tr\/wp-json\/wp\/v2\/product"}],"about":[{"href":"https:\/\/www.cfaebooks.com\/tr\/wp-json\/wp\/v2\/types\/product"}],"replies":[{"embeddable":true,"href":"https:\/\/www.cfaebooks.com\/tr\/wp-json\/wp\/v2\/comments?post=10364"}],"wp:featuredmedia":[{"embeddable":true,"href":"https:\/\/www.cfaebooks.com\/tr\/wp-json\/wp\/v2\/media\/10365"}],"wp:attachment":[{"href":"https:\/\/www.cfaebooks.com\/tr\/wp-json\/wp\/v2\/media?parent=10364"}],"wp:term":[{"taxonomy":"product_brand","embeddable":true,"href":"https:\/\/www.cfaebooks.com\/tr\/wp-json\/wp\/v2\/product_brand?post=10364"},{"taxonomy":"product_cat","embeddable":true,"href":"https:\/\/www.cfaebooks.com\/tr\/wp-json\/wp\/v2\/product_cat?post=10364"},{"taxonomy":"product_tag","embeddable":true,"href":"https:\/\/www.cfaebooks.com\/tr\/wp-json\/wp\/v2\/product_tag?post=10364"}],"curies":[{"name":"wp","href":"https:\/\/api.w.org\/{rel}","templated":true}]}}