{"id":10356,"date":"2024-09-09T05:44:38","date_gmt":"2024-09-09T05:44:38","guid":{"rendered":"https:\/\/www.cfaebooks.com\/?post_type=product&#038;p=10356"},"modified":"2026-04-03T07:59:35","modified_gmt":"2026-04-03T07:59:35","slug":"2025-cfa-analystprep-study-notes-level-1-and-formula-sheet","status":"publish","type":"product","link":"https:\/\/www.cfaebooks.com\/tr\/products\/2025-cfa-analystprep-study-notes-level-1-and-formula-sheet\/","title":{"rendered":"2025 CFA AnalystPrep \u00c7al\u0131\u015fma Notlar\u0131 Seviye 1 ve Form\u00fcl Sayfas\u0131"},"content":{"rendered":"<p>Sat\u0131l\u0131k bir e-Kitap 2025 CFA Seviye 1 AnalystPrep \u00c7al\u0131\u015fma Notlar\u0131 ve Form\u00fcl Sayfas\u0131 PDF.<\/p>\n\n\n\n<p>A\u015fa\u011f\u0131daki konular\u0131 i\u00e7erir: <\/p>\n\n\n\n<ul class=\"wp-block-list\">\n<li><strong>Nicel Y\u00f6ntemler<\/strong><\/li>\n\n\n\n<li><strong>Ekonomi<\/strong><\/li>\n\n\n\n<li><strong>Kurumsal \u0130hra\u00e7\u00e7\u0131lar<\/strong><\/li>\n\n\n\n<li><strong>Mali Tablolar Analizi<\/strong><\/li>\n\n\n\n<li><strong>E\u015fitlik<\/strong><\/li>\n\n\n\n<li><strong>Sabit Gelir<\/strong><\/li>\n\n\n\n<li><strong>T\u00fcrevler<\/strong><\/li>\n\n\n\n<li><strong>Alternatif Yat\u0131r\u0131mlar<\/strong><\/li>\n\n\n\n<li><strong>Portf\u00f6y Y\u00f6netimi ve Etik<\/strong>.<\/li>\n<\/ul>\n\n\n\n<p>\u00d6deme yapt\u0131ktan sonra e-Kitab\u0131 hemen indirebilirsiniz. Bu fiziksel bir kitap de\u011fil, PDF dijital kopyas\u0131d\u0131r. Fiziksel bir bas\u0131l\u0131 kopya istiyorsan\u0131z l\u00fctfen sat\u0131n almay\u0131n.<\/p>","protected":false},"excerpt":{"rendered":"<p>For sale is an e-Book 2025 CFA Level 1 AnalystPrep Study Notes and Formula Sheet PDF. Includes the following topics: After checkout you can download the e-Book immediately. This is not a physical book it is a&nbsp;PDF&nbsp;digital copy. Please do not purchase if you want a physical hard copy.<\/p>","protected":false},"featured_media":10357,"comment_status":"closed","ping_status":"closed","template":"","meta":[],"product_brand":[],"product_cat":[260],"product_tag":[203,261,93,88,90,268,87,91,92,162,161],"class_list":{"0":"post-10356","1":"product","2":"type-product","3":"status-publish","4":"has-post-thumbnail","6":"product_cat-cfa-level-1","7":"product_tag-analystprep","8":"product_tag-cfa-2025","9":"product_tag-cfa-books","10":"product_tag-cfa-ebooks","11":"product_tag-cfa-exam","12":"product_tag-cfa-level-1-2025","13":"product_tag-cfa-level-i","14":"product_tag-cfa-prep","15":"product_tag-cfa-test","16":"product_tag-qbank","17":"product_tag-question-bank","19":"first","20":"instock","21":"downloadable","22":"virtual","23":"sold-individually","24":"purchasable","25":"product-type-simple"},"_links":{"self":[{"href":"https:\/\/www.cfaebooks.com\/tr\/wp-json\/wp\/v2\/product\/10356","targetHints":{"allow":["GET"]}}],"collection":[{"href":"https:\/\/www.cfaebooks.com\/tr\/wp-json\/wp\/v2\/product"}],"about":[{"href":"https:\/\/www.cfaebooks.com\/tr\/wp-json\/wp\/v2\/types\/product"}],"replies":[{"embeddable":true,"href":"https:\/\/www.cfaebooks.com\/tr\/wp-json\/wp\/v2\/comments?post=10356"}],"wp:featuredmedia":[{"embeddable":true,"href":"https:\/\/www.cfaebooks.com\/tr\/wp-json\/wp\/v2\/media\/10357"}],"wp:attachment":[{"href":"https:\/\/www.cfaebooks.com\/tr\/wp-json\/wp\/v2\/media?parent=10356"}],"wp:term":[{"taxonomy":"product_brand","embeddable":true,"href":"https:\/\/www.cfaebooks.com\/tr\/wp-json\/wp\/v2\/product_brand?post=10356"},{"taxonomy":"product_cat","embeddable":true,"href":"https:\/\/www.cfaebooks.com\/tr\/wp-json\/wp\/v2\/product_cat?post=10356"},{"taxonomy":"product_tag","embeddable":true,"href":"https:\/\/www.cfaebooks.com\/tr\/wp-json\/wp\/v2\/product_tag?post=10356"}],"curies":[{"name":"wp","href":"https:\/\/api.w.org\/{rel}","templated":true}]}}