{"id":10347,"date":"2024-09-09T04:04:04","date_gmt":"2024-09-09T04:04:04","guid":{"rendered":"https:\/\/www.cfaebooks.com\/?post_type=product&#038;p=10347"},"modified":"2026-04-03T07:59:33","modified_gmt":"2026-04-03T07:59:33","slug":"2025-cfa-ift-calisma-notlari-seviye-3-portfoy-yonetimi-yolu-2","status":"publish","type":"product","link":"https:\/\/www.cfaebooks.com\/tr\/products\/2025-cfa-ift-calisma-notlari-seviye-3-portfoy-yonetimi-yolu-2\/","title":{"rendered":"2025 CFA IFT \u00c7al\u0131\u015fma Notlar\u0131 Seviye 3 Portf\u00f6y Y\u00f6netimi Yolu"},"content":{"rendered":"<p>Sat\u0131l\u0131k bir e-Kitap 2025 CFA Seviye 3 IFT \u00c7al\u0131\u015fma Notlar\u0131 Portf\u00f6y Y\u00f6netimi Yolu PDF.<\/p>\n\n\n\n<p>A\u015fa\u011f\u0131daki konular\u0131 i\u00e7erir: <em>Portf\u00f6y Y\u00f6netimi Yolu, Cilt 1, Cilt 2, Cilt 3, Cilt 4 ve Cilt 5.<\/em><\/p>\n\n\n\n<ul class=\"wp-block-list\">\n<li>\u00d6deme yapt\u0131ktan sonra e-Kitab\u0131 hemen indirebilirsiniz.<\/li>\n\n\n\n<li>Bu fiziksel bir kitap de\u011fil, PDF dijital kopyas\u0131d\u0131r. Fiziksel bir bas\u0131l\u0131 kopya istiyorsan\u0131z l\u00fctfen sat\u0131n almay\u0131n<\/li>\n<\/ul>","protected":false},"excerpt":{"rendered":"<p>For sale is an e-Book 2025 CFA Level 3 IFT Study Notes Portfolio Management Pathway PDF. Includes the following topics: Portfolio Management Pathway, Volume 1, Volume 2, Volume 3, Volume 4 and Volume 5.<\/p>","protected":false},"featured_media":10348,"comment_status":"closed","ping_status":"closed","template":"","meta":[],"product_brand":[],"product_cat":[265],"product_tag":[261,93,88,90,180,267,308,91,92,167,168],"class_list":{"0":"post-10347","1":"product","2":"type-product","3":"status-publish","4":"has-post-thumbnail","6":"product_cat-cfa-level-3","7":"product_tag-cfa-2025","8":"product_tag-cfa-books","9":"product_tag-cfa-ebooks","10":"product_tag-cfa-exam","11":"product_tag-cfa-level-3","12":"product_tag-cfa-level-3-2025","13":"product_tag-cfa-level-3-portfolio-management-pathway","14":"product_tag-cfa-prep","15":"product_tag-cfa-test","16":"product_tag-ift","17":"product_tag-study-notes","19":"first","20":"instock","21":"downloadable","22":"virtual","23":"sold-individually","24":"purchasable","25":"product-type-simple"},"_links":{"self":[{"href":"https:\/\/www.cfaebooks.com\/tr\/wp-json\/wp\/v2\/product\/10347","targetHints":{"allow":["GET"]}}],"collection":[{"href":"https:\/\/www.cfaebooks.com\/tr\/wp-json\/wp\/v2\/product"}],"about":[{"href":"https:\/\/www.cfaebooks.com\/tr\/wp-json\/wp\/v2\/types\/product"}],"replies":[{"embeddable":true,"href":"https:\/\/www.cfaebooks.com\/tr\/wp-json\/wp\/v2\/comments?post=10347"}],"wp:featuredmedia":[{"embeddable":true,"href":"https:\/\/www.cfaebooks.com\/tr\/wp-json\/wp\/v2\/media\/10348"}],"wp:attachment":[{"href":"https:\/\/www.cfaebooks.com\/tr\/wp-json\/wp\/v2\/media?parent=10347"}],"wp:term":[{"taxonomy":"product_brand","embeddable":true,"href":"https:\/\/www.cfaebooks.com\/tr\/wp-json\/wp\/v2\/product_brand?post=10347"},{"taxonomy":"product_cat","embeddable":true,"href":"https:\/\/www.cfaebooks.com\/tr\/wp-json\/wp\/v2\/product_cat?post=10347"},{"taxonomy":"product_tag","embeddable":true,"href":"https:\/\/www.cfaebooks.com\/tr\/wp-json\/wp\/v2\/product_tag?post=10347"}],"curies":[{"name":"wp","href":"https:\/\/api.w.org\/{rel}","templated":true}]}}