{"id":10312,"date":"2024-09-07T00:51:42","date_gmt":"2024-09-07T00:51:42","guid":{"rendered":"https:\/\/www.cfaebooks.com\/?post_type=product&#038;p=10312"},"modified":"2026-04-03T07:59:26","modified_gmt":"2026-04-03T07:59:26","slug":"2024-cfa-mark-meldrum-calisma-notlari-sevi%cc%87ye-2","status":"publish","type":"product","link":"https:\/\/www.cfaebooks.com\/tr\/products\/2024-cfa-mark-meldrum-calisma-notlari-sevi%cc%87ye-2\/","title":{"rendered":"2024 CFA Mark Meldrum \u00c7al\u0131\u015fma Notlar\u0131 Seviye 2"},"content":{"rendered":"<p>Sat\u0131l\u0131k bir e-Kitap 2024 CFA Mark Meldrum \u00c7al\u0131\u015fma Notlar\u0131 Seviye 2 PDF. <\/p>\n\n\n\n<p>A\u015fa\u011f\u0131daki konular\u0131 i\u00e7erir: <\/p>\n\n\n\n<ul class=\"wp-block-list\">\n<li><em>Alternatif Yat\u0131r\u0131mlar<\/em><\/li>\n\n\n\n<li><em>Kurumsal \u0130hra\u00e7\u00e7\u0131lar<\/em><\/li>\n\n\n\n<li><em>T\u00fcrev, Ekonomik<\/em><\/li>\n\n\n\n<li><em>E\u015fitlik, Etik ve Mesleki Standartlar<\/em><\/li>\n\n\n\n<li><em>Mali Tablo Analizi<\/em><\/li>\n\n\n\n<li><em>Sabit Gelir<\/em><\/li>\n\n\n\n<li><em>Portf\u00f6y Y\u00f6netimi ve Kantitatif Y\u00f6ntemler<\/em>.<\/li>\n<\/ul>\n\n\n\n<p>Bu fiziksel bir kitap de\u011fil, PDF dijital kopyas\u0131d\u0131r. Fiziksel bir bas\u0131l\u0131 kopya istiyorsan\u0131z l\u00fctfen sat\u0131n almay\u0131n. \u00d6deme yapt\u0131ktan sonra e-Kitab\u0131 hemen indirebilirsiniz.<\/p>","protected":false},"excerpt":{"rendered":"<p>For sale is an e-Book 2024 CFA Mark Meldrum Study Notes Level 2 PDF. Includes the following topics: This is not a physical book it is a&nbsp;PDF&nbsp;digital copy. Please do not purchase if you want a physical hard copy. After checkout you can download the e-Book immediately.<\/p>","protected":false},"featured_media":10313,"comment_status":"closed","ping_status":"closed","template":"","meta":[],"product_brand":[],"product_cat":[266],"product_tag":[86,93,88,90,178,91,92,165,168],"class_list":{"0":"post-10312","1":"product","2":"type-product","3":"status-publish","4":"has-post-thumbnail","6":"product_cat-cfa-level-2","7":"product_tag-cfa-2024","8":"product_tag-cfa-books","9":"product_tag-cfa-ebooks","10":"product_tag-cfa-exam","11":"product_tag-cfa-level-2","12":"product_tag-cfa-prep","13":"product_tag-cfa-test","14":"product_tag-mark-meldrum","15":"product_tag-study-notes","17":"first","18":"instock","19":"downloadable","20":"virtual","21":"sold-individually","22":"purchasable","23":"product-type-simple"},"_links":{"self":[{"href":"https:\/\/www.cfaebooks.com\/tr\/wp-json\/wp\/v2\/product\/10312","targetHints":{"allow":["GET"]}}],"collection":[{"href":"https:\/\/www.cfaebooks.com\/tr\/wp-json\/wp\/v2\/product"}],"about":[{"href":"https:\/\/www.cfaebooks.com\/tr\/wp-json\/wp\/v2\/types\/product"}],"replies":[{"embeddable":true,"href":"https:\/\/www.cfaebooks.com\/tr\/wp-json\/wp\/v2\/comments?post=10312"}],"wp:featuredmedia":[{"embeddable":true,"href":"https:\/\/www.cfaebooks.com\/tr\/wp-json\/wp\/v2\/media\/10313"}],"wp:attachment":[{"href":"https:\/\/www.cfaebooks.com\/tr\/wp-json\/wp\/v2\/media?parent=10312"}],"wp:term":[{"taxonomy":"product_brand","embeddable":true,"href":"https:\/\/www.cfaebooks.com\/tr\/wp-json\/wp\/v2\/product_brand?post=10312"},{"taxonomy":"product_cat","embeddable":true,"href":"https:\/\/www.cfaebooks.com\/tr\/wp-json\/wp\/v2\/product_cat?post=10312"},{"taxonomy":"product_tag","embeddable":true,"href":"https:\/\/www.cfaebooks.com\/tr\/wp-json\/wp\/v2\/product_tag?post=10312"}],"curies":[{"name":"wp","href":"https:\/\/api.w.org\/{rel}","templated":true}]}}