{"id":10263,"date":"2024-09-02T15:04:00","date_gmt":"2024-09-02T15:04:00","guid":{"rendered":"https:\/\/www.cfaebooks.com\/?post_type=product&#038;p=10263"},"modified":"2026-04-03T07:59:24","modified_gmt":"2026-04-03T07:59:24","slug":"2025-cfa-schweser-notes-level-3-portfolio-management-pathway-with-quicksheet","status":"publish","type":"product","link":"https:\/\/www.cfaebooks.com\/tr\/products\/2025-cfa-schweser-notes-level-3-portfolio-management-pathway-with-quicksheet\/","title":{"rendered":"2025 CFA Schweser Notlar\u0131 Quicksheet ile Seviye 3 Portf\u00f6y Y\u00f6netimi Yolu"},"content":{"rendered":"<p>Sat\u0131l\u0131k e-Kitap 2025 CFA Level 3 Schweser Notes Portfolio Management Pathway with Quicksheet with Quicksheet PDF.<\/p>\n\n\n\n<p>4 kitaptan olu\u015fan set i\u00e7erir: <\/p>\n\n\n\n<ul class=\"wp-block-list\">\n<li>Kitap 1: Varl\u0131k Tahsisi<\/li>\n\n\n\n<li>Kitap 2: Portf\u00f6y Olu\u015fturma ve Performans \u00d6l\u00e7\u00fcm\u00fc<\/li>\n\n\n\n<li>Kitap 3: T\u00fcrev \u00dcr\u00fcnler, Risk Y\u00f6netimi, Etik ve Mesleki Standartlar<\/li>\n\n\n\n<li>Kitap 4: Portf\u00f6y Y\u00f6netimi Yolu<\/li>\n<\/ul>\n\n\n\n<p>Bu fiziksel bir kitap de\u011fil, PDF dijital kopyas\u0131d\u0131r. Fiziksel bir bas\u0131l\u0131 kopya istiyorsan\u0131z l\u00fctfen sat\u0131n almay\u0131n. \u00d6deme yapt\u0131ktan sonra e-Kitab\u0131 hemen indirebilirsiniz.<\/p>","protected":false},"excerpt":{"rendered":"<p>For sale is an e-Book 2025 CFA Level 3 Schweser Notes Portfolio Management Pathway with Quicksheet with Quicksheet PDF. Includes Set of 4 books: This is not a physical book it is a&nbsp;PDF&nbsp;digital copy. Please do not purchase if you want a physical hard copy. After checkout you can download the e-Book immediately.<\/p>","protected":false},"featured_media":10264,"comment_status":"closed","ping_status":"closed","template":"","meta":[],"product_brand":[],"product_cat":[265],"product_tag":[261,93,88,90,180,91,92,179,168],"class_list":{"0":"post-10263","1":"product","2":"type-product","3":"status-publish","4":"has-post-thumbnail","6":"product_cat-cfa-level-3","7":"product_tag-cfa-2025","8":"product_tag-cfa-books","9":"product_tag-cfa-ebooks","10":"product_tag-cfa-exam","11":"product_tag-cfa-level-3","12":"product_tag-cfa-prep","13":"product_tag-cfa-test","14":"product_tag-schweser-notes","15":"product_tag-study-notes","17":"first","18":"instock","19":"downloadable","20":"virtual","21":"sold-individually","22":"purchasable","23":"product-type-simple"},"_links":{"self":[{"href":"https:\/\/www.cfaebooks.com\/tr\/wp-json\/wp\/v2\/product\/10263","targetHints":{"allow":["GET"]}}],"collection":[{"href":"https:\/\/www.cfaebooks.com\/tr\/wp-json\/wp\/v2\/product"}],"about":[{"href":"https:\/\/www.cfaebooks.com\/tr\/wp-json\/wp\/v2\/types\/product"}],"replies":[{"embeddable":true,"href":"https:\/\/www.cfaebooks.com\/tr\/wp-json\/wp\/v2\/comments?post=10263"}],"wp:featuredmedia":[{"embeddable":true,"href":"https:\/\/www.cfaebooks.com\/tr\/wp-json\/wp\/v2\/media\/10264"}],"wp:attachment":[{"href":"https:\/\/www.cfaebooks.com\/tr\/wp-json\/wp\/v2\/media?parent=10263"}],"wp:term":[{"taxonomy":"product_brand","embeddable":true,"href":"https:\/\/www.cfaebooks.com\/tr\/wp-json\/wp\/v2\/product_brand?post=10263"},{"taxonomy":"product_cat","embeddable":true,"href":"https:\/\/www.cfaebooks.com\/tr\/wp-json\/wp\/v2\/product_cat?post=10263"},{"taxonomy":"product_tag","embeddable":true,"href":"https:\/\/www.cfaebooks.com\/tr\/wp-json\/wp\/v2\/product_tag?post=10263"}],"curies":[{"name":"wp","href":"https:\/\/api.w.org\/{rel}","templated":true}]}}