{"id":10224,"date":"2024-09-02T11:03:01","date_gmt":"2024-09-02T11:03:01","guid":{"rendered":"https:\/\/www.cfaebooks.com\/?post_type=product&#038;p=10224"},"modified":"2026-04-03T07:59:15","modified_gmt":"2026-04-03T07:59:15","slug":"2025-cfa-level-1-soru-bankasi-konu-quiz-checkpoint-sinavi","status":"publish","type":"product","link":"https:\/\/www.cfaebooks.com\/tr\/products\/2025-cfa-level-1-soru-bankasi-konu-quiz-checkpoint-sinavi\/","title":{"rendered":"2025 CFA Seviye 1 Soru Bankas\u0131, Konu Testi, Kontrol Noktas\u0131 S\u0131nav\u0131"},"content":{"rendered":"<p>Sat\u0131l\u0131k bir e-Kitap 2025 CFA Seviye 1 Schweser Soru Bankas\u0131, Konu Testi, Kontrol Noktas\u0131 S\u0131nav\u0131 PDF.<\/p>\n\n\n\n<ul class=\"wp-block-list\">\n<li>\u00d6deme yapt\u0131ktan sonra e-Kitab\u0131 hemen indirebilirsiniz.<\/li>\n\n\n\n<li>Bu fiziksel bir kitap de\u011fil, PDF dijital kopyas\u0131d\u0131r. Fiziksel bir bas\u0131l\u0131 kopya istiyorsan\u0131z l\u00fctfen sat\u0131n almay\u0131n.<\/li>\n<\/ul>","protected":false},"excerpt":{"rendered":"<p>Sat\u0131l\u0131k bir e-Kitap 2025 CFA Seviye 1 Schweser Soru Bankas\u0131, Konu Testi, Kontrol Noktas\u0131 S\u0131nav\u0131 PDF.<\/p>","protected":false},"featured_media":11159,"comment_status":"closed","ping_status":"closed","template":"","meta":[],"product_brand":[],"product_cat":[260],"product_tag":[261,93,88,90,87,91,92,162,161,163],"class_list":{"0":"post-10224","1":"product","2":"type-product","3":"status-publish","4":"has-post-thumbnail","6":"product_cat-cfa-level-1","7":"product_tag-cfa-2025","8":"product_tag-cfa-books","9":"product_tag-cfa-ebooks","10":"product_tag-cfa-exam","11":"product_tag-cfa-level-i","12":"product_tag-cfa-prep","13":"product_tag-cfa-test","14":"product_tag-qbank","15":"product_tag-question-bank","16":"product_tag-schweser-qbank","18":"first","19":"instock","20":"downloadable","21":"virtual","22":"sold-individually","23":"purchasable","24":"product-type-simple"},"_links":{"self":[{"href":"https:\/\/www.cfaebooks.com\/tr\/wp-json\/wp\/v2\/product\/10224","targetHints":{"allow":["GET"]}}],"collection":[{"href":"https:\/\/www.cfaebooks.com\/tr\/wp-json\/wp\/v2\/product"}],"about":[{"href":"https:\/\/www.cfaebooks.com\/tr\/wp-json\/wp\/v2\/types\/product"}],"replies":[{"embeddable":true,"href":"https:\/\/www.cfaebooks.com\/tr\/wp-json\/wp\/v2\/comments?post=10224"}],"wp:featuredmedia":[{"embeddable":true,"href":"https:\/\/www.cfaebooks.com\/tr\/wp-json\/wp\/v2\/media\/11159"}],"wp:attachment":[{"href":"https:\/\/www.cfaebooks.com\/tr\/wp-json\/wp\/v2\/media?parent=10224"}],"wp:term":[{"taxonomy":"product_brand","embeddable":true,"href":"https:\/\/www.cfaebooks.com\/tr\/wp-json\/wp\/v2\/product_brand?post=10224"},{"taxonomy":"product_cat","embeddable":true,"href":"https:\/\/www.cfaebooks.com\/tr\/wp-json\/wp\/v2\/product_cat?post=10224"},{"taxonomy":"product_tag","embeddable":true,"href":"https:\/\/www.cfaebooks.com\/tr\/wp-json\/wp\/v2\/product_tag?post=10224"}],"curies":[{"name":"wp","href":"https:\/\/api.w.org\/{rel}","templated":true}]}}