{"id":10117,"date":"2024-08-24T13:50:25","date_gmt":"2024-08-24T13:50:25","guid":{"rendered":"https:\/\/www.cfaebooks.com\/?post_type=product&#038;p=10117"},"modified":"2026-04-03T07:58:58","modified_gmt":"2026-04-03T07:58:58","slug":"2024-cfa-sevi%cc%87ye-3-bill-campbell-deneme-sinavlari-2","status":"publish","type":"product","link":"https:\/\/www.cfaebooks.com\/tr\/products\/2024-cfa-sevi%cc%87ye-3-bill-campbell-deneme-sinavlari-2\/","title":{"rendered":"2024 CFA Seviye 3 Bill Campbell Deneme S\u0131navlar\u0131"},"content":{"rendered":"<p>Sat\u0131l\u0131k bir e-Kitap 2024 CFA Seviye 3 Bill Campbell Deneme S\u0131navlar\u0131 PDF.<\/p>\n\n\n\n<ul class=\"wp-block-list\">\n<li>Bu fiziksel bir kitap de\u011fil, PDF dijital kopyas\u0131d\u0131r. <\/li>\n\n\n\n<li>Fiziksel bir bas\u0131l\u0131 kopya istiyorsan\u0131z l\u00fctfen sat\u0131n almay\u0131n. \u00d6deme yapt\u0131ktan sonra e-Kitab\u0131 hemen indirebilirsiniz.<\/li>\n<\/ul>","protected":false},"excerpt":{"rendered":"<p>Sat\u0131l\u0131k bir e-Kitap 2024 CFA Seviye 3 Bill Campbell Deneme S\u0131navlar\u0131 PDF.<\/p>","protected":false},"featured_media":10118,"comment_status":"closed","ping_status":"closed","template":"","meta":[],"product_brand":[],"product_cat":[265],"product_tag":[262,86,93,88,90,180,91,92,176],"class_list":{"0":"post-10117","1":"product","2":"type-product","3":"status-publish","4":"has-post-thumbnail","6":"product_cat-cfa-level-3","7":"product_tag-bill-campbell","8":"product_tag-cfa-2024","9":"product_tag-cfa-books","10":"product_tag-cfa-ebooks","11":"product_tag-cfa-exam","12":"product_tag-cfa-level-3","13":"product_tag-cfa-prep","14":"product_tag-cfa-test","15":"product_tag-mock-exam","17":"first","18":"instock","19":"downloadable","20":"virtual","21":"sold-individually","22":"purchasable","23":"product-type-simple"},"_links":{"self":[{"href":"https:\/\/www.cfaebooks.com\/tr\/wp-json\/wp\/v2\/product\/10117","targetHints":{"allow":["GET"]}}],"collection":[{"href":"https:\/\/www.cfaebooks.com\/tr\/wp-json\/wp\/v2\/product"}],"about":[{"href":"https:\/\/www.cfaebooks.com\/tr\/wp-json\/wp\/v2\/types\/product"}],"replies":[{"embeddable":true,"href":"https:\/\/www.cfaebooks.com\/tr\/wp-json\/wp\/v2\/comments?post=10117"}],"wp:featuredmedia":[{"embeddable":true,"href":"https:\/\/www.cfaebooks.com\/tr\/wp-json\/wp\/v2\/media\/10118"}],"wp:attachment":[{"href":"https:\/\/www.cfaebooks.com\/tr\/wp-json\/wp\/v2\/media?parent=10117"}],"wp:term":[{"taxonomy":"product_brand","embeddable":true,"href":"https:\/\/www.cfaebooks.com\/tr\/wp-json\/wp\/v2\/product_brand?post=10117"},{"taxonomy":"product_cat","embeddable":true,"href":"https:\/\/www.cfaebooks.com\/tr\/wp-json\/wp\/v2\/product_cat?post=10117"},{"taxonomy":"product_tag","embeddable":true,"href":"https:\/\/www.cfaebooks.com\/tr\/wp-json\/wp\/v2\/product_tag?post=10117"}],"curies":[{"name":"wp","href":"https:\/\/api.w.org\/{rel}","templated":true}]}}