{"id":8770,"date":"2024-03-22T06:54:56","date_gmt":"2024-03-22T06:54:56","guid":{"rendered":"https:\/\/www.cfaebooks.com\/?page_id=8770"},"modified":"2026-03-14T02:35:20","modified_gmt":"2026-03-14T02:35:20","slug":"odeme-ve-i%cc%87ade-poli%cc%87ti%cc%87kasi","status":"publish","type":"page","link":"https:\/\/www.cfaebooks.com\/tr\/odeme-ve-i%cc%87ade-poli%cc%87ti%cc%87kasi\/","title":{"rendered":"\u00d6deme ve \u0130ade Politikas\u0131"},"content":{"rendered":"<h3 class=\"wp-block-heading\">\u00d6deme Politikas\u0131<\/h3>\n\n\n\n<p>We accept payment via PayPal and Debit \/ Credit Card.<\/p>\n\n\n\n<figure class=\"wp-block-image size-medium\"><img decoding=\"async\" width=\"300\" height=\"28\" src=\"https:\/\/www.cfaebooks.com\/wp-content\/uploads\/2026\/02\/payment-card-300x28.png\" alt=\"payment card\" class=\"wp-image-16252\" srcset=\"https:\/\/www.cfaebooks.com\/wp-content\/uploads\/2026\/02\/payment-card-300x28.png 300w, https:\/\/www.cfaebooks.com\/wp-content\/uploads\/2026\/02\/payment-card-768x71.png 768w, https:\/\/www.cfaebooks.com\/wp-content\/uploads\/2026\/02\/payment-card-18x2.png 18w, https:\/\/www.cfaebooks.com\/wp-content\/uploads\/2026\/02\/payment-card-441x41.png 441w, https:\/\/www.cfaebooks.com\/wp-content\/uploads\/2026\/02\/payment-card-150x14.png 150w, https:\/\/www.cfaebooks.com\/wp-content\/uploads\/2026\/02\/payment-card-64x6.png 64w, https:\/\/www.cfaebooks.com\/wp-content\/uploads\/2026\/02\/payment-card.png 774w\" sizes=\"(max-width: 300px) 100vw, 300px\" \/><\/figure>\n\n\n\n<h3 class=\"wp-block-heading\">Para \u0130adesi Politikas\u0131<\/h3>\n\n\n\n<p>CFA eBooks, a\u015fa\u011f\u0131daki ko\u015fullar alt\u0131nda tam geri \u00f6deme sa\u011flar:<\/p>\n\n\n\n<ul class=\"wp-block-list\">\n<li>\u00d6\u011fe indirilmemi\u015ftir.<\/li>\n\n\n\n<li>The product downloaded is not as described.<\/li>\n\n\n\n<li>Sat\u0131n alma i\u015flemi yanl\u0131\u015fl\u0131kla yap\u0131lm\u0131\u015ft\u0131r.<\/li>\n<\/ul>\n\n\n\n<h3 class=\"wp-block-heading\">Para \u0130adesi Nas\u0131l Talep Edilir<\/h3>\n\n\n\n<p>Yanl\u0131\u015fl\u0131kla bir sat\u0131n alma i\u015flemi yapt\u0131ysan\u0131z, l\u00fctfen dosyay\u0131 indirmekten ka\u00e7\u0131n\u0131n ve m\u00fcmk\u00fcn olan en k\u0131sa s\u00fcrede bizimle ileti\u015fime ge\u00e7in. Ekibimiz talebinizi inceleyecek ve iade i\u015flemini derhal ger\u00e7ekle\u015ftirecektir.<\/p>\n\n\n\n<p>Ancak, \u00fcr\u00fcn indirildikten sonra, sat\u0131n alma i\u015fleminin nihai oldu\u011funu ve iade edilemeyece\u011fini d\u00fc\u015f\u00fcn\u00fcyoruz.<\/p>\n\n\n\n<p>Geri \u00f6deme politikam\u0131z konusundaki anlay\u0131\u015f\u0131n\u0131z ve i\u015fbirli\u011finiz i\u00e7in te\u015fekk\u00fcr ederiz. Herhangi bir sorunuz varsa veya daha fazla a\u00e7\u0131klamaya ihtiya\u00e7 duyarsan\u0131z, l\u00fctfen a\u015fa\u011f\u0131dakileri yapmaktan \u00e7ekinmeyin&nbsp;<a href=\"\/tr\/iletisim\/\">\u0130leti\u015fim<\/a>&nbsp;destek ekibimiz.<\/p>\n\n\n\n<p>Te\u015fekk\u00fcr ederim!<\/p>","protected":false},"excerpt":{"rendered":"<p>Payment Policy We accept payment via PayPal and Debit \/ Credit Card. Refund Policy CFA eBooks provides full refunds under the following conditions: How to Request a Refund If you made a purchase by mistake, please avoid downloading the file and contact us as soon as possible. Our team will review your request and process [&hellip;]<\/p>\n","protected":false},"author":1,"featured_media":0,"parent":0,"menu_order":0,"comment_status":"closed","ping_status":"closed","template":"template-fullwidth.php","meta":{"footnotes":""},"class_list":["post-8770","page","type-page","status-publish","hentry"],"_links":{"self":[{"href":"https:\/\/www.cfaebooks.com\/tr\/wp-json\/wp\/v2\/pages\/8770","targetHints":{"allow":["GET"]}}],"collection":[{"href":"https:\/\/www.cfaebooks.com\/tr\/wp-json\/wp\/v2\/pages"}],"about":[{"href":"https:\/\/www.cfaebooks.com\/tr\/wp-json\/wp\/v2\/types\/page"}],"author":[{"embeddable":true,"href":"https:\/\/www.cfaebooks.com\/tr\/wp-json\/wp\/v2\/users\/1"}],"replies":[{"embeddable":true,"href":"https:\/\/www.cfaebooks.com\/tr\/wp-json\/wp\/v2\/comments?post=8770"}],"version-history":[{"count":4,"href":"https:\/\/www.cfaebooks.com\/tr\/wp-json\/wp\/v2\/pages\/8770\/revisions"}],"predecessor-version":[{"id":16784,"href":"https:\/\/www.cfaebooks.com\/tr\/wp-json\/wp\/v2\/pages\/8770\/revisions\/16784"}],"wp:attachment":[{"href":"https:\/\/www.cfaebooks.com\/tr\/wp-json\/wp\/v2\/media?parent=8770"}],"curies":[{"name":"wp","href":"https:\/\/api.w.org\/{rel}","templated":true}]}}