{"id":9923,"date":"2024-08-06T06:29:12","date_gmt":"2024-08-06T06:29:12","guid":{"rendered":"https:\/\/www.cfaebooks.com\/?post_type=product&#038;p=9923"},"modified":"2026-04-03T07:58:48","modified_gmt":"2026-04-03T07:58:48","slug":"cfa-niva-1-2025-ift-studieanteckningar","status":"publish","type":"product","link":"https:\/\/www.cfaebooks.com\/sv\/products\/cfa-niva-1-2025-ift-studieanteckningar\/","title":{"rendered":"CFA niv\u00e5 1 2025 IFT studieanteckningar"},"content":{"rendered":"<p>For sale is an e-Book 2025 CFA Level 1 IFT Study Notes PDF. <\/p>\n\n\n\n<p>Inneh\u00e5ller f\u00f6ljande \u00e4mnen: <\/p>\n\n\n\n<ul class=\"wp-block-list\">\n<li><em>Quantitative Methods, Economics<\/em><\/li>\n\n\n\n<li><em>F\u00f6retagsemittenter<\/em><\/li>\n\n\n\n<li><em>Analys av finansiella rapporter<\/em><\/li>\n\n\n\n<li><em>Aktieinvesteringar<\/em><\/li>\n\n\n\n<li><em>R\u00e4nteb\u00e4rande v\u00e4rdepapper<\/em><\/li>\n\n\n\n<li><em>Derivatinstrument<\/em><\/li>\n\n\n\n<li><em>Alternativa investeringar<\/em><\/li>\n\n\n\n<li><em>Portf\u00f6ljf\u00f6rvaltning<\/em><\/li>\n\n\n\n<li><em>Etiska och yrkesm\u00e4ssiga normer<\/em>.<\/li>\n<\/ul>\n\n\n\n<p>Du kommer att f\u00e5 detaljerade studieanteckningar som t\u00e4cker alla LOS, och som inkluderar: <strong><em>Sammanfattning av varje l\u00e4sning och exempel<\/em><\/strong><\/p>\n\n\n\n<p>Efter utcheckningen kan du ladda ner e-boken omedelbart. Detta \u00e4r inte en fysisk bok utan en digital PDF-kopia. V\u00e4nligen k\u00f6p inte om du vill ha en fysisk papperskopia<\/p>","protected":false},"excerpt":{"rendered":"<p>For sale is an e-Book 2025 CFA Level 1 IFT Study Notes PDF. Includes the following topics: You will get detailed Study Notes covering all LOS, and which include: Summary of each reading and Examples After checkout you can download the e-Book immediately. This is not a physical book it is a\u00a0PDF\u00a0digital copy. Please do [&hellip;]<\/p>\n","protected":false},"featured_media":9924,"comment_status":"closed","ping_status":"closed","template":"","meta":[],"product_brand":[],"product_cat":[260],"product_tag":[261,93,88,90,87,91,92,167,168],"class_list":{"0":"post-9923","1":"product","2":"type-product","3":"status-publish","4":"has-post-thumbnail","6":"product_cat-cfa-level-1","7":"product_tag-cfa-2025","8":"product_tag-cfa-books","9":"product_tag-cfa-ebooks","10":"product_tag-cfa-exam","11":"product_tag-cfa-level-i","12":"product_tag-cfa-prep","13":"product_tag-cfa-test","14":"product_tag-ift","15":"product_tag-study-notes","17":"first","18":"instock","19":"downloadable","20":"virtual","21":"sold-individually","22":"purchasable","23":"product-type-simple"},"_links":{"self":[{"href":"https:\/\/www.cfaebooks.com\/sv\/wp-json\/wp\/v2\/product\/9923","targetHints":{"allow":["GET"]}}],"collection":[{"href":"https:\/\/www.cfaebooks.com\/sv\/wp-json\/wp\/v2\/product"}],"about":[{"href":"https:\/\/www.cfaebooks.com\/sv\/wp-json\/wp\/v2\/types\/product"}],"replies":[{"embeddable":true,"href":"https:\/\/www.cfaebooks.com\/sv\/wp-json\/wp\/v2\/comments?post=9923"}],"wp:featuredmedia":[{"embeddable":true,"href":"https:\/\/www.cfaebooks.com\/sv\/wp-json\/wp\/v2\/media\/9924"}],"wp:attachment":[{"href":"https:\/\/www.cfaebooks.com\/sv\/wp-json\/wp\/v2\/media?parent=9923"}],"wp:term":[{"taxonomy":"product_brand","embeddable":true,"href":"https:\/\/www.cfaebooks.com\/sv\/wp-json\/wp\/v2\/product_brand?post=9923"},{"taxonomy":"product_cat","embeddable":true,"href":"https:\/\/www.cfaebooks.com\/sv\/wp-json\/wp\/v2\/product_cat?post=9923"},{"taxonomy":"product_tag","embeddable":true,"href":"https:\/\/www.cfaebooks.com\/sv\/wp-json\/wp\/v2\/product_tag?post=9923"}],"curies":[{"name":"wp","href":"https:\/\/api.w.org\/{rel}","templated":true}]}}