{"id":9554,"date":"2024-06-21T14:22:12","date_gmt":"2024-06-21T14:22:12","guid":{"rendered":"https:\/\/www.cfaebooks.com\/?post_type=product&#038;p=9554"},"modified":"2026-04-03T07:58:25","modified_gmt":"2026-04-03T07:58:25","slug":"2024-caia-niva-2-schweser-anteckningar","status":"publish","type":"product","link":"https:\/\/www.cfaebooks.com\/sv\/products\/2024-caia-niva-2-schweser-anteckningar\/","title":{"rendered":"2024 CAIA niv\u00e5 2 Schweser-anteckningar"},"content":{"rendered":"<p>Till salu \u00e4r en e-bok 2024 CAIA niv\u00e5 2 Schweser Notes PDF. Det h\u00e4r \u00e4r inte en fysisk bok, det \u00e4r en digital PDF-kopia. V\u00e4nligen k\u00f6p inte om du vill ha en fysisk papperskopia. Efter kassan kan du ladda ner e-boken direkt.<\/p>","protected":false},"excerpt":{"rendered":"<p>Till salu \u00e4r en e-bok 2024 CAIA niv\u00e5 2 Schweser Notes PDF. Det h\u00e4r \u00e4r inte en fysisk bok, det \u00e4r en digital PDF-kopia. V\u00e4nligen k\u00f6p inte om du vill ha en fysisk papperskopia. Efter kassan kan du ladda ner e-boken direkt.<\/p>","protected":false},"featured_media":9555,"comment_status":"closed","ping_status":"closed","template":"","meta":[],"product_brand":[],"product_cat":[354],"product_tag":[247,251,250,248,252,249,179],"class_list":{"0":"post-9554","1":"product","2":"type-product","3":"status-publish","4":"has-post-thumbnail","6":"product_cat-caia-level-2-2024","7":"product_tag-caia","8":"product_tag-caia-books","9":"product_tag-caia-ebooks","10":"product_tag-caia-exam","11":"product_tag-caia-prep","12":"product_tag-caia-test","13":"product_tag-schweser-notes","15":"first","16":"instock","17":"downloadable","18":"virtual","19":"sold-individually","20":"purchasable","21":"product-type-simple"},"_links":{"self":[{"href":"https:\/\/www.cfaebooks.com\/sv\/wp-json\/wp\/v2\/product\/9554","targetHints":{"allow":["GET"]}}],"collection":[{"href":"https:\/\/www.cfaebooks.com\/sv\/wp-json\/wp\/v2\/product"}],"about":[{"href":"https:\/\/www.cfaebooks.com\/sv\/wp-json\/wp\/v2\/types\/product"}],"replies":[{"embeddable":true,"href":"https:\/\/www.cfaebooks.com\/sv\/wp-json\/wp\/v2\/comments?post=9554"}],"wp:featuredmedia":[{"embeddable":true,"href":"https:\/\/www.cfaebooks.com\/sv\/wp-json\/wp\/v2\/media\/9555"}],"wp:attachment":[{"href":"https:\/\/www.cfaebooks.com\/sv\/wp-json\/wp\/v2\/media?parent=9554"}],"wp:term":[{"taxonomy":"product_brand","embeddable":true,"href":"https:\/\/www.cfaebooks.com\/sv\/wp-json\/wp\/v2\/product_brand?post=9554"},{"taxonomy":"product_cat","embeddable":true,"href":"https:\/\/www.cfaebooks.com\/sv\/wp-json\/wp\/v2\/product_cat?post=9554"},{"taxonomy":"product_tag","embeddable":true,"href":"https:\/\/www.cfaebooks.com\/sv\/wp-json\/wp\/v2\/product_tag?post=9554"}],"curies":[{"name":"wp","href":"https:\/\/api.w.org\/{rel}","templated":true}]}}