{"id":9485,"date":"2024-05-02T01:31:14","date_gmt":"2024-05-02T01:31:14","guid":{"rendered":"https:\/\/www.cfaebooks.com\/?post_type=product&#038;p=9485"},"modified":"2026-04-03T07:58:13","modified_gmt":"2026-04-03T07:58:13","slug":"2025-cfa-program-laroplan-niva-1-box-set","status":"publish","type":"product","link":"https:\/\/www.cfaebooks.com\/sv\/products\/2025-cfa-program-laroplan-niva-1-box-set\/","title":{"rendered":"2025 CFA-programmets l\u00e4roplan niv\u00e5 1 Box Set"},"content":{"rendered":"<p>For sale is an e-Book 2025 CFA Program Curriculum Level I Box Set PDF.<\/p>\n\n\n\n<p>Volymerna omfattar:<\/p>\n\n\n\n<ul class=\"wp-block-list\">\n<li>Volym 1: Kvantitativa metoder<\/li>\n\n\n\n<li>Volym 2: Ekonomi<\/li>\n\n\n\n<li>Volym 3: F\u00f6retagsemittenter<\/li>\n\n\n\n<li>Volym 4: Analys av finansiella rapporter<\/li>\n\n\n\n<li>Volym 5: Kapitalinvesteringar<\/li>\n\n\n\n<li>Volym 6: R\u00e4nteb\u00e4rande v\u00e4rdepapper<\/li>\n\n\n\n<li>Volym 7:  Derivatinstrument<\/li>\n\n\n\n<li>Volym 8: Alternativa investeringar<\/li>\n\n\n\n<li>Volym 9: Portf\u00f6ljf\u00f6rvaltning<\/li>\n\n\n\n<li>Volym 10: Etiska och yrkesm\u00e4ssiga normer&nbsp;<\/li>\n<\/ul>\n\n\n\n<p>Detta \u00e4r inte en fysisk bok, utan en digital PDF-kopia. V\u00e4nligen k\u00f6p inte om du vill ha en fysisk papperskopia. Efter kassan kan du ladda ner e-boken omedelbart.<\/p>","protected":false},"excerpt":{"rendered":"<p>For sale is an e-Book 2025 CFA Program Curriculum Level I Box Set PDF. Volumes include: This is not a physical book it is a\u00a0PDF\u00a0digital copy. Please do not purchase if you want a physical hard copy. After checkout you can download the e-Book immediately.<\/p>","protected":false},"featured_media":9487,"comment_status":"closed","ping_status":"closed","template":"","meta":[],"product_brand":[],"product_cat":[260],"product_tag":[261,93,88,90,87,91,89,92,169],"class_list":{"0":"post-9485","1":"product","2":"type-product","3":"status-publish","4":"has-post-thumbnail","6":"product_cat-cfa-level-1","7":"product_tag-cfa-2025","8":"product_tag-cfa-books","9":"product_tag-cfa-ebooks","10":"product_tag-cfa-exam","11":"product_tag-cfa-level-i","12":"product_tag-cfa-prep","13":"product_tag-cfa-program-curriculum","14":"product_tag-cfa-test","15":"product_tag-wiley","17":"first","18":"instock","19":"downloadable","20":"virtual","21":"sold-individually","22":"purchasable","23":"product-type-simple"},"_links":{"self":[{"href":"https:\/\/www.cfaebooks.com\/sv\/wp-json\/wp\/v2\/product\/9485","targetHints":{"allow":["GET"]}}],"collection":[{"href":"https:\/\/www.cfaebooks.com\/sv\/wp-json\/wp\/v2\/product"}],"about":[{"href":"https:\/\/www.cfaebooks.com\/sv\/wp-json\/wp\/v2\/types\/product"}],"replies":[{"embeddable":true,"href":"https:\/\/www.cfaebooks.com\/sv\/wp-json\/wp\/v2\/comments?post=9485"}],"wp:featuredmedia":[{"embeddable":true,"href":"https:\/\/www.cfaebooks.com\/sv\/wp-json\/wp\/v2\/media\/9487"}],"wp:attachment":[{"href":"https:\/\/www.cfaebooks.com\/sv\/wp-json\/wp\/v2\/media?parent=9485"}],"wp:term":[{"taxonomy":"product_brand","embeddable":true,"href":"https:\/\/www.cfaebooks.com\/sv\/wp-json\/wp\/v2\/product_brand?post=9485"},{"taxonomy":"product_cat","embeddable":true,"href":"https:\/\/www.cfaebooks.com\/sv\/wp-json\/wp\/v2\/product_cat?post=9485"},{"taxonomy":"product_tag","embeddable":true,"href":"https:\/\/www.cfaebooks.com\/sv\/wp-json\/wp\/v2\/product_tag?post=9485"}],"curies":[{"name":"wp","href":"https:\/\/api.w.org\/{rel}","templated":true}]}}