{"id":8406,"date":"2024-03-07T12:44:15","date_gmt":"2024-03-07T12:44:15","guid":{"rendered":"https:\/\/www.cfaebooks.com\/?post_type=product&#038;p=8406"},"modified":"2026-04-03T07:57:04","modified_gmt":"2026-04-03T07:57:04","slug":"2024-cfa-niva-1-eoc-fragor-om-laroplanen-2","status":"publish","type":"product","link":"https:\/\/www.cfaebooks.com\/sv\/products\/2024-cfa-niva-1-eoc-fragor-om-laroplanen-2\/","title":{"rendered":"2024 CFA Level 1 EOC Fr\u00e5gor om l\u00e4roplanen"},"content":{"rendered":"<p>Till salu finns 2024 CFA niv\u00e5 1 EOC-fr\u00e5gor om l\u00e4roplanen i PDF-format. <\/p>\n\n\n\n<p>Inkludera 10 \u00e4mnen i <a href=\"https:\/\/www.cfaebooks.com\/sv\/produkt\/2024-cfa-program-curriculum-level-i-box-set\/\">L\u00e4roplan niv\u00e5 1<\/a>: 1. Alternativa investeringar 2. F\u00f6retagsemittenter 3. Derivat 4. Ekonomi 5. Aktier 6. Etik 7. Analys av finansiella rapporter 8. R\u00e4nteb\u00e4rande v\u00e4rdepapper 9. Portf\u00f6ljf\u00f6rvaltning 10. Kvantitativa metoder<\/p>\n\n\n\n<ul class=\"wp-block-list\">\n<li>Det h\u00e4r \u00e4r inte en fysisk bok utan en digital PDF-kopia. V\u00e4nligen k\u00f6p inte om du vill ha en fysisk papperskopia<\/li>\n\n\n\n<li>N\u00e4r du har checkat ut kan du ladda ner e-boken direkt.<\/li>\n<\/ul>","protected":false},"excerpt":{"rendered":"<p>For sale is 2024 CFA Level 1 EOC Questions of Curriculum PDF. Include 10 topics in Curriculum Level 1: 1. Alternative Investments 2. Corporate Issuers 3. Derivatives 4. Economics 5. Equity 6. Ethics 7. Financial Statement Analysis 8. Fixed Income 9. Portfolio Management 10. Quantative Methods<\/p>","protected":false},"featured_media":8407,"comment_status":"closed","ping_status":"closed","template":"","meta":[],"product_brand":[],"product_cat":[260],"product_tag":[86,93,88,90,87,91,89,92,201],"class_list":{"0":"post-8406","1":"product","2":"type-product","3":"status-publish","4":"has-post-thumbnail","6":"product_cat-cfa-level-1","7":"product_tag-cfa-2024","8":"product_tag-cfa-books","9":"product_tag-cfa-ebooks","10":"product_tag-cfa-exam","11":"product_tag-cfa-level-i","12":"product_tag-cfa-prep","13":"product_tag-cfa-program-curriculum","14":"product_tag-cfa-test","15":"product_tag-eoc-questions","17":"first","18":"instock","19":"downloadable","20":"virtual","21":"sold-individually","22":"purchasable","23":"product-type-simple"},"_links":{"self":[{"href":"https:\/\/www.cfaebooks.com\/sv\/wp-json\/wp\/v2\/product\/8406","targetHints":{"allow":["GET"]}}],"collection":[{"href":"https:\/\/www.cfaebooks.com\/sv\/wp-json\/wp\/v2\/product"}],"about":[{"href":"https:\/\/www.cfaebooks.com\/sv\/wp-json\/wp\/v2\/types\/product"}],"replies":[{"embeddable":true,"href":"https:\/\/www.cfaebooks.com\/sv\/wp-json\/wp\/v2\/comments?post=8406"}],"wp:featuredmedia":[{"embeddable":true,"href":"https:\/\/www.cfaebooks.com\/sv\/wp-json\/wp\/v2\/media\/8407"}],"wp:attachment":[{"href":"https:\/\/www.cfaebooks.com\/sv\/wp-json\/wp\/v2\/media?parent=8406"}],"wp:term":[{"taxonomy":"product_brand","embeddable":true,"href":"https:\/\/www.cfaebooks.com\/sv\/wp-json\/wp\/v2\/product_brand?post=8406"},{"taxonomy":"product_cat","embeddable":true,"href":"https:\/\/www.cfaebooks.com\/sv\/wp-json\/wp\/v2\/product_cat?post=8406"},{"taxonomy":"product_tag","embeddable":true,"href":"https:\/\/www.cfaebooks.com\/sv\/wp-json\/wp\/v2\/product_tag?post=8406"}],"curies":[{"name":"wp","href":"https:\/\/api.w.org\/{rel}","templated":true}]}}