{"id":7775,"date":"2024-03-01T07:34:24","date_gmt":"2024-03-01T07:34:24","guid":{"rendered":"https:\/\/www.cfaebooks.com\/?post_type=product&#038;p=7775"},"modified":"2026-04-03T07:55:55","modified_gmt":"2026-04-03T07:55:55","slug":"2024-cfa-program-laroplan-niva-1-full-box-set","status":"publish","type":"product","link":"https:\/\/www.cfaebooks.com\/sv\/products\/2024-cfa-program-laroplan-niva-1-full-box-set\/","title":{"rendered":"2024 CFA Program L\u00e4roplan Niv\u00e5 1 Full Box Set"},"content":{"rendered":"<p>For sale is an e-Book 2024 CFA Program Curriculum Level I Box Set.<\/p>\n\n\n\n<p>Volymerna omfattar:<\/p>\n\n\n\n<ul class=\"wp-block-list\">\n<li>Volym 1: Kvantitativa metoder<\/li>\n\n\n\n<li>Volym 2: Ekonomi och bokslutsanalys<\/li>\n\n\n\n<li>Volym 3: Bokslutsanalys och f\u00f6retagsemittenter<\/li>\n\n\n\n<li>Volym 4: F\u00f6retagsemittenter, aktieinvesteringar och r\u00e4nteb\u00e4rande v\u00e4rdepapper<\/li>\n\n\n\n<li>Volym 5: R\u00e4nteb\u00e4rande v\u00e4rdepapper, derivat, alternativa investeringar och portf\u00f6ljf\u00f6rvaltning<\/li>\n\n\n\n<li>Volym 6: Portf\u00f6ljf\u00f6rvaltning samt etiska och professionella standarder<\/li>\n<\/ul>\n\n\n\n<p>Detta \u00e4r inte en fysisk bok, utan en digital PDF-kopia. V\u00e4nligen k\u00f6p inte om du vill ha en fysisk papperskopia. Efter kassan kan du ladda ner e-boken direkt.<\/p>","protected":false},"excerpt":{"rendered":"<p>For sale is an e-Book 2024 CFA Program Curriculum Level I Box Set. Volumes include: This is not a physical book it is a\u00a0PDF\u00a0digital copy. Please do not purchase if you want a physical hard copy. After checkout you can download the e-Book instantly.<\/p>","protected":false},"featured_media":8111,"comment_status":"closed","ping_status":"closed","template":"","meta":[],"product_brand":[],"product_cat":[349],"product_tag":[86,87,89],"class_list":{"0":"post-7775","1":"product","2":"type-product","3":"status-publish","4":"has-post-thumbnail","6":"product_cat-cfa-level-1-2024","7":"product_tag-cfa-2024","8":"product_tag-cfa-level-i","9":"product_tag-cfa-program-curriculum","11":"first","12":"instock","13":"downloadable","14":"virtual","15":"sold-individually","16":"purchasable","17":"product-type-simple"},"_links":{"self":[{"href":"https:\/\/www.cfaebooks.com\/sv\/wp-json\/wp\/v2\/product\/7775","targetHints":{"allow":["GET"]}}],"collection":[{"href":"https:\/\/www.cfaebooks.com\/sv\/wp-json\/wp\/v2\/product"}],"about":[{"href":"https:\/\/www.cfaebooks.com\/sv\/wp-json\/wp\/v2\/types\/product"}],"replies":[{"embeddable":true,"href":"https:\/\/www.cfaebooks.com\/sv\/wp-json\/wp\/v2\/comments?post=7775"}],"wp:featuredmedia":[{"embeddable":true,"href":"https:\/\/www.cfaebooks.com\/sv\/wp-json\/wp\/v2\/media\/8111"}],"wp:attachment":[{"href":"https:\/\/www.cfaebooks.com\/sv\/wp-json\/wp\/v2\/media?parent=7775"}],"wp:term":[{"taxonomy":"product_brand","embeddable":true,"href":"https:\/\/www.cfaebooks.com\/sv\/wp-json\/wp\/v2\/product_brand?post=7775"},{"taxonomy":"product_cat","embeddable":true,"href":"https:\/\/www.cfaebooks.com\/sv\/wp-json\/wp\/v2\/product_cat?post=7775"},{"taxonomy":"product_tag","embeddable":true,"href":"https:\/\/www.cfaebooks.com\/sv\/wp-json\/wp\/v2\/product_tag?post=7775"}],"curies":[{"name":"wp","href":"https:\/\/api.w.org\/{rel}","templated":true}]}}