{"id":14298,"date":"2024-09-13T06:58:00","date_gmt":"2024-09-13T06:58:00","guid":{"rendered":"https:\/\/www.cfaebooks.com\/?post_type=product&#038;p=14298"},"modified":"2026-04-03T08:06:43","modified_gmt":"2026-04-03T08:06:43","slug":"2025-cfa-niva-3-paket","status":"publish","type":"product","link":"https:\/\/www.cfaebooks.com\/sv\/products\/2025-cfa-niva-3-paket\/","title":{"rendered":"2025 CFA Niv\u00e5 3 Paket"},"content":{"rendered":"<p>Till salu \u00e4r 2025 CFA Level 3 Bundle.<\/p>\n\n\n\n<p>I paketet ing\u00e5r: <\/p>\n\n\n\n<ul class=\"wp-block-list\">\n<li><strong>CFA niv\u00e5 3 2025 Schweser Notes: V\u00e4gen till portf\u00f6ljf\u00f6rvaltning<\/strong> <strong>+ Snabbblad<\/strong><\/li>\n\n\n\n<li><strong>CFA niv\u00e5 3 2025 Schweser Notes<\/strong>: <strong>Privata marknader<\/strong> <strong>+ Snabbblad<\/strong><\/li>\n\n\n\n<li><strong>CFA niv\u00e5 3 2025 Schweser Notes<\/strong>: <strong>Private Wealth\u00a0Pathway\u00a0+ Quicksheet<\/strong><\/li>\n<\/ul>\n\n\n\n<ul class=\"wp-block-list\">\n<li><strong>2025 CFA-programmets l\u00e4roplan Niv\u00e5 3 Portf\u00f6ljf\u00f6rvaltning<\/strong> <strong>Box Set<\/strong><\/li>\n\n\n\n<li><strong>2025 CFA-programmets l\u00e4roplan niv\u00e5 3<\/strong> <strong>Privata marknader<\/strong> <strong>Box Set<\/strong><\/li>\n\n\n\n<li><strong>2025 CFA-programmets l\u00e4roplan Niv\u00e5 3 Private Wealth <strong>Box Set<\/strong><\/strong><\/li>\n<\/ul>\n\n\n\n<ul class=\"wp-block-list\">\n<li><strong>CFA niv\u00e5 3 2025 IFT studieanteckningar: V\u00e4gen till portf\u00f6ljf\u00f6rvaltning<\/strong><\/li>\n\n\n\n<li><strong>CFA niv\u00e5 3 2025 IFT studieanteckningar:<\/strong> <strong>Privata marknader<\/strong><\/li>\n\n\n\n<li><strong>CFA niv\u00e5 3 2025 IFT studieanteckningar:<\/strong> <strong>Private Wealth&nbsp;Pathway<\/strong><\/li>\n<\/ul>\n\n\n\n<ul class=\"wp-block-list\">\n<li><strong>CFA 2025 Niv\u00e5 3 IFT H\u00f6gavkastande obligationer Alla 3 v\u00e4gar<\/strong><\/li>\n<\/ul>\n\n\n\n<p>This is not a physical book it is a\u00a0digital materials. Please do not purchase if you want a physical hard copy. After checkout you can download instantly.<\/p>","protected":false},"excerpt":{"rendered":"<p>For sale is the 2025 CFA Level 3 Bundle. In the package, include: This is not a physical book it is a\u00a0digital materials. Please do not purchase if you want a physical hard copy. After checkout you can download instantly.<\/p>","protected":false},"featured_media":13700,"comment_status":"closed","ping_status":"closed","template":"","meta":[],"product_brand":[],"product_cat":[265,273],"product_tag":[261,93,88,90,180,267,91,92,274,161,177,168],"class_list":{"0":"post-14298","1":"product","2":"type-product","3":"status-publish","4":"has-post-thumbnail","6":"product_cat-cfa-level-3","7":"product_cat-cfa-bundles","8":"product_tag-cfa-2025","9":"product_tag-cfa-books","10":"product_tag-cfa-ebooks","11":"product_tag-cfa-exam","12":"product_tag-cfa-level-3","13":"product_tag-cfa-level-3-2025","14":"product_tag-cfa-prep","15":"product_tag-cfa-test","16":"product_tag-program-curriculum","17":"product_tag-question-bank","18":"product_tag-quicksheet","19":"product_tag-study-notes","21":"first","22":"instock","23":"downloadable","24":"virtual","25":"sold-individually","26":"purchasable","27":"product-type-simple"},"_links":{"self":[{"href":"https:\/\/www.cfaebooks.com\/sv\/wp-json\/wp\/v2\/product\/14298","targetHints":{"allow":["GET"]}}],"collection":[{"href":"https:\/\/www.cfaebooks.com\/sv\/wp-json\/wp\/v2\/product"}],"about":[{"href":"https:\/\/www.cfaebooks.com\/sv\/wp-json\/wp\/v2\/types\/product"}],"replies":[{"embeddable":true,"href":"https:\/\/www.cfaebooks.com\/sv\/wp-json\/wp\/v2\/comments?post=14298"}],"wp:featuredmedia":[{"embeddable":true,"href":"https:\/\/www.cfaebooks.com\/sv\/wp-json\/wp\/v2\/media\/13700"}],"wp:attachment":[{"href":"https:\/\/www.cfaebooks.com\/sv\/wp-json\/wp\/v2\/media?parent=14298"}],"wp:term":[{"taxonomy":"product_brand","embeddable":true,"href":"https:\/\/www.cfaebooks.com\/sv\/wp-json\/wp\/v2\/product_brand?post=14298"},{"taxonomy":"product_cat","embeddable":true,"href":"https:\/\/www.cfaebooks.com\/sv\/wp-json\/wp\/v2\/product_cat?post=14298"},{"taxonomy":"product_tag","embeddable":true,"href":"https:\/\/www.cfaebooks.com\/sv\/wp-json\/wp\/v2\/product_tag?post=14298"}],"curies":[{"name":"wp","href":"https:\/\/api.w.org\/{rel}","templated":true}]}}