{"id":14206,"date":"2025-10-09T08:04:36","date_gmt":"2025-10-09T08:04:36","guid":{"rendered":"https:\/\/www.cfaebooks.com\/?post_type=product&#038;p=14206"},"modified":"2026-04-03T08:06:30","modified_gmt":"2026-04-03T08:06:30","slug":"2026-cfa-level-3-ift-mock-exam-portfolio-management-pathway","status":"publish","type":"product","link":"https:\/\/www.cfaebooks.com\/sv\/products\/2026-cfa-level-3-ift-mock-exam-portfolio-management-pathway\/","title":{"rendered":"2026 CFA niv\u00e5 3 IFT prov: Portf\u00f6ljf\u00f6rvaltningsv\u00e4g"},"content":{"rendered":"<p>Till salu finns en e-bok 2026 CFA Level 3 IFT Mock Exams Portfolio Management Pathway PDF.<\/p>\n\n\n\n<ul class=\"wp-block-list\">\n<li>Inklusive 2 sessioner, <strong>4 fullst\u00e4ndiga prov<\/strong>.<\/li>\n\n\n\n<li>Dessa prov \u00e4r utformade f\u00f6r CFA niv\u00e5 3 Portf\u00f6ljf\u00f6rvaltningssp\u00e5r i sv\u00e5righetsgrad.<\/li>\n\n\n\n<li>Inneh\u00e5ller en separat fil f\u00f6r fr\u00e5gor och svar s\u00e5 att du kan g\u00f6ra fr\u00e5gorna och sedan j\u00e4mf\u00f6ra dina svar.<\/li>\n\n\n\n<li>Texten \u00e4r s\u00f6kbar med hj\u00e4lp av s\u00f6kfunktionen p\u00e5 din dators tangentbord \"ctrl+f\" och genom s\u00f6kning p\u00e5 din smartphone\/surfplatta<\/li>\n\n\n\n<li>Detta \u00e4r inte en fysisk bok, utan en digital PDF-kopia. V\u00e4nligen k\u00f6p inte om du vill ha en fysisk papperskopia.<\/li>\n\n\n\n<li>N\u00e4r du har checkat ut kan du ladda ner e-boken direkt.<\/li>\n<\/ul>","protected":false},"excerpt":{"rendered":"<p>Till salu finns en e-bok 2026 CFA Level 3 IFT Mock Exams Portfolio Management Pathway PDF.<\/p>","protected":false},"featured_media":14208,"comment_status":"closed","ping_status":"closed","template":"","meta":[],"product_brand":[],"product_cat":[265],"product_tag":[369,93,88,90,180,371,361,311,91,92],"class_list":{"0":"post-14206","1":"product","2":"type-product","3":"status-publish","4":"has-post-thumbnail","6":"product_cat-cfa-level-3","7":"product_tag-cfa-2026","8":"product_tag-cfa-books","9":"product_tag-cfa-ebooks","10":"product_tag-cfa-exam","11":"product_tag-cfa-level-3","12":"product_tag-cfa-level-3-2026","13":"product_tag-cfa-mock-exams","14":"product_tag-cfa-mocks","15":"product_tag-cfa-prep","16":"product_tag-cfa-test","18":"first","19":"instock","20":"downloadable","21":"virtual","22":"sold-individually","23":"purchasable","24":"product-type-simple"},"_links":{"self":[{"href":"https:\/\/www.cfaebooks.com\/sv\/wp-json\/wp\/v2\/product\/14206","targetHints":{"allow":["GET"]}}],"collection":[{"href":"https:\/\/www.cfaebooks.com\/sv\/wp-json\/wp\/v2\/product"}],"about":[{"href":"https:\/\/www.cfaebooks.com\/sv\/wp-json\/wp\/v2\/types\/product"}],"replies":[{"embeddable":true,"href":"https:\/\/www.cfaebooks.com\/sv\/wp-json\/wp\/v2\/comments?post=14206"}],"wp:featuredmedia":[{"embeddable":true,"href":"https:\/\/www.cfaebooks.com\/sv\/wp-json\/wp\/v2\/media\/14208"}],"wp:attachment":[{"href":"https:\/\/www.cfaebooks.com\/sv\/wp-json\/wp\/v2\/media?parent=14206"}],"wp:term":[{"taxonomy":"product_brand","embeddable":true,"href":"https:\/\/www.cfaebooks.com\/sv\/wp-json\/wp\/v2\/product_brand?post=14206"},{"taxonomy":"product_cat","embeddable":true,"href":"https:\/\/www.cfaebooks.com\/sv\/wp-json\/wp\/v2\/product_cat?post=14206"},{"taxonomy":"product_tag","embeddable":true,"href":"https:\/\/www.cfaebooks.com\/sv\/wp-json\/wp\/v2\/product_tag?post=14206"}],"curies":[{"name":"wp","href":"https:\/\/api.w.org\/{rel}","templated":true}]}}