{"id":14077,"date":"2025-10-04T11:47:44","date_gmt":"2025-10-04T11:47:44","guid":{"rendered":"https:\/\/www.cfaebooks.com\/?post_type=product&#038;p=14077"},"modified":"2026-04-03T08:06:06","modified_gmt":"2026-04-03T08:06:06","slug":"cfa-2026-level-2-ift-study-notes-with-formula-sheet","status":"publish","type":"product","link":"https:\/\/www.cfaebooks.com\/sv\/products\/cfa-2026-level-2-ift-study-notes-with-formula-sheet\/","title":{"rendered":"CFA 2026 niv\u00e5 2 IFT-studienoter med formelsamling"},"content":{"rendered":"<p>For sale is an e-Book 2026 CFA Level 2 IFT Study Notes with Formula Sheet PDF.<\/p>\n\n\n\n<p>Inneh\u00e5ller f\u00f6ljande \u00e4mnen: <\/p>\n\n\n\n<ul class=\"wp-block-list\">\n<li><em>Kvantitativa metoder<\/em><\/li>\n\n\n\n<li><em>Ekonomi<\/em><\/li>\n\n\n\n<li><em>Analys av finansiella rapporter<\/em><\/li>\n\n\n\n<li><em>F\u00f6retagsemittenter<\/em><\/li>\n\n\n\n<li><em>Eget kapital<\/em><\/li>\n\n\n\n<li><em>R\u00e4nteb\u00e4rande v\u00e4rdepapper<\/em><\/li>\n\n\n\n<li><em>Derivatinstrument<\/em><\/li>\n\n\n\n<li><em>Alternativa investeringar<\/em><\/li>\n\n\n\n<li><em>Portf\u00f6ljf\u00f6rvaltning<\/em><\/li>\n\n\n\n<li><em>Etiska och yrkesm\u00e4ssiga normer<\/em>.<\/li>\n<\/ul>\n\n\n\n<p>Detta \u00e4r inte en fysisk bok, utan en digital PDF-kopia. V\u00e4nligen k\u00f6p inte om du vill ha en fysisk papperskopia.<\/p>\n\n\n\n<p>N\u00e4r du har checkat ut kan du ladda ner e-boken direkt.<\/p>","protected":false},"excerpt":{"rendered":"<p>For sale is an e-Book 2026 CFA Level 2 IFT Study Notes with Formula Sheet PDF. Includes the following topics: This is not a physical book it is a&nbsp;PDF&nbsp;digital copy. Please do not purchase if you want a physical hard copy. After checkout you can download the e-Book instantly.<\/p>","protected":false},"featured_media":14078,"comment_status":"closed","ping_status":"closed","template":"","meta":[],"product_brand":[],"product_cat":[266],"product_tag":[369,93,88,90,178,375,91,92,164,167,168],"class_list":{"0":"post-14077","1":"product","2":"type-product","3":"status-publish","4":"has-post-thumbnail","6":"product_cat-cfa-level-2","7":"product_tag-cfa-2026","8":"product_tag-cfa-books","9":"product_tag-cfa-ebooks","10":"product_tag-cfa-exam","11":"product_tag-cfa-level-2","12":"product_tag-cfa-level-2-2026","13":"product_tag-cfa-prep","14":"product_tag-cfa-test","15":"product_tag-formula-sheet","16":"product_tag-ift","17":"product_tag-study-notes","19":"first","20":"instock","21":"downloadable","22":"virtual","23":"sold-individually","24":"purchasable","25":"product-type-simple"},"_links":{"self":[{"href":"https:\/\/www.cfaebooks.com\/sv\/wp-json\/wp\/v2\/product\/14077","targetHints":{"allow":["GET"]}}],"collection":[{"href":"https:\/\/www.cfaebooks.com\/sv\/wp-json\/wp\/v2\/product"}],"about":[{"href":"https:\/\/www.cfaebooks.com\/sv\/wp-json\/wp\/v2\/types\/product"}],"replies":[{"embeddable":true,"href":"https:\/\/www.cfaebooks.com\/sv\/wp-json\/wp\/v2\/comments?post=14077"}],"wp:featuredmedia":[{"embeddable":true,"href":"https:\/\/www.cfaebooks.com\/sv\/wp-json\/wp\/v2\/media\/14078"}],"wp:attachment":[{"href":"https:\/\/www.cfaebooks.com\/sv\/wp-json\/wp\/v2\/media?parent=14077"}],"wp:term":[{"taxonomy":"product_brand","embeddable":true,"href":"https:\/\/www.cfaebooks.com\/sv\/wp-json\/wp\/v2\/product_brand?post=14077"},{"taxonomy":"product_cat","embeddable":true,"href":"https:\/\/www.cfaebooks.com\/sv\/wp-json\/wp\/v2\/product_cat?post=14077"},{"taxonomy":"product_tag","embeddable":true,"href":"https:\/\/www.cfaebooks.com\/sv\/wp-json\/wp\/v2\/product_tag?post=14077"}],"curies":[{"name":"wp","href":"https:\/\/api.w.org\/{rel}","templated":true}]}}