{"id":14026,"date":"2025-10-04T00:12:56","date_gmt":"2025-10-04T00:12:56","guid":{"rendered":"https:\/\/www.cfaebooks.com\/?post_type=product&#038;p=14026"},"modified":"2026-04-03T08:05:58","modified_gmt":"2026-04-03T08:05:58","slug":"cfa-2026-level-1-salt-solutions-question-bank","status":"publish","type":"product","link":"https:\/\/www.cfaebooks.com\/sv\/products\/cfa-2026-level-1-salt-solutions-question-bank\/","title":{"rendered":"CFA 2026 Niv\u00e5 1 Saltl\u00f6sningar Fr\u00e5gebank"},"content":{"rendered":"<p>For sale is an e-Book 2026 CFA Level 1 Salt Solutions Question Bank PDF.<\/p>\n\n\n\n<ul class=\"wp-block-list\">\n<li>Including more than 1000+ questions with answers<\/li>\n\n\n\n<li>Inneh\u00e5ller en separat fil f\u00f6r fr\u00e5gor och svar s\u00e5 att du kan g\u00f6ra fr\u00e5gorna och sedan j\u00e4mf\u00f6ra dina svar.<\/li>\n\n\n\n<li>Includes the following 10 topics:&nbsp;\n<ul class=\"wp-block-list\">\n<li><em><strong>Kvantitativa metoder<\/strong><\/em><\/li>\n\n\n\n<li><em><strong>Ekonomi<\/strong><\/em><\/li>\n\n\n\n<li><em><strong>F\u00f6retagsemittenter<\/strong><\/em><\/li>\n\n\n\n<li><em><strong>Analys av finansiella rapporter<\/strong><\/em><\/li>\n\n\n\n<li><em><strong>Equities<\/strong><\/em><\/li>\n\n\n\n<li><em><strong>R\u00e4nteb\u00e4rande v\u00e4rdepapper<\/strong><\/em><\/li>\n\n\n\n<li><em><strong>Derivatinstrument<\/strong><\/em><\/li>\n\n\n\n<li><em><strong>Alternativa investeringar<\/strong><\/em><\/li>\n\n\n\n<li><em><strong>Portf\u00f6ljf\u00f6rvaltning<\/strong><\/em><\/li>\n\n\n\n<li><em><strong>Ethics.<\/strong><\/em><\/li>\n<\/ul>\n<\/li>\n\n\n\n<li>Texten \u00e4r s\u00f6kbar med hj\u00e4lp av s\u00f6kfunktionen p\u00e5 din dators tangentbord \"ctrl+f\" och genom s\u00f6kning p\u00e5 din smartphone\/surfplatta<\/li>\n\n\n\n<li>Detta \u00e4r inte en fysisk bok, utan en digital PDF-kopia. V\u00e4nligen k\u00f6p inte om du vill ha en fysisk papperskopia.<\/li>\n\n\n\n<li>N\u00e4r du har checkat ut kan du ladda ner e-boken direkt.<\/li>\n<\/ul>","protected":false},"excerpt":{"rendered":"<p>For sale is an e-Book 2026 CFA Level 1 Salt Solutions Question Bank PDF.<\/p>","protected":false},"featured_media":14027,"comment_status":"closed","ping_status":"closed","template":"","meta":[],"product_brand":[],"product_cat":[260],"product_tag":[369,93,88,90,370,87,91,92,162,161,377],"class_list":{"0":"post-14026","1":"product","2":"type-product","3":"status-publish","4":"has-post-thumbnail","6":"product_cat-cfa-level-1","7":"product_tag-cfa-2026","8":"product_tag-cfa-books","9":"product_tag-cfa-ebooks","10":"product_tag-cfa-exam","11":"product_tag-cfa-level-1-2026","12":"product_tag-cfa-level-i","13":"product_tag-cfa-prep","14":"product_tag-cfa-test","15":"product_tag-qbank","16":"product_tag-question-bank","17":"product_tag-salt-solutions","19":"first","20":"instock","21":"downloadable","22":"virtual","23":"sold-individually","24":"purchasable","25":"product-type-simple"},"_links":{"self":[{"href":"https:\/\/www.cfaebooks.com\/sv\/wp-json\/wp\/v2\/product\/14026","targetHints":{"allow":["GET"]}}],"collection":[{"href":"https:\/\/www.cfaebooks.com\/sv\/wp-json\/wp\/v2\/product"}],"about":[{"href":"https:\/\/www.cfaebooks.com\/sv\/wp-json\/wp\/v2\/types\/product"}],"replies":[{"embeddable":true,"href":"https:\/\/www.cfaebooks.com\/sv\/wp-json\/wp\/v2\/comments?post=14026"}],"wp:featuredmedia":[{"embeddable":true,"href":"https:\/\/www.cfaebooks.com\/sv\/wp-json\/wp\/v2\/media\/14027"}],"wp:attachment":[{"href":"https:\/\/www.cfaebooks.com\/sv\/wp-json\/wp\/v2\/media?parent=14026"}],"wp:term":[{"taxonomy":"product_brand","embeddable":true,"href":"https:\/\/www.cfaebooks.com\/sv\/wp-json\/wp\/v2\/product_brand?post=14026"},{"taxonomy":"product_cat","embeddable":true,"href":"https:\/\/www.cfaebooks.com\/sv\/wp-json\/wp\/v2\/product_cat?post=14026"},{"taxonomy":"product_tag","embeddable":true,"href":"https:\/\/www.cfaebooks.com\/sv\/wp-json\/wp\/v2\/product_tag?post=14026"}],"curies":[{"name":"wp","href":"https:\/\/api.w.org\/{rel}","templated":true}]}}