{"id":13842,"date":"2025-09-30T07:41:41","date_gmt":"2025-09-30T07:41:41","guid":{"rendered":"https:\/\/www.cfaebooks.com\/?post_type=product&#038;p=13842"},"modified":"2026-04-03T08:05:55","modified_gmt":"2026-04-03T08:05:55","slug":"cfa-level-1-2026-salt-solutions-videos-and-notes","status":"publish","type":"product","link":"https:\/\/www.cfaebooks.com\/sv\/products\/cfa-level-1-2026-salt-solutions-videos-and-notes\/","title":{"rendered":"CFA niv\u00e5 1 2026 Saltl\u00f6sningar Videor och anteckningar"},"content":{"rendered":"<p>For sale is the 2026 CFA Level 1 Salt Solutions Videos and Notes.<\/p>\n\n\n\n<p>Includes the following 10 topics:&nbsp;<\/p>\n\n\n\n<ol class=\"wp-block-list\">\n<li><em><strong>Kvantitativa metoder<\/strong><\/em><\/li>\n\n\n\n<li><em><strong>Ekonomi<\/strong><\/em><\/li>\n\n\n\n<li><em><strong>F\u00f6retagsemittenter<\/strong><\/em><\/li>\n\n\n\n<li><em><strong>Analys av finansiella rapporter<\/strong><\/em><\/li>\n\n\n\n<li><em><strong>Equities<\/strong><\/em><\/li>\n\n\n\n<li><em><strong>R\u00e4nteb\u00e4rande v\u00e4rdepapper<\/strong><\/em><\/li>\n\n\n\n<li><em><strong>Derivatinstrument<\/strong><\/em><\/li>\n\n\n\n<li><em><strong>Alternativa investeringar<\/strong><\/em><\/li>\n\n\n\n<li><em><strong>Portf\u00f6ljf\u00f6rvaltning<\/strong><\/em><\/li>\n\n\n\n<li><em><strong>Ethics.<\/strong><\/em><\/li>\n<\/ol>\n\n\n\n<ul class=\"wp-block-list\">\n<li><strong>Including notes for each topic<\/strong><\/li>\n\n\n\n<li>Texten \u00e4r s\u00f6kbar med hj\u00e4lp av s\u00f6kfunktionen p\u00e5 din dators tangentbord \"ctrl+f\" och genom s\u00f6kning p\u00e5 din smartphone\/surfplatta<\/li>\n\n\n\n<li>Efter betalning kan du ladda ner den direkt.<\/li>\n<\/ul>\n\n\n\n<p><\/p>","protected":false},"excerpt":{"rendered":"<p>For sale is the 2026 CFA Level 1 Salt Solutions Videos and Notes. Includes the following 10 topics:&nbsp;<\/p>","protected":false},"featured_media":13843,"comment_status":"closed","ping_status":"closed","template":"","meta":[],"product_brand":[],"product_cat":[260],"product_tag":[369,93,88,90,370,87,91,92,302,377,271],"class_list":{"0":"post-13842","1":"product","2":"type-product","3":"status-publish","4":"has-post-thumbnail","6":"product_cat-cfa-level-1","7":"product_tag-cfa-2026","8":"product_tag-cfa-books","9":"product_tag-cfa-ebooks","10":"product_tag-cfa-exam","11":"product_tag-cfa-level-1-2026","12":"product_tag-cfa-level-i","13":"product_tag-cfa-prep","14":"product_tag-cfa-test","15":"product_tag-cfa-video-lectures","16":"product_tag-salt-solutions","17":"product_tag-video-lectures","19":"first","20":"instock","21":"downloadable","22":"virtual","23":"sold-individually","24":"purchasable","25":"product-type-simple"},"_links":{"self":[{"href":"https:\/\/www.cfaebooks.com\/sv\/wp-json\/wp\/v2\/product\/13842","targetHints":{"allow":["GET"]}}],"collection":[{"href":"https:\/\/www.cfaebooks.com\/sv\/wp-json\/wp\/v2\/product"}],"about":[{"href":"https:\/\/www.cfaebooks.com\/sv\/wp-json\/wp\/v2\/types\/product"}],"replies":[{"embeddable":true,"href":"https:\/\/www.cfaebooks.com\/sv\/wp-json\/wp\/v2\/comments?post=13842"}],"wp:featuredmedia":[{"embeddable":true,"href":"https:\/\/www.cfaebooks.com\/sv\/wp-json\/wp\/v2\/media\/13843"}],"wp:attachment":[{"href":"https:\/\/www.cfaebooks.com\/sv\/wp-json\/wp\/v2\/media?parent=13842"}],"wp:term":[{"taxonomy":"product_brand","embeddable":true,"href":"https:\/\/www.cfaebooks.com\/sv\/wp-json\/wp\/v2\/product_brand?post=13842"},{"taxonomy":"product_cat","embeddable":true,"href":"https:\/\/www.cfaebooks.com\/sv\/wp-json\/wp\/v2\/product_cat?post=13842"},{"taxonomy":"product_tag","embeddable":true,"href":"https:\/\/www.cfaebooks.com\/sv\/wp-json\/wp\/v2\/product_tag?post=13842"}],"curies":[{"name":"wp","href":"https:\/\/api.w.org\/{rel}","templated":true}]}}