{"id":12921,"date":"2025-06-21T02:48:46","date_gmt":"2025-06-21T02:48:46","guid":{"rendered":"https:\/\/www.cfaebooks.com\/?post_type=product&#038;p=12921"},"modified":"2026-04-03T08:04:56","modified_gmt":"2026-04-03T08:04:56","slug":"cfa-2025-uworld-studieguide-niva-3-privat-formogenhet-vag-med-formelblad","status":"publish","type":"product","link":"https:\/\/www.cfaebooks.com\/sv\/products\/cfa-2025-uworld-studieguide-niva-3-privat-formogenhet-vag-med-formelblad\/","title":{"rendered":"CFA 2025 UWorld Studiehandbok Niv\u00e5 3 Private Wealth Pathway med formelblad"},"content":{"rendered":"<p>For sale is an e-Book 2025 CFA UWorld Study Guide Level 3 Private Wealth Pathway with Formula Sheets PDF.<\/p>\n\n\n\n<p>Inneh\u00e5ller f\u00f6ljande \u00e4mnen:<\/p>\n\n\n\n<ul class=\"wp-block-list\">\n<li>Core topics: \n<ul class=\"wp-block-list\">\n<li>Tillg\u00e5ngsf\u00f6rdelning<\/li>\n\n\n\n<li>Portf\u00f6ljkonstruktion<\/li>\n\n\n\n<li>Prestationsstyrning<\/li>\n\n\n\n<li>Derivat och riskhantering<\/li>\n\n\n\n<li>Etiska och yrkesm\u00e4ssiga normer<\/li>\n<\/ul>\n<\/li>\n\n\n\n<li><strong>Private Wealth Pathway<\/strong><\/li>\n\n\n\n<li><strong>Formelblad<\/strong><\/li>\n<\/ul>\n\n\n\n<p>Texten \u00e4r s\u00f6kbar med hj\u00e4lp av s\u00f6kfunktionen p\u00e5 din dators tangentbord \"ctrl f\" och genom s\u00f6kning p\u00e5 din smartphone\/surfplatta.<\/p>\n\n\n\n<p>Det h\u00e4r \u00e4r inte en fysisk bok utan en digital PDF-kopia. V\u00e4nligen k\u00f6p inte om du vill ha en fysisk papperskopia<\/p>","protected":false},"excerpt":{"rendered":"<p>For sale is an e-Book 2025 CFA UWorld Study Guide Level 3 Private Wealth Pathway with Formula Sheets PDF. Includes the following topics: The text is searchable using the find feature on your computer keyboard &#8216;ctrl f&#8217; and through search on your smartphone\/tablet. This is not a physical book it is a PDF digital copy. [&hellip;]<\/p>\n","protected":false},"featured_media":12911,"comment_status":"closed","ping_status":"closed","template":"","meta":[],"product_brand":[],"product_cat":[265],"product_tag":[261,93,88,90,180,91,363,92,365,168],"class_list":{"0":"post-12921","1":"product","2":"type-product","3":"status-publish","4":"has-post-thumbnail","6":"product_cat-cfa-level-3","7":"product_tag-cfa-2025","8":"product_tag-cfa-books","9":"product_tag-cfa-ebooks","10":"product_tag-cfa-exam","11":"product_tag-cfa-level-3","12":"product_tag-cfa-prep","13":"product_tag-cfa-study-notes","14":"product_tag-cfa-test","15":"product_tag-cfa-uworld","16":"product_tag-study-notes","18":"first","19":"instock","20":"downloadable","21":"virtual","22":"sold-individually","23":"purchasable","24":"product-type-simple"},"_links":{"self":[{"href":"https:\/\/www.cfaebooks.com\/sv\/wp-json\/wp\/v2\/product\/12921","targetHints":{"allow":["GET"]}}],"collection":[{"href":"https:\/\/www.cfaebooks.com\/sv\/wp-json\/wp\/v2\/product"}],"about":[{"href":"https:\/\/www.cfaebooks.com\/sv\/wp-json\/wp\/v2\/types\/product"}],"replies":[{"embeddable":true,"href":"https:\/\/www.cfaebooks.com\/sv\/wp-json\/wp\/v2\/comments?post=12921"}],"wp:featuredmedia":[{"embeddable":true,"href":"https:\/\/www.cfaebooks.com\/sv\/wp-json\/wp\/v2\/media\/12911"}],"wp:attachment":[{"href":"https:\/\/www.cfaebooks.com\/sv\/wp-json\/wp\/v2\/media?parent=12921"}],"wp:term":[{"taxonomy":"product_brand","embeddable":true,"href":"https:\/\/www.cfaebooks.com\/sv\/wp-json\/wp\/v2\/product_brand?post=12921"},{"taxonomy":"product_cat","embeddable":true,"href":"https:\/\/www.cfaebooks.com\/sv\/wp-json\/wp\/v2\/product_cat?post=12921"},{"taxonomy":"product_tag","embeddable":true,"href":"https:\/\/www.cfaebooks.com\/sv\/wp-json\/wp\/v2\/product_tag?post=12921"}],"curies":[{"name":"wp","href":"https:\/\/api.w.org\/{rel}","templated":true}]}}