{"id":12756,"date":"2025-06-06T04:09:23","date_gmt":"2025-06-06T04:09:23","guid":{"rendered":"https:\/\/www.cfaebooks.com\/?post_type=product&#038;p=12756"},"modified":"2026-04-03T08:04:14","modified_gmt":"2026-04-03T08:04:14","slug":"cfa-2025-analystprep-studieanteckningar-med-formelblad-niva-3-alla-vagar","status":"publish","type":"product","link":"https:\/\/www.cfaebooks.com\/sv\/products\/cfa-2025-analystprep-studieanteckningar-med-formelblad-niva-3-alla-vagar\/","title":{"rendered":"CFA 2025 AnalystPrep Studieanteckningar med formelblad Niv\u00e5 3 Alla v\u00e4gar"},"content":{"rendered":"<p>Till salu finns en e-bok <strong>2025 CFA AnalystPrep Study notes Level 3 with Formula sheet All pathways<\/strong> PDF.<\/p>\n\n\n\n<p>Inneh\u00e5ller f\u00f6ljande \u00e4mnen:&nbsp;<\/p>\n\n\n\n<ul class=\"wp-block-list\">\n<li><strong>Kapitel 1:<\/strong> Tillg\u00e5ngsf\u00f6rdelning<\/li>\n\n\n\n<li><strong>Kapitel 2:<\/strong> Portf\u00f6ljkonstruktion<\/li>\n\n\n\n<li><strong>Kapitel 3:<\/strong> Prestationsstyrning<\/li>\n\n\n\n<li><strong>Kapitel 4:<\/strong> Derivat och riskhantering<\/li>\n\n\n\n<li><strong>Kapitel 5:<\/strong> Etiska normer<\/li>\n\n\n\n<li><strong>Portf\u00f6ljf\u00f6rvaltning<\/strong><\/li>\n\n\n\n<li><strong>Privata marknader<\/strong><\/li>\n\n\n\n<li><strong>Private Wealth Pathway<\/strong><\/li>\n\n\n\n<li><strong>Formelblad<\/strong><\/li>\n<\/ul>\n\n\n\n<p>Detta \u00e4r inte en fysisk bok, utan en digital PDF-kopia. V\u00e4nligen k\u00f6p inte om du vill ha en fysisk papperskopia. Efter kassan kan du ladda ner e-boken omedelbart.<\/p>","protected":false},"excerpt":{"rendered":"<p>For sale is an e-Book 2025 CFA AnalystPrep Study notes Level 3 with Formula sheet All pathways PDF. Includes the following topics:&nbsp; This is not a physical book it is a&nbsp;PDF&nbsp;digital copy. Please do not purchase if you want a physical hard copy. After checkout you can download the e-Book immediately.<\/p>","protected":false},"featured_media":12600,"comment_status":"closed","ping_status":"closed","template":"","meta":[],"product_brand":[],"product_cat":[265],"product_tag":[261,93,88,90,180,91,363,92,164,176,168],"class_list":{"0":"post-12756","1":"product","2":"type-product","3":"status-publish","4":"has-post-thumbnail","6":"product_cat-cfa-level-3","7":"product_tag-cfa-2025","8":"product_tag-cfa-books","9":"product_tag-cfa-ebooks","10":"product_tag-cfa-exam","11":"product_tag-cfa-level-3","12":"product_tag-cfa-prep","13":"product_tag-cfa-study-notes","14":"product_tag-cfa-test","15":"product_tag-formula-sheet","16":"product_tag-mock-exam","17":"product_tag-study-notes","19":"first","20":"instock","21":"downloadable","22":"virtual","23":"sold-individually","24":"purchasable","25":"product-type-simple"},"_links":{"self":[{"href":"https:\/\/www.cfaebooks.com\/sv\/wp-json\/wp\/v2\/product\/12756","targetHints":{"allow":["GET"]}}],"collection":[{"href":"https:\/\/www.cfaebooks.com\/sv\/wp-json\/wp\/v2\/product"}],"about":[{"href":"https:\/\/www.cfaebooks.com\/sv\/wp-json\/wp\/v2\/types\/product"}],"replies":[{"embeddable":true,"href":"https:\/\/www.cfaebooks.com\/sv\/wp-json\/wp\/v2\/comments?post=12756"}],"wp:featuredmedia":[{"embeddable":true,"href":"https:\/\/www.cfaebooks.com\/sv\/wp-json\/wp\/v2\/media\/12600"}],"wp:attachment":[{"href":"https:\/\/www.cfaebooks.com\/sv\/wp-json\/wp\/v2\/media?parent=12756"}],"wp:term":[{"taxonomy":"product_brand","embeddable":true,"href":"https:\/\/www.cfaebooks.com\/sv\/wp-json\/wp\/v2\/product_brand?post=12756"},{"taxonomy":"product_cat","embeddable":true,"href":"https:\/\/www.cfaebooks.com\/sv\/wp-json\/wp\/v2\/product_cat?post=12756"},{"taxonomy":"product_tag","embeddable":true,"href":"https:\/\/www.cfaebooks.com\/sv\/wp-json\/wp\/v2\/product_tag?post=12756"}],"curies":[{"name":"wp","href":"https:\/\/api.w.org\/{rel}","templated":true}]}}