{"id":12228,"date":"2025-04-03T14:41:28","date_gmt":"2025-04-03T14:41:28","guid":{"rendered":"https:\/\/www.cfaebooks.com\/?post_type=product&#038;p=12228"},"modified":"2026-04-03T08:02:55","modified_gmt":"2026-04-03T08:02:55","slug":"cfa-2025-schweser-fragebank-niva-3-privat-formogenhetsforvaltning","status":"publish","type":"product","link":"https:\/\/www.cfaebooks.com\/sv\/products\/cfa-2025-schweser-fragebank-niva-3-privat-formogenhetsforvaltning\/","title":{"rendered":"CFA 2025 Schweser Fr\u00e5gebank Niv\u00e5 3 Private Wealth Pathway"},"content":{"rendered":"<p>For sale is an e-Book 2025 CFA Schweser Question Bank Level 3 Private Wealth Pathway PDF.<\/p>\n\n\n\n<p><strong>Inneh\u00e5ller f\u00f6ljande \u00e4mnen:<\/strong><\/p>\n\n\n\n<ul class=\"wp-block-list\">\n<li>Tillg\u00e5ngsf\u00f6rdelning<\/li>\n\n\n\n<li>Portfolio Contruction<\/li>\n\n\n\n<li>Prestationsm\u00e4tning<\/li>\n\n\n\n<li>Derivat och riskhantering<\/li>\n\n\n\n<li>Etiska och yrkesm\u00e4ssiga normer<\/li>\n\n\n\n<li><strong>Private Wealth<\/strong><\/li>\n<\/ul>\n\n\n\n<p>Efter utcheckningen kan du ladda ner e-boken omedelbart. Detta \u00e4r inte en fysisk bok, det \u00e4r en digital PDF-kopia. V\u00e4nligen k\u00f6p inte om du vill ha en fysisk papperskopia.<\/p>","protected":false},"excerpt":{"rendered":"<p>For sale is an e-Book 2025 CFA Schweser Question Bank Level 3 Private Wealth Pathway PDF. Includes the following topics: After checkout you can download the e-Book immediately. This is not a physical book it is a&nbsp;PDF&nbsp;digital copy. Please do not purchase if you want a physical hard copy.<\/p>","protected":false},"featured_media":12229,"comment_status":"closed","ping_status":"closed","template":"","meta":[],"product_brand":[],"product_cat":[265],"product_tag":[261,93,88,90,180,267,91,166,92,162,161,163],"class_list":{"0":"post-12228","1":"product","2":"type-product","3":"status-publish","4":"has-post-thumbnail","6":"product_cat-cfa-level-3","7":"product_tag-cfa-2025","8":"product_tag-cfa-books","9":"product_tag-cfa-ebooks","10":"product_tag-cfa-exam","11":"product_tag-cfa-level-3","12":"product_tag-cfa-level-3-2025","13":"product_tag-cfa-prep","14":"product_tag-cfa-question-bank","15":"product_tag-cfa-test","16":"product_tag-qbank","17":"product_tag-question-bank","18":"product_tag-schweser-qbank","20":"first","21":"instock","22":"downloadable","23":"virtual","24":"sold-individually","25":"purchasable","26":"product-type-simple"},"_links":{"self":[{"href":"https:\/\/www.cfaebooks.com\/sv\/wp-json\/wp\/v2\/product\/12228","targetHints":{"allow":["GET"]}}],"collection":[{"href":"https:\/\/www.cfaebooks.com\/sv\/wp-json\/wp\/v2\/product"}],"about":[{"href":"https:\/\/www.cfaebooks.com\/sv\/wp-json\/wp\/v2\/types\/product"}],"replies":[{"embeddable":true,"href":"https:\/\/www.cfaebooks.com\/sv\/wp-json\/wp\/v2\/comments?post=12228"}],"wp:featuredmedia":[{"embeddable":true,"href":"https:\/\/www.cfaebooks.com\/sv\/wp-json\/wp\/v2\/media\/12229"}],"wp:attachment":[{"href":"https:\/\/www.cfaebooks.com\/sv\/wp-json\/wp\/v2\/media?parent=12228"}],"wp:term":[{"taxonomy":"product_brand","embeddable":true,"href":"https:\/\/www.cfaebooks.com\/sv\/wp-json\/wp\/v2\/product_brand?post=12228"},{"taxonomy":"product_cat","embeddable":true,"href":"https:\/\/www.cfaebooks.com\/sv\/wp-json\/wp\/v2\/product_cat?post=12228"},{"taxonomy":"product_tag","embeddable":true,"href":"https:\/\/www.cfaebooks.com\/sv\/wp-json\/wp\/v2\/product_tag?post=12228"}],"curies":[{"name":"wp","href":"https:\/\/api.w.org\/{rel}","templated":true}]}}