{"id":12195,"date":"2025-04-02T14:14:39","date_gmt":"2025-04-02T14:14:39","guid":{"rendered":"https:\/\/www.cfaebooks.com\/?post_type=product&#038;p=12195"},"modified":"2026-04-03T08:02:35","modified_gmt":"2026-04-03T08:02:35","slug":"cfa-2025-analystprep-fragebank-niva-2","status":"publish","type":"product","link":"https:\/\/www.cfaebooks.com\/sv\/products\/cfa-2025-analystprep-fragebank-niva-2\/","title":{"rendered":"CFA 2025 AnalystPrep Fr\u00e5gebank Niv\u00e5 2"},"content":{"rendered":"<p>For sale is the 2025 CFA AnalystPrep Question Bank Level 2 PDF.<\/p>\n\n\n\n<p>1 200 sv\u00e5ra \u00f6vningsfr\u00e5gor<\/p>\n\n\n\n<p>Inneh\u00e5ller upps\u00e4ttning om 10 volymer:<\/p>\n\n\n\n<ul class=\"wp-block-list\">\n<li>Kvantitativa metoder<\/li>\n\n\n\n<li>Ekonomi<\/li>\n\n\n\n<li>Finansiell_rapportering &amp; analys<\/li>\n\n\n\n<li>F\u00f6retagsemittenter<\/li>\n\n\n\n<li>Eget kapital<\/li>\n\n\n\n<li>R\u00e4nteb\u00e4rande v\u00e4rdepapper<\/li>\n\n\n\n<li>Derivatinstrument<\/li>\n\n\n\n<li>Alternativa investeringar<\/li>\n\n\n\n<li>Portf\u00f6ljf\u00f6rvaltning<\/li>\n\n\n\n<li>Etik<\/li>\n<\/ul>\n\n\n\n<p>V\u00e4nligen k\u00f6p inte om du vill ha en fysisk papperskopia. <\/p>\n\n\n\n<p>N\u00e4r du har checkat ut kan du ladda ner materialet direkt.<\/p>","protected":false},"excerpt":{"rendered":"<p>For sale is the 2025 CFA AnalystPrep Question Bank Level 2 PDF. 1,200 Hard Practice Questions Includes Set of 10 volumes: Please do not purchase if you want a physical hard copy. After checkout you can download the material immediately.<\/p>","protected":false},"featured_media":12196,"comment_status":"closed","ping_status":"closed","template":"","meta":[],"product_brand":[],"product_cat":[266],"product_tag":[261,93,88,90,293,166,92,168],"class_list":{"0":"post-12195","1":"product","2":"type-product","3":"status-publish","4":"has-post-thumbnail","6":"product_cat-cfa-level-2","7":"product_tag-cfa-2025","8":"product_tag-cfa-books","9":"product_tag-cfa-ebooks","10":"product_tag-cfa-exam","11":"product_tag-cfa-level-2-2025","12":"product_tag-cfa-question-bank","13":"product_tag-cfa-test","14":"product_tag-study-notes","16":"first","17":"instock","18":"downloadable","19":"virtual","20":"sold-individually","21":"purchasable","22":"product-type-simple"},"_links":{"self":[{"href":"https:\/\/www.cfaebooks.com\/sv\/wp-json\/wp\/v2\/product\/12195","targetHints":{"allow":["GET"]}}],"collection":[{"href":"https:\/\/www.cfaebooks.com\/sv\/wp-json\/wp\/v2\/product"}],"about":[{"href":"https:\/\/www.cfaebooks.com\/sv\/wp-json\/wp\/v2\/types\/product"}],"replies":[{"embeddable":true,"href":"https:\/\/www.cfaebooks.com\/sv\/wp-json\/wp\/v2\/comments?post=12195"}],"wp:featuredmedia":[{"embeddable":true,"href":"https:\/\/www.cfaebooks.com\/sv\/wp-json\/wp\/v2\/media\/12196"}],"wp:attachment":[{"href":"https:\/\/www.cfaebooks.com\/sv\/wp-json\/wp\/v2\/media?parent=12195"}],"wp:term":[{"taxonomy":"product_brand","embeddable":true,"href":"https:\/\/www.cfaebooks.com\/sv\/wp-json\/wp\/v2\/product_brand?post=12195"},{"taxonomy":"product_cat","embeddable":true,"href":"https:\/\/www.cfaebooks.com\/sv\/wp-json\/wp\/v2\/product_cat?post=12195"},{"taxonomy":"product_tag","embeddable":true,"href":"https:\/\/www.cfaebooks.com\/sv\/wp-json\/wp\/v2\/product_tag?post=12195"}],"curies":[{"name":"wp","href":"https:\/\/api.w.org\/{rel}","templated":true}]}}