{"id":12090,"date":"2025-03-12T07:14:04","date_gmt":"2025-03-12T07:14:04","guid":{"rendered":"https:\/\/www.cfaebooks.com\/?post_type=product&#038;p=12090"},"modified":"2026-04-03T08:02:23","modified_gmt":"2026-04-03T08:02:23","slug":"cfa-2025-niva-2-samlingar-med-studieanteckningar-qbank-mcqs-och-mocks","status":"publish","type":"product","link":"https:\/\/www.cfaebooks.com\/sv\/products\/cfa-2025-niva-2-samlingar-med-studieanteckningar-qbank-mcqs-och-mocks\/","title":{"rendered":"CFA 2025 Niv\u00e5 2 Samlingar med studieanteckningar, Qbank, MCQ och Mocks"},"content":{"rendered":"<p>For sale is the 2025 CFA Level 2 Collection with Study Notes, Qbank, MCQs, and Mocks.<\/p>\n\n\n\n<p>I paketet ing\u00e5r det:<\/p>\n\n\n\n<ol class=\"wp-block-list\">\n<li>L\u00e4roplan B\u00f6cker 2025<\/li>\n\n\n\n<li>Kaplan Schweser 2025 + Quicksheet<\/li>\n\n\n\n<li>Kaplan Qbank 2025<\/li>\n\n\n\n<li>Etik 200 Mcqs<\/li>\n\n\n\n<li>CFA Web Paid Qbank<\/li>\n\n\n\n<li>Uworld Qbank <\/li>\n\n\n\n<li>Kaplan Mocks<\/li>\n\n\n\n<li>Uworld Mocks<\/li>\n\n\n\n<li>Mock Kevin Haria<\/li>\n\n\n\n<li>CFA Premium Mocks<\/li>\n\n\n\n<li>Extra Full Syllabus Mock<\/li>\n\n\n\n<li>Extra \u00e4mnesvisa tester<\/li>\n\n\n\n<li>Sammanfattningar och formel<\/li>\n<\/ol>\n\n\n\n<p>Det h\u00e4r \u00e4r inte en fysisk bok utan en digital PDF-kopia. V\u00e4nligen k\u00f6p inte om du vill ha en fysisk papperskopia<\/p>\n\n\n\n<p>N\u00e4r du har checkat ut kan du ladda ner materialet direkt.<\/p>","protected":false},"excerpt":{"rendered":"<p>For sale is the 2025 CFA Level 2 Collection with Study Notes, Qbank, MCQs, and Mocks. In the package, it is include: This is not a physical book it is a&nbsp;PDF&nbsp;digital copy. Please do not purchase if you want a physical hard copy After checkout you can download the material immediately.<\/p>","protected":false},"featured_media":17102,"comment_status":"closed","ping_status":"closed","template":"","meta":[],"product_brand":[],"product_cat":[266,273],"product_tag":[261,93,88,90,178,293,312,311,91,92,176],"class_list":{"0":"post-12090","1":"product","2":"type-product","3":"status-publish","4":"has-post-thumbnail","6":"product_cat-cfa-level-2","7":"product_cat-cfa-bundles","8":"product_tag-cfa-2025","9":"product_tag-cfa-books","10":"product_tag-cfa-ebooks","11":"product_tag-cfa-exam","12":"product_tag-cfa-level-2","13":"product_tag-cfa-level-2-2025","14":"product_tag-cfa-level-2-mocks","15":"product_tag-cfa-mocks","16":"product_tag-cfa-prep","17":"product_tag-cfa-test","18":"product_tag-mock-exam","20":"first","21":"instock","22":"downloadable","23":"virtual","24":"sold-individually","25":"purchasable","26":"product-type-simple"},"_links":{"self":[{"href":"https:\/\/www.cfaebooks.com\/sv\/wp-json\/wp\/v2\/product\/12090","targetHints":{"allow":["GET"]}}],"collection":[{"href":"https:\/\/www.cfaebooks.com\/sv\/wp-json\/wp\/v2\/product"}],"about":[{"href":"https:\/\/www.cfaebooks.com\/sv\/wp-json\/wp\/v2\/types\/product"}],"replies":[{"embeddable":true,"href":"https:\/\/www.cfaebooks.com\/sv\/wp-json\/wp\/v2\/comments?post=12090"}],"wp:featuredmedia":[{"embeddable":true,"href":"https:\/\/www.cfaebooks.com\/sv\/wp-json\/wp\/v2\/media\/17102"}],"wp:attachment":[{"href":"https:\/\/www.cfaebooks.com\/sv\/wp-json\/wp\/v2\/media?parent=12090"}],"wp:term":[{"taxonomy":"product_brand","embeddable":true,"href":"https:\/\/www.cfaebooks.com\/sv\/wp-json\/wp\/v2\/product_brand?post=12090"},{"taxonomy":"product_cat","embeddable":true,"href":"https:\/\/www.cfaebooks.com\/sv\/wp-json\/wp\/v2\/product_cat?post=12090"},{"taxonomy":"product_tag","embeddable":true,"href":"https:\/\/www.cfaebooks.com\/sv\/wp-json\/wp\/v2\/product_tag?post=12090"}],"curies":[{"name":"wp","href":"https:\/\/api.w.org\/{rel}","templated":true}]}}