{"id":12048,"date":"2025-03-12T01:09:58","date_gmt":"2025-03-12T01:09:58","guid":{"rendered":"https:\/\/www.cfaebooks.com\/?post_type=product&#038;p=12048"},"modified":"2026-04-03T08:02:10","modified_gmt":"2026-04-03T08:02:10","slug":"cfa-2025-program-laroplan-niva-iii-komplett-uppsattning-alla-3-vagar","status":"publish","type":"product","link":"https:\/\/www.cfaebooks.com\/sv\/products\/cfa-2025-program-laroplan-niva-iii-komplett-uppsattning-alla-3-vagar\/","title":{"rendered":"CFA 2025 Programl\u00e4roplan Niv\u00e5 III Fullst\u00e4ndig upps\u00e4ttning Alla 3 v\u00e4gar"},"content":{"rendered":"<p>For sale is an e-book 2025 CFA Program Curriculum Level III Full Set All Pathways PDF.<\/p>\n\n\n\n<p>Volymerna omfattar:<\/p>\n\n\n\n<ul class=\"wp-block-list\">\n<li>Core Curriculum\n<ul class=\"wp-block-list\">\n<li>Volume 1: &nbsp;Asset Allocation<\/li>\n\n\n\n<li>Volume 2: &nbsp;Portfolio Construction<\/li>\n\n\n\n<li>Volume 3:&nbsp; Performance Measurement<\/li>\n\n\n\n<li>Volume 4: &nbsp;Derivatives And Risk Management<\/li>\n\n\n\n<li>Volume 5: &nbsp;Ethical and Professional Standards<\/li>\n<\/ul>\n<\/li>\n\n\n\n<li>Portf\u00f6ljf\u00f6rvaltning\n<ul class=\"wp-block-list\">\n<li>Volume 1: Portfolio Management Pathway<\/li>\n\n\n\n<li>Volume 2: Portfolio Management Pathway<\/li>\n<\/ul>\n<\/li>\n\n\n\n<li>Privata marknader\n<ul class=\"wp-block-list\">\n<li>Volume 1: Private Markets Pathway<\/li>\n\n\n\n<li>Volume 2 Private Markets Pathway<\/li>\n<\/ul>\n<\/li>\n\n\n\n<li>Private Wealth Pathway\n<ul class=\"wp-block-list\">\n<li>Volume 1: Private Wealth Pathway<\/li>\n\n\n\n<li>Volume 2 Private Wealth Pathway<\/li>\n<\/ul>\n<\/li>\n<\/ul>\n\n\n\n<p>The text is searchable using the find feature on your computer keyboard &#8216;ctrl+f&#8217; and through search on your smartphone\/tablet. This is not a physical book it is a\u00a0PDF\u00a0digital copy. Please do not purchase if you want a physical hard copy. <\/p>\n\n\n\n<p>After checkout, you can download the e-Book immediately.<\/p>","protected":false},"excerpt":{"rendered":"<p>For sale is an e-book 2025 CFA Program Curriculum Level III Full Set All Pathways PDF. Volumes include: The text is searchable using the find feature on your computer keyboard &#8216;ctrl+f&#8217; and through search on your smartphone\/tablet. This is not a physical book it is a\u00a0PDF\u00a0digital copy. Please do not purchase if you want a [&hellip;]<\/p>\n","protected":false},"featured_media":12049,"comment_status":"closed","ping_status":"closed","template":"","meta":[],"product_brand":[],"product_cat":[265],"product_tag":[261,93,88,90,267,91,92,167],"class_list":{"0":"post-12048","1":"product","2":"type-product","3":"status-publish","4":"has-post-thumbnail","6":"product_cat-cfa-level-3","7":"product_tag-cfa-2025","8":"product_tag-cfa-books","9":"product_tag-cfa-ebooks","10":"product_tag-cfa-exam","11":"product_tag-cfa-level-3-2025","12":"product_tag-cfa-prep","13":"product_tag-cfa-test","14":"product_tag-ift","16":"first","17":"instock","18":"downloadable","19":"virtual","20":"sold-individually","21":"purchasable","22":"product-type-simple"},"_links":{"self":[{"href":"https:\/\/www.cfaebooks.com\/sv\/wp-json\/wp\/v2\/product\/12048","targetHints":{"allow":["GET"]}}],"collection":[{"href":"https:\/\/www.cfaebooks.com\/sv\/wp-json\/wp\/v2\/product"}],"about":[{"href":"https:\/\/www.cfaebooks.com\/sv\/wp-json\/wp\/v2\/types\/product"}],"replies":[{"embeddable":true,"href":"https:\/\/www.cfaebooks.com\/sv\/wp-json\/wp\/v2\/comments?post=12048"}],"wp:featuredmedia":[{"embeddable":true,"href":"https:\/\/www.cfaebooks.com\/sv\/wp-json\/wp\/v2\/media\/12049"}],"wp:attachment":[{"href":"https:\/\/www.cfaebooks.com\/sv\/wp-json\/wp\/v2\/media?parent=12048"}],"wp:term":[{"taxonomy":"product_brand","embeddable":true,"href":"https:\/\/www.cfaebooks.com\/sv\/wp-json\/wp\/v2\/product_brand?post=12048"},{"taxonomy":"product_cat","embeddable":true,"href":"https:\/\/www.cfaebooks.com\/sv\/wp-json\/wp\/v2\/product_cat?post=12048"},{"taxonomy":"product_tag","embeddable":true,"href":"https:\/\/www.cfaebooks.com\/sv\/wp-json\/wp\/v2\/product_tag?post=12048"}],"curies":[{"name":"wp","href":"https:\/\/api.w.org\/{rel}","templated":true}]}}