{"id":11569,"date":"2024-12-20T11:13:14","date_gmt":"2024-12-20T11:13:14","guid":{"rendered":"https:\/\/www.cfaebooks.com\/?post_type=product&#038;p=11569"},"modified":"2026-04-03T08:01:31","modified_gmt":"2026-04-03T08:01:31","slug":"2025-frm-garp-handbok-del-1-komplett-uppsattning-bok-1-2","status":"publish","type":"product","link":"https:\/\/www.cfaebooks.com\/sv\/products\/2025-frm-garp-handbok-del-1-komplett-uppsattning-bok-1-2\/","title":{"rendered":"2025 FRM GARP Handbook Part 1 Fullst\u00e4ndig upps\u00e4ttning Bok 1 - 4"},"content":{"rendered":"<p>For sale is an e-Book 2025 FRM Part 1 GARP Handbook Full Set Book 1 &#8211; 4 PDF.<\/p>\n\n\n\n<p>Inneh\u00e5ller en upps\u00e4ttning med 4 b\u00f6cker: <\/p>\n\n\n\n<ul class=\"wp-block-list\">\n<li>Bok 1 - Grunderna i riskhantering<\/li>\n\n\n\n<li>Bok 2 - Kvantitativ analys<\/li>\n\n\n\n<li>Bok 3 - Finansiella marknader och produkter<\/li>\n\n\n\n<li>Bok 4 - V\u00e4rderings- och riskmodeller<\/li>\n<\/ul>\n\n\n\n<p>Detta \u00e4r inte en fysisk bok, utan en digital PDF-kopia. V\u00e4nligen k\u00f6p inte om du vill ha en fysisk papperskopia. Efter kassan kan du ladda ner e-boken direkt.<\/p>","protected":false},"excerpt":{"rendered":"<p>For sale is an e-Book 2025 FRM Part 1 GARP Handbook Full Set Book 1 &#8211; 4 PDF. Includes Set of 4 books: This is not a physical book it is a\u00a0PDF\u00a0digital copy. Please do not purchase if you want a physical hard copy. After checkout you can download the e-Book instantly.<\/p>","protected":false},"featured_media":11570,"comment_status":"closed","ping_status":"closed","template":"","meta":[],"product_brand":[],"product_cat":[324],"product_tag":[184,326,185,186,181,328,205,327,182,183,187],"class_list":{"0":"post-11569","1":"product","2":"type-product","3":"status-publish","4":"has-post-thumbnail","6":"product_cat-frm-part-1","7":"product_tag-frm","8":"product_tag-frm-2025","9":"product_tag-frm-books","10":"product_tag-frm-ebooks","11":"product_tag-frm-exam","12":"product_tag-frm-handbook","13":"product_tag-frm-part-1","14":"product_tag-frm-part-1-2025","15":"product_tag-frm-prep","16":"product_tag-frm-test","17":"product_tag-garp","19":"first","20":"instock","21":"downloadable","22":"virtual","23":"sold-individually","24":"purchasable","25":"product-type-simple"},"_links":{"self":[{"href":"https:\/\/www.cfaebooks.com\/sv\/wp-json\/wp\/v2\/product\/11569","targetHints":{"allow":["GET"]}}],"collection":[{"href":"https:\/\/www.cfaebooks.com\/sv\/wp-json\/wp\/v2\/product"}],"about":[{"href":"https:\/\/www.cfaebooks.com\/sv\/wp-json\/wp\/v2\/types\/product"}],"replies":[{"embeddable":true,"href":"https:\/\/www.cfaebooks.com\/sv\/wp-json\/wp\/v2\/comments?post=11569"}],"wp:featuredmedia":[{"embeddable":true,"href":"https:\/\/www.cfaebooks.com\/sv\/wp-json\/wp\/v2\/media\/11570"}],"wp:attachment":[{"href":"https:\/\/www.cfaebooks.com\/sv\/wp-json\/wp\/v2\/media?parent=11569"}],"wp:term":[{"taxonomy":"product_brand","embeddable":true,"href":"https:\/\/www.cfaebooks.com\/sv\/wp-json\/wp\/v2\/product_brand?post=11569"},{"taxonomy":"product_cat","embeddable":true,"href":"https:\/\/www.cfaebooks.com\/sv\/wp-json\/wp\/v2\/product_cat?post=11569"},{"taxonomy":"product_tag","embeddable":true,"href":"https:\/\/www.cfaebooks.com\/sv\/wp-json\/wp\/v2\/product_tag?post=11569"}],"curies":[{"name":"wp","href":"https:\/\/api.w.org\/{rel}","templated":true}]}}