{"id":10941,"date":"2024-10-25T15:23:41","date_gmt":"2024-10-25T15:23:41","guid":{"rendered":"https:\/\/www.cfaebooks.com\/?post_type=product&#038;p=10941"},"modified":"2026-04-03T08:00:44","modified_gmt":"2026-04-03T08:00:44","slug":"2026-cfa-schweser-videor-niva-1-med-arbetsbok","status":"publish","type":"product","link":"https:\/\/www.cfaebooks.com\/sv\/products\/2026-cfa-schweser-videor-niva-1-med-arbetsbok\/","title":{"rendered":"2026 CFA Schweser-videor, niv\u00e5 1, med arbetsbok"},"content":{"rendered":"<p>Till salu \u00e4r <strong>2026 CFA Schweser-videor, niv\u00e5 1, med arbetsbok<\/strong>.<\/p>\n\n\n\n<p>Includes the following 10 topics:&nbsp;<\/p>\n\n\n\n<ol class=\"wp-block-list\">\n<li><em><strong>Kvantitativa metoder<\/strong><\/em><\/li>\n\n\n\n<li><em><strong>Ekonomi<\/strong><\/em><\/li>\n\n\n\n<li><em><strong>F\u00f6retagsemittenter<\/strong><\/em><\/li>\n\n\n\n<li><em><strong>Analys av finansiella rapporter<\/strong><\/em><\/li>\n\n\n\n<li><em><strong>Aktieinvesteringar<\/strong><\/em><\/li>\n\n\n\n<li><em><strong>R\u00e4nteb\u00e4rande v\u00e4rdepapper<\/strong><\/em><\/li>\n\n\n\n<li><em><strong> Derivatinstrument<\/strong><\/em><\/li>\n\n\n\n<li><em><strong>Alternativa investeringar<\/strong><\/em><\/li>\n\n\n\n<li><em><strong>Portf\u00f6ljf\u00f6rvaltning<\/strong><\/em><\/li>\n\n\n\n<li><em><strong>Ethical and Professional Standards. <\/strong><\/em><\/li>\n<\/ol>\n\n\n\n<p>After checkout you can download the video and slide immediately.<\/p>","protected":false},"excerpt":{"rendered":"<p>For sale is the 2026 CFA Schweser Videos Level 1 with Workbook. Includes the following 10 topics:&nbsp; After checkout you can download the video and slide immediately.<\/p>","protected":false},"featured_media":17261,"comment_status":"closed","ping_status":"closed","template":"","meta":[],"product_brand":[],"product_cat":[260,269],"product_tag":[369,93,90,370,87,91,92,302,303,272,271,270],"class_list":{"0":"post-10941","1":"product","2":"type-product","3":"status-publish","4":"has-post-thumbnail","6":"product_cat-cfa-level-1","7":"product_cat-cfa-video-lectures","8":"product_tag-cfa-2026","9":"product_tag-cfa-books","10":"product_tag-cfa-exam","11":"product_tag-cfa-level-1-2026","12":"product_tag-cfa-level-i","13":"product_tag-cfa-prep","14":"product_tag-cfa-test","15":"product_tag-cfa-video-lectures","16":"product_tag-cfa-video-lessons","17":"product_tag-prerequisite-program","18":"product_tag-video-lectures","19":"product_tag-video-lessons","21":"first","22":"instock","23":"downloadable","24":"virtual","25":"sold-individually","26":"purchasable","27":"product-type-simple"},"_links":{"self":[{"href":"https:\/\/www.cfaebooks.com\/sv\/wp-json\/wp\/v2\/product\/10941","targetHints":{"allow":["GET"]}}],"collection":[{"href":"https:\/\/www.cfaebooks.com\/sv\/wp-json\/wp\/v2\/product"}],"about":[{"href":"https:\/\/www.cfaebooks.com\/sv\/wp-json\/wp\/v2\/types\/product"}],"replies":[{"embeddable":true,"href":"https:\/\/www.cfaebooks.com\/sv\/wp-json\/wp\/v2\/comments?post=10941"}],"wp:featuredmedia":[{"embeddable":true,"href":"https:\/\/www.cfaebooks.com\/sv\/wp-json\/wp\/v2\/media\/17261"}],"wp:attachment":[{"href":"https:\/\/www.cfaebooks.com\/sv\/wp-json\/wp\/v2\/media?parent=10941"}],"wp:term":[{"taxonomy":"product_brand","embeddable":true,"href":"https:\/\/www.cfaebooks.com\/sv\/wp-json\/wp\/v2\/product_brand?post=10941"},{"taxonomy":"product_cat","embeddable":true,"href":"https:\/\/www.cfaebooks.com\/sv\/wp-json\/wp\/v2\/product_cat?post=10941"},{"taxonomy":"product_tag","embeddable":true,"href":"https:\/\/www.cfaebooks.com\/sv\/wp-json\/wp\/v2\/product_tag?post=10941"}],"curies":[{"name":"wp","href":"https:\/\/api.w.org\/{rel}","templated":true}]}}