{"id":10886,"date":"2024-10-24T08:56:02","date_gmt":"2024-10-24T08:56:02","guid":{"rendered":"https:\/\/www.cfaebooks.com\/?post_type=product&#038;p=10886"},"modified":"2026-04-03T08:00:12","modified_gmt":"2026-04-03T08:00:12","slug":"2025-cfa-program-laroplan-niva-ii-box-set","status":"publish","type":"product","link":"https:\/\/www.cfaebooks.com\/sv\/products\/2025-cfa-program-laroplan-niva-ii-box-set\/","title":{"rendered":"2025 CFA-programmets l\u00e4roplan niv\u00e5 II Box Set"},"content":{"rendered":"<p>Till salu \u00e4r en e-bok 2025 CFA Program L\u00e4roplan Niv\u00e5 II Box Set PDF. <\/p>\n\n\n\n<p>Inneh\u00e5ller f\u00f6ljande \u00e4mnen: <\/p>\n\n\n\n<ul class=\"wp-block-list\">\n<li><em>Volym 1: Kvantitativa metoder<\/em><\/li>\n\n\n\n<li><em>Volym 2: Ekonomi<\/em><\/li>\n\n\n\n<li><em>Volym 3: Analys av finansiella rapporter<\/em><\/li>\n\n\n\n<li><em>Volume 4: Corporate Issuers <\/em><\/li>\n\n\n\n<li><em>Volym<\/em> <em>5: Aktieinvesteringar<\/em><\/li>\n\n\n\n<li><em>Volym 6: R\u00e4nteb\u00e4rande v\u00e4rdepapper<\/em><\/li>\n\n\n\n<li><em>Volume 7: Derivatives<\/em><\/li>\n\n\n\n<li><em>Volume 8: Alternative Investments<\/em><\/li>\n\n\n\n<li><em>Volym 9: Portf\u00f6ljf\u00f6rvaltning<\/em><\/li>\n\n\n\n<li><em>Volym 10: Etik och yrkesm\u00e4ssiga normer <\/em>.<\/li>\n<\/ul>\n\n\n\n<p>After checkout you can download the e-Book immediately. This is not a physical book it is a&nbsp;PDF&nbsp;digital copy. Please do not purchase if you want a physical hard copy<\/p>","protected":false},"excerpt":{"rendered":"<p>For sale is an e-Book 2025 CFA Program Curriculum Level II Box Set PDF. Includes the following topics: After checkout you can download the e-Book immediately. This is not a physical book it is a&nbsp;PDF&nbsp;digital copy. Please do not purchase if you want a physical hard copy<\/p>","protected":false},"featured_media":10887,"comment_status":"closed","ping_status":"closed","template":"","meta":[],"product_brand":[],"product_cat":[266],"product_tag":[261,93,88,90,174,178,293,91,89,92,168],"class_list":{"0":"post-10886","1":"product","2":"type-product","3":"status-publish","4":"has-post-thumbnail","6":"product_cat-cfa-level-2","7":"product_tag-cfa-2025","8":"product_tag-cfa-books","9":"product_tag-cfa-ebooks","10":"product_tag-cfa-exam","11":"product_tag-cfa-institute","12":"product_tag-cfa-level-2","13":"product_tag-cfa-level-2-2025","14":"product_tag-cfa-prep","15":"product_tag-cfa-program-curriculum","16":"product_tag-cfa-test","17":"product_tag-study-notes","19":"first","20":"instock","21":"downloadable","22":"virtual","23":"sold-individually","24":"purchasable","25":"product-type-simple"},"_links":{"self":[{"href":"https:\/\/www.cfaebooks.com\/sv\/wp-json\/wp\/v2\/product\/10886","targetHints":{"allow":["GET"]}}],"collection":[{"href":"https:\/\/www.cfaebooks.com\/sv\/wp-json\/wp\/v2\/product"}],"about":[{"href":"https:\/\/www.cfaebooks.com\/sv\/wp-json\/wp\/v2\/types\/product"}],"replies":[{"embeddable":true,"href":"https:\/\/www.cfaebooks.com\/sv\/wp-json\/wp\/v2\/comments?post=10886"}],"wp:featuredmedia":[{"embeddable":true,"href":"https:\/\/www.cfaebooks.com\/sv\/wp-json\/wp\/v2\/media\/10887"}],"wp:attachment":[{"href":"https:\/\/www.cfaebooks.com\/sv\/wp-json\/wp\/v2\/media?parent=10886"}],"wp:term":[{"taxonomy":"product_brand","embeddable":true,"href":"https:\/\/www.cfaebooks.com\/sv\/wp-json\/wp\/v2\/product_brand?post=10886"},{"taxonomy":"product_cat","embeddable":true,"href":"https:\/\/www.cfaebooks.com\/sv\/wp-json\/wp\/v2\/product_cat?post=10886"},{"taxonomy":"product_tag","embeddable":true,"href":"https:\/\/www.cfaebooks.com\/sv\/wp-json\/wp\/v2\/product_tag?post=10886"}],"curies":[{"name":"wp","href":"https:\/\/api.w.org\/{rel}","templated":true}]}}