{"id":10356,"date":"2024-09-09T05:44:38","date_gmt":"2024-09-09T05:44:38","guid":{"rendered":"https:\/\/www.cfaebooks.com\/?post_type=product&#038;p=10356"},"modified":"2026-04-03T07:59:35","modified_gmt":"2026-04-03T07:59:35","slug":"2025-cfa-analystprep-studieanteckningar-niva-1-och-formelblad","status":"publish","type":"product","link":"https:\/\/www.cfaebooks.com\/sv\/products\/2025-cfa-analystprep-studieanteckningar-niva-1-och-formelblad\/","title":{"rendered":"2025 CFA AnalystPrep studieanteckningar niv\u00e5 1 och formelblad"},"content":{"rendered":"<p>For sale is an e-Book 2025 CFA Level 1 AnalystPrep Study Notes and Formula Sheet PDF.<\/p>\n\n\n\n<p>Inneh\u00e5ller f\u00f6ljande \u00e4mnen: <\/p>\n\n\n\n<ul class=\"wp-block-list\">\n<li><strong>Kvantitativa metoder<\/strong><\/li>\n\n\n\n<li><strong>Ekonomi<\/strong><\/li>\n\n\n\n<li><strong>F\u00f6retagsemittenter<\/strong><\/li>\n\n\n\n<li><strong>Analys av finansiella rapporter<\/strong><\/li>\n\n\n\n<li><strong>Eget kapital<\/strong><\/li>\n\n\n\n<li><strong>R\u00e4nteb\u00e4rande v\u00e4rdepapper<\/strong><\/li>\n\n\n\n<li><strong>Derivatinstrument<\/strong><\/li>\n\n\n\n<li><strong>Alternativa investeringar<\/strong><\/li>\n\n\n\n<li><strong>Portf\u00f6ljf\u00f6rvaltning och etik<\/strong>.<\/li>\n<\/ul>\n\n\n\n<p>Efter utcheckningen kan du ladda ner e-boken omedelbart. Detta \u00e4r inte en fysisk bok, det \u00e4r en digital PDF-kopia. V\u00e4nligen k\u00f6p inte om du vill ha en fysisk papperskopia.<\/p>","protected":false},"excerpt":{"rendered":"<p>For sale is an e-Book 2025 CFA Level 1 AnalystPrep Study Notes and Formula Sheet PDF. Includes the following topics: After checkout you can download the e-Book immediately. This is not a physical book it is a&nbsp;PDF&nbsp;digital copy. Please do not purchase if you want a physical hard copy.<\/p>","protected":false},"featured_media":10357,"comment_status":"closed","ping_status":"closed","template":"","meta":[],"product_brand":[],"product_cat":[260],"product_tag":[203,261,93,88,90,268,87,91,92,162,161],"class_list":{"0":"post-10356","1":"product","2":"type-product","3":"status-publish","4":"has-post-thumbnail","6":"product_cat-cfa-level-1","7":"product_tag-analystprep","8":"product_tag-cfa-2025","9":"product_tag-cfa-books","10":"product_tag-cfa-ebooks","11":"product_tag-cfa-exam","12":"product_tag-cfa-level-1-2025","13":"product_tag-cfa-level-i","14":"product_tag-cfa-prep","15":"product_tag-cfa-test","16":"product_tag-qbank","17":"product_tag-question-bank","19":"first","20":"instock","21":"downloadable","22":"virtual","23":"sold-individually","24":"purchasable","25":"product-type-simple"},"_links":{"self":[{"href":"https:\/\/www.cfaebooks.com\/sv\/wp-json\/wp\/v2\/product\/10356","targetHints":{"allow":["GET"]}}],"collection":[{"href":"https:\/\/www.cfaebooks.com\/sv\/wp-json\/wp\/v2\/product"}],"about":[{"href":"https:\/\/www.cfaebooks.com\/sv\/wp-json\/wp\/v2\/types\/product"}],"replies":[{"embeddable":true,"href":"https:\/\/www.cfaebooks.com\/sv\/wp-json\/wp\/v2\/comments?post=10356"}],"wp:featuredmedia":[{"embeddable":true,"href":"https:\/\/www.cfaebooks.com\/sv\/wp-json\/wp\/v2\/media\/10357"}],"wp:attachment":[{"href":"https:\/\/www.cfaebooks.com\/sv\/wp-json\/wp\/v2\/media?parent=10356"}],"wp:term":[{"taxonomy":"product_brand","embeddable":true,"href":"https:\/\/www.cfaebooks.com\/sv\/wp-json\/wp\/v2\/product_brand?post=10356"},{"taxonomy":"product_cat","embeddable":true,"href":"https:\/\/www.cfaebooks.com\/sv\/wp-json\/wp\/v2\/product_cat?post=10356"},{"taxonomy":"product_tag","embeddable":true,"href":"https:\/\/www.cfaebooks.com\/sv\/wp-json\/wp\/v2\/product_tag?post=10356"}],"curies":[{"name":"wp","href":"https:\/\/api.w.org\/{rel}","templated":true}]}}