{"id":10244,"date":"2024-09-02T14:17:35","date_gmt":"2024-09-02T14:17:35","guid":{"rendered":"https:\/\/www.cfaebooks.com\/?post_type=product&#038;p=10244"},"modified":"2026-04-03T07:59:20","modified_gmt":"2026-04-03T07:59:20","slug":"2025-cfa-schweser-notes-niva-3-privata-marknader-och-quicksheet","status":"publish","type":"product","link":"https:\/\/www.cfaebooks.com\/sv\/products\/2025-cfa-schweser-notes-niva-3-privata-marknader-och-quicksheet\/","title":{"rendered":"2025 CFA Schweser Notes Niv\u00e5 3 Privata marknader och Quicksheet"},"content":{"rendered":"<p>For sale is an e-Book 2025 CFA Level 3 Schweser Notes Private Markets Pathway and Quicksheet PDF.<\/p>\n\n\n\n<p>Inneh\u00e5ller en upps\u00e4ttning med 4 b\u00f6cker: <\/p>\n\n\n\n<ul class=\"wp-block-list\">\n<li>Bok 1: Tillg\u00e5ngsallokering<\/li>\n\n\n\n<li>Bok 2: Portf\u00f6ljkonstruktion och prestationsm\u00e4tning<\/li>\n\n\n\n<li>Bok 3: Derivat, riskhantering samt etiska och yrkesm\u00e4ssiga normer<\/li>\n\n\n\n<li>Bok 4: Privat marknad<\/li>\n<\/ul>\n\n\n\n<p>Detta \u00e4r inte en fysisk bok, utan en digital PDF-kopia. V\u00e4nligen k\u00f6p inte om du vill ha en fysisk papperskopia. Efter kassan kan du ladda ner e-boken omedelbart.<\/p>\n\n\n\n<p><\/p>","protected":false},"excerpt":{"rendered":"<p>For sale is an e-Book 2025 CFA Level 3 Schweser Notes Private Markets Pathway and Quicksheet PDF. Includes Set of 4 books: This is not a physical book it is a&nbsp;PDF&nbsp;digital copy. Please do not purchase if you want a physical hard copy. After checkout you can download the e-Book immediately.<\/p>","protected":false},"featured_media":10246,"comment_status":"closed","ping_status":"closed","template":"","meta":[],"product_brand":[],"product_cat":[265],"product_tag":[261,93,88,90,180,307,91,92,179,168],"class_list":{"0":"post-10244","1":"product","2":"type-product","3":"status-publish","4":"has-post-thumbnail","6":"product_cat-cfa-level-3","7":"product_tag-cfa-2025","8":"product_tag-cfa-books","9":"product_tag-cfa-ebooks","10":"product_tag-cfa-exam","11":"product_tag-cfa-level-3","12":"product_tag-cfa-level-3-private-markets-pathway","13":"product_tag-cfa-prep","14":"product_tag-cfa-test","15":"product_tag-schweser-notes","16":"product_tag-study-notes","18":"first","19":"instock","20":"downloadable","21":"virtual","22":"sold-individually","23":"purchasable","24":"product-type-simple"},"_links":{"self":[{"href":"https:\/\/www.cfaebooks.com\/sv\/wp-json\/wp\/v2\/product\/10244","targetHints":{"allow":["GET"]}}],"collection":[{"href":"https:\/\/www.cfaebooks.com\/sv\/wp-json\/wp\/v2\/product"}],"about":[{"href":"https:\/\/www.cfaebooks.com\/sv\/wp-json\/wp\/v2\/types\/product"}],"replies":[{"embeddable":true,"href":"https:\/\/www.cfaebooks.com\/sv\/wp-json\/wp\/v2\/comments?post=10244"}],"wp:featuredmedia":[{"embeddable":true,"href":"https:\/\/www.cfaebooks.com\/sv\/wp-json\/wp\/v2\/media\/10246"}],"wp:attachment":[{"href":"https:\/\/www.cfaebooks.com\/sv\/wp-json\/wp\/v2\/media?parent=10244"}],"wp:term":[{"taxonomy":"product_brand","embeddable":true,"href":"https:\/\/www.cfaebooks.com\/sv\/wp-json\/wp\/v2\/product_brand?post=10244"},{"taxonomy":"product_cat","embeddable":true,"href":"https:\/\/www.cfaebooks.com\/sv\/wp-json\/wp\/v2\/product_cat?post=10244"},{"taxonomy":"product_tag","embeddable":true,"href":"https:\/\/www.cfaebooks.com\/sv\/wp-json\/wp\/v2\/product_tag?post=10244"}],"curies":[{"name":"wp","href":"https:\/\/api.w.org\/{rel}","templated":true}]}}