{"id":8795,"date":"2024-03-22T13:16:51","date_gmt":"2024-03-22T13:16:51","guid":{"rendered":"https:\/\/www.cfaebooks.com\/?page_id=8795"},"modified":"2024-03-22T14:19:25","modified_gmt":"2024-03-22T14:19:25","slug":"terms-of-use","status":"publish","type":"page","link":"https:\/\/www.cfaebooks.com\/sv\/terms-of-use\/","title":{"rendered":"Villkor f\u00f6r anv\u00e4ndning"},"content":{"rendered":"<p>CFAeBooks g\u00f6rs tillg\u00e4ngliga \u00f6ver hela v\u00e4rlden f\u00f6r alla personer, oavsett \u00e5lder, k\u00f6n, ras, nationalitet eller religion.<\/p>\n\n\n\n<h3 class=\"wp-block-heading\">Ansvarsfriskrivning f\u00f6r upphovsr\u00e4tt<\/h3>\n\n\n\n<p>Avsnitt 107 i upphovsr\u00e4ttslagen R\u00e4ttvis anv\u00e4ndning Inneh\u00e5ll. Syfte med utbildning och undervisningsavsikt. Inte f\u00f6r kommersiella \u00e4ndam\u00e5l.<\/p>\n\n\n\n<h3 class=\"wp-block-heading\">Ansvarsfriskrivning f\u00f6r externa l\u00e4nkar<\/h3>\n\n\n\n<p>Webbplatsen kan inneh\u00e5lla (eller du kan skickas via Webbplatsen) l\u00e4nkar till andra webbplatser eller inneh\u00e5ll som tillh\u00f6r eller h\u00e4rr\u00f6r fr\u00e5n tredje part eller l\u00e4nkar till webbplatser och funktioner i banners eller annan reklam. S\u00e5dana externa l\u00e4nkar unders\u00f6ks, \u00f6vervakas eller kontrolleras inte av oss med avseende p\u00e5 korrekthet, l\u00e4mplighet, giltighet, tillf\u00f6rlitlighet, tillg\u00e4nglighet eller fullst\u00e4ndighet. VI GARANTERAR INTE, ST\u00d6DJER INTE, GARANTERAR INTE OCH TAR INTE ANSVAR F\u00d6R RIKTIGHETEN ELLER TILLF\u00d6RLITLIGHETEN I N\u00c5GON INFORMATION SOM ERBJUDS AV TREDJEPARTSWEBBPLATSER SOM \u00c4R L\u00c4NKADE VIA WEBBPLATSEN ELLER N\u00c5GON WEBBPLATS ELLER FUNKTION SOM \u00c4R L\u00c4NKAD I N\u00c5GON BANNER ELLER ANNAN ANNONSERING. VI KOMMER INTE ATT VARA PART I ELLER P\u00c5 N\u00c5GOT S\u00c4TT VARA ANSVARIGA F\u00d6R ATT \u00d6VERVAKA N\u00c5GON TRANSAKTION MELLAN DIG OCH TREDJEPARTSLEVERANT\u00d6RER AV PRODUKTER ELLER TJ\u00c4NSTER.<\/p>\n\n\n\n<h3 class=\"wp-block-heading\">Varum\u00e4rken, logotyper och varum\u00e4rken Ansvarsfriskrivning<\/h3>\n\n\n\n<p>Alla varum\u00e4rken, logotyper och varunamn tillh\u00f6r sina respektive \u00e4gare eller dess dotterbolag.<\/p>\n\n\n\n<h3 class=\"wp-block-heading\">DMCA Ansvarsfriskrivning<\/h3>\n\n\n\n<p>Vi har INTE n\u00e5got upphovsr\u00e4ttsskyddat inneh\u00e5ll p\u00e5 v\u00e5r webbplats, det \u00e4r en katalog med l\u00e4nkar som redan finns p\u00e5 Internet. Kolla in v\u00e5r\u00a0<a href=\"\/sv\/dmca\/\">DMCA-policy<\/a>. Om du anser att dina upphovsr\u00e4ttigheter har kr\u00e4nkts, v\u00e4nligen kontakta oss omedelbart, ber\u00f6rt inneh\u00e5ll kommer att tas bort permanent inom 24 timmar.\u00a0<a href=\"\/sv\/kontakt\/\">Kontakta oss<\/a>.<\/p>\n\n\n\n<h2 class=\"wp-block-heading\">Sekretess- och cookiepolicy<\/h2>\n\n\n\n<p>CFAeBooks st\u00f6der till fullo och f\u00f6ljer principerna f\u00f6r dataskydd, enligt vad som anges i EU:s allm\u00e4nna dataskyddsf\u00f6rordning (GDPR) 2018. CFAeBooks har \u00e5tagit sig att skydda anv\u00e4ndarnas integritet. Vi uppskattar att bes\u00f6kare och anv\u00e4ndare av denna webbplats \u00e4r bekymrade \u00f6ver sekretessen och s\u00e4kerheten f\u00f6r all information som l\u00e4mnas till oss.<\/p>\n\n\n\n<p>V\u00e4nligen se v\u00e5r&nbsp;<a href=\"\/sv\/privacy-policy\/\">Integritetspolicy h\u00e4r<\/a><\/p>\n\n\n\n<p>V\u00e4nligen se v\u00e5r&nbsp;<a href=\"\/sv\/privacy-policy\/#cookies\">Cookiepolicy h\u00e4r<\/a><\/p>\n\n\n\n<p>Om du har n\u00e5gra fr\u00e5gor om detta dokument eller v\u00e5ra anv\u00e4ndarvillkor, v\u00e4nligen kontakta&nbsp;<a href=\"\/sv\/kontakt\/\">Kontakta oss<\/a>.<\/p>","protected":false},"excerpt":{"rendered":"<p>CFAeBooks&nbsp;are made available worldwide to all persons, regardless of age, gender, race, nationality, or religion. Copyright Disclaimer Section 107 of the Copyright Act Fair Use Contents. Purpose of Education &amp; Teaching Intention. Not for commercial purpose. External Links Disclaimer The Site may contain (or you may be sent through the Site) links to other websites [&hellip;]<\/p>\n","protected":false},"author":1,"featured_media":0,"parent":0,"menu_order":0,"comment_status":"closed","ping_status":"closed","template":"template-fullwidth.php","meta":{"footnotes":""},"class_list":["post-8795","page","type-page","status-publish","hentry"],"_links":{"self":[{"href":"https:\/\/www.cfaebooks.com\/sv\/wp-json\/wp\/v2\/pages\/8795","targetHints":{"allow":["GET"]}}],"collection":[{"href":"https:\/\/www.cfaebooks.com\/sv\/wp-json\/wp\/v2\/pages"}],"about":[{"href":"https:\/\/www.cfaebooks.com\/sv\/wp-json\/wp\/v2\/types\/page"}],"author":[{"embeddable":true,"href":"https:\/\/www.cfaebooks.com\/sv\/wp-json\/wp\/v2\/users\/1"}],"replies":[{"embeddable":true,"href":"https:\/\/www.cfaebooks.com\/sv\/wp-json\/wp\/v2\/comments?post=8795"}],"version-history":[{"count":0,"href":"https:\/\/www.cfaebooks.com\/sv\/wp-json\/wp\/v2\/pages\/8795\/revisions"}],"wp:attachment":[{"href":"https:\/\/www.cfaebooks.com\/sv\/wp-json\/wp\/v2\/media?parent=8795"}],"curies":[{"name":"wp","href":"https:\/\/api.w.org\/{rel}","templated":true}]}}