{"id":8662,"date":"2024-03-20T09:28:22","date_gmt":"2024-03-20T09:28:22","guid":{"rendered":"https:\/\/www.cfaebooks.com\/?page_id=8662"},"modified":"2026-02-11T04:07:34","modified_gmt":"2026-02-11T04:07:34","slug":"faqs","status":"publish","type":"page","link":"https:\/\/www.cfaebooks.com\/sv\/faqs\/","title":{"rendered":"Vanliga fr\u00e5gor"},"content":{"rendered":"<div id=\"rank-math-faq\" class=\"rank-math-block\">\n<div class=\"rank-math-list\">\n<div id=\"faq-question-1711112280361\" class=\"rank-math-list-item\">\n<h3 class=\"rank-math-question\"><strong>Min betalningsmetod fungerar inte varf\u00f6r?<\/strong><\/h3>\n<div class=\"rank-math-answer\">\n\n<p>Det kan finnas flera anledningar till att du har problem med att hantera din betalning. H\u00e4r \u00e4r n\u00e5gra vanliga saker som du kan f\u00f6rs\u00f6ka kontrollera.<\/p>\n<p>1. Se till att\u00a0<strong>det angivna landet \u00f6verensst\u00e4mmer med betalkortets land<\/strong><br \/>2. <strong>Rensa cache<\/strong>\u00a0i din webbl\u00e4sare<br \/>3. Try<strong>\u00a0anv\u00e4nda en annan e-postadress<\/strong><br \/>4. Try a\u00a0<strong>annan webbl\u00e4sare<\/strong>\u00a0t.ex. Google Chrome, Mozilla Firefox, Microsoft Edge, Apple Safari<\/p>\n\n<\/div>\n<\/div>\n<div id=\"faq-question-1711112367817\" class=\"rank-math-list-item\">\n<h3 class=\"rank-math-question\"><strong>Beh\u00f6ver jag ett konto f\u00f6r att k\u00f6pa produkter?<\/strong><\/h3>\n<div class=\"rank-math-answer\">\n\n<p>Nej, du beh\u00f6ver inte ett konto f\u00f6r att k\u00f6pa produkter. Du har m\u00f6jlighet att\u00a0<strong>utcheckning som g\u00e4st<\/strong>. Annars kan du skapa ett gratis konto om du f\u00f6redrar det.<\/p>\n\n<\/div>\n<\/div>\n<div id=\"faq-question-1711112392048\" class=\"rank-math-list-item\">\n<h3 class=\"rank-math-question\"><strong>Hur registrerar jag mig f\u00f6r ett kostnadsfritt konto?<\/strong><\/h3>\n<div class=\"rank-math-answer\">\n\n<p>Du kan anm\u00e4la dig genom att klicka p\u00e5\u00a0<strong><a href=\"\/sv\/my-account\/\">REGISTRERA\u00a0<\/a><\/strong>here. You can also find register in the menu under &#8216;Account&#8217;.<\/p>\n\n<\/div>\n<\/div>\n<div id=\"faq-question-1711112474613\" class=\"rank-math-list-item\">\n<h3 class=\"rank-math-question\"><strong>Vilka betalningsmetoder kan jag betala med?<\/strong><\/h3>\n<div class=\"rank-math-answer\">\n\n<p>We accept payment via most Debit \/ Credit Card.<\/p>\n\n<\/div>\n<\/div>\n<div id=\"faq-question-1711112510413\" class=\"rank-math-list-item\">\n<h3 class=\"rank-math-question\"><strong>Hur m\u00e5nga g\u00e5nger kan jag komma \u00e5t mina nedladdningar?<\/strong><\/h3>\n<div class=\"rank-math-answer\">\n\n<p>Efter k\u00f6pet kan du ladda ner dina produkter\u00a0<strong>s\u00e5 m\u00e5nga g\u00e5nger som du vill<\/strong>\u00a0och p\u00e5 s\u00e5 m\u00e5nga enheter som du vill - ja, det st\u00e4mmer\u00a0<strong>obegr\u00e4nsad<\/strong>!<\/p>\n\n<\/div>\n<\/div>\n<div id=\"faq-question-1711112536280\" class=\"rank-math-list-item\">\n<h3 class=\"rank-math-question\"><strong>N\u00e4r kommer min best\u00e4llning att skickas?<\/strong><\/h3>\n<div class=\"rank-math-answer\">\n\n<p>Download links are provided after payment is confirmed. You will receive the download links to the files in &#8216;<strong>Mina nedladdningar<\/strong>'. Dessutom kommer du ocks\u00e5 att f\u00e5 en\u00a0<strong>separat e-post med nedladdningsl\u00e4nkar<\/strong>\u00a0ocks\u00e5.<\/p>\n\n<\/div>\n<\/div>\n<div id=\"faq-question-1711112560304\" class=\"rank-math-list-item\">\n<h3 class=\"rank-math-question\"><strong>Var \u00e4r min digitala nedladdning? Jag har inte f\u00e5tt n\u00e5gra e-postmeddelanden sedan mitt k\u00f6p.<\/strong><\/h3>\n<div class=\"rank-math-answer\">\n\n<p>V\u00e4nligen kontrollera din\u00a0<strong>Skr\u00e4p\u00a0<\/strong>och\u00a0<strong>Skr\u00e4ppost<\/strong>\u00a0e-postmappar. Ibland skickar e-postleverant\u00f6rer som Outlook, Yahoo och Gmail ut e-postmeddelanden till dina skr\u00e4ppostmappar i st\u00e4llet f\u00f6r till din inkorg. I s\u00e4llsynta fall kan det ta en kort stund innan det visas (upp till 10 minuter).<\/p>\n\n<\/div>\n<\/div>\n<div id=\"faq-question-1711112595961\" class=\"rank-math-list-item\">\n<h3 class=\"rank-math-question\"><strong>Vilka enheter kan jag anv\u00e4nda f\u00f6r att \u00f6ppna e-b\u00f6ckerna och lyssna p\u00e5 ljudfilerna?<\/strong><\/h3>\n<div class=\"rank-math-answer\">\n\n<p>Vi\u00a0<strong>rekommendera<\/strong>\u00a0med hj\u00e4lp av en\u00a0<strong>PC\/Mac\/Laptop<\/strong>\u00a0f\u00f6r att se och lyssna p\u00e5 dina filer, eftersom det \u00e4r det enklaste och mest anv\u00e4ndarv\u00e4nliga s\u00e4ttet att l\u00e4ra sig med. V\u00e5ra filer fungerar ocks\u00e5 med smarta telefoner, t.ex. iPhone, Android och surfplattor, t.ex. iPad.<\/p>\n\n<\/div>\n<\/div>\n<div id=\"faq-question-1711112625984\" class=\"rank-math-list-item\">\n<h3 class=\"rank-math-question\"><strong>Jag f\u00e5r inget svar fr\u00e5n livechatten, hur kan jag kontakta er?<\/strong><\/h3>\n<div class=\"rank-math-answer\">\n\n<p>P\u00e5 grund av\u00a0<strong>varierande tidszoner<\/strong>\u00a0vi \u00e4r inte alltid online. Du kan dock\u00a0<strong>l\u00e4mna ett meddelande till oss med din e-postadress i chatten\u00a0<\/strong>s\u00e5 \u00e5terkommer vi till dig\u00a0<strong>s\u00e5 snart som m\u00f6jligt - vi \u00e4r mycket lyh\u00f6rda<\/strong>. I de flesta fall kommer du att h\u00f6ra fr\u00e5n oss\u00a0<strong>inom 2-3 timmar<\/strong>\u00a0och inte mer \u00e4n h\u00f6gst 8 timmar.<\/p>\n\n<\/div>\n<\/div>\n<div id=\"faq-question-1711112665432\" class=\"rank-math-list-item\">\n<h3 class=\"rank-math-question\"><strong>Jag har problem med att \u00f6ppna .zip-filen \/ mappen vad ska jag g\u00f6ra? Jag har aldrig hanterat .zip-filer\/mappar tidigare.<\/strong><\/h3>\n<div class=\"rank-math-answer\">\n<img decoding=\"async\" width=\"150\" height=\"150\" src=\"https:\/\/www.cfaebooks.com\/wp-content\/uploads\/2024\/03\/extract-150x150.png\" class=\"alignright\" alt=\"\">\n<p>Vissa av de st\u00f6rre filerna, t.ex. videor, lagras i .zip-mappar, vilket inneb\u00e4r att du m\u00e5ste extrahera mappen f\u00f6r att se vad som finns i mappen. Du kan extrahera mappen med Winzip (gratis standardverktyg p\u00e5 Windows eller standardverktyget p\u00e5 Mac).\u00a0<strong>H\u00f6gerklicka p\u00e5 mappen<\/strong>\u00a0och klicka p\u00e5\u00a0<strong>\"Extrahera alla<\/strong>\u00a0f\u00f6r att extrahera mappen, du b\u00f6r nu se filerna. Vi rekommenderar ocks\u00e5 en annan gratis .zip-filutdragare\u00a0<strong>(<a href=\"https:\/\/www.win-rar.com\/download.html?&amp;L=0\" target=\"_blank\" rel=\"noreferrer noopener nofollow\">Winrar<\/a>)\u00a0<\/strong>du kan f\u00e5 det fr\u00e5n den h\u00e4r l\u00e4nken, det fungerar p\u00e5 samma s\u00e4tt som de andra som n\u00e4mns ovan.<\/p>\n\n<\/div>\n<\/div>\n<\/div>\n<\/div>\n\n\n<p><\/p>","protected":false},"excerpt":{"rendered":"","protected":false},"author":1,"featured_media":0,"parent":0,"menu_order":0,"comment_status":"closed","ping_status":"closed","template":"template-fullwidth.php","meta":{"footnotes":""},"class_list":["post-8662","page","type-page","status-publish","hentry"],"_links":{"self":[{"href":"https:\/\/www.cfaebooks.com\/sv\/wp-json\/wp\/v2\/pages\/8662","targetHints":{"allow":["GET"]}}],"collection":[{"href":"https:\/\/www.cfaebooks.com\/sv\/wp-json\/wp\/v2\/pages"}],"about":[{"href":"https:\/\/www.cfaebooks.com\/sv\/wp-json\/wp\/v2\/types\/page"}],"author":[{"embeddable":true,"href":"https:\/\/www.cfaebooks.com\/sv\/wp-json\/wp\/v2\/users\/1"}],"replies":[{"embeddable":true,"href":"https:\/\/www.cfaebooks.com\/sv\/wp-json\/wp\/v2\/comments?post=8662"}],"version-history":[{"count":2,"href":"https:\/\/www.cfaebooks.com\/sv\/wp-json\/wp\/v2\/pages\/8662\/revisions"}],"predecessor-version":[{"id":16305,"href":"https:\/\/www.cfaebooks.com\/sv\/wp-json\/wp\/v2\/pages\/8662\/revisions\/16305"}],"wp:attachment":[{"href":"https:\/\/www.cfaebooks.com\/sv\/wp-json\/wp\/v2\/media?parent=8662"}],"curies":[{"name":"wp","href":"https:\/\/api.w.org\/{rel}","templated":true}]}}