{"id":9993,"date":"2024-08-11T01:56:34","date_gmt":"2024-08-11T01:56:34","guid":{"rendered":"https:\/\/www.cfaebooks.com\/?post_type=product&#038;p=9993"},"modified":"2026-04-03T07:58:56","modified_gmt":"2026-04-03T07:58:56","slug":"examen-simulat-cfa-nivel-3-2024-si-2","status":"publish","type":"product","link":"https:\/\/www.cfaebooks.com\/ro\/products\/examen-simulat-cfa-nivel-3-2024-si-2\/","title":{"rendered":"Simularea examenului CFA Level 3 2024 \u0219i 2023"},"content":{"rendered":"<p>De v\u00e2nzare este o carte electronic\u0103 CFA Level 3 Mock Exams 2024 \u0219i 2023 PDF.<\/p>\n\n\n\n<ul class=\"wp-block-list\">\n<li>Aceasta nu este o carte fizic\u0103, ci o copie digital\u0103 PDF. <\/li>\n\n\n\n<li>V\u0103 rug\u0103m s\u0103 nu achizi\u021biona\u021bi dac\u0103 dori\u021bi o copie fizic\u0103. Dup\u0103 finalizarea comenzii, pute\u021bi desc\u0103rca imediat cartea electronic\u0103.<\/li>\n<\/ul>","protected":false},"excerpt":{"rendered":"<p>De v\u00e2nzare este o carte electronic\u0103 CFA Level 3 Mock Exams 2024 \u0219i 2023 PDF.<\/p>","protected":false},"featured_media":9994,"comment_status":"closed","ping_status":"closed","template":"","meta":[],"product_brand":[],"product_cat":[351],"product_tag":[86,93,88,90,180,91,92,176],"class_list":{"0":"post-9993","1":"product","2":"type-product","3":"status-publish","4":"has-post-thumbnail","6":"product_cat-cfa-level-3-2024","7":"product_tag-cfa-2024","8":"product_tag-cfa-books","9":"product_tag-cfa-ebooks","10":"product_tag-cfa-exam","11":"product_tag-cfa-level-3","12":"product_tag-cfa-prep","13":"product_tag-cfa-test","14":"product_tag-mock-exam","16":"first","17":"instock","18":"downloadable","19":"virtual","20":"sold-individually","21":"purchasable","22":"product-type-simple"},"_links":{"self":[{"href":"https:\/\/www.cfaebooks.com\/ro\/wp-json\/wp\/v2\/product\/9993","targetHints":{"allow":["GET"]}}],"collection":[{"href":"https:\/\/www.cfaebooks.com\/ro\/wp-json\/wp\/v2\/product"}],"about":[{"href":"https:\/\/www.cfaebooks.com\/ro\/wp-json\/wp\/v2\/types\/product"}],"replies":[{"embeddable":true,"href":"https:\/\/www.cfaebooks.com\/ro\/wp-json\/wp\/v2\/comments?post=9993"}],"wp:featuredmedia":[{"embeddable":true,"href":"https:\/\/www.cfaebooks.com\/ro\/wp-json\/wp\/v2\/media\/9994"}],"wp:attachment":[{"href":"https:\/\/www.cfaebooks.com\/ro\/wp-json\/wp\/v2\/media?parent=9993"}],"wp:term":[{"taxonomy":"product_brand","embeddable":true,"href":"https:\/\/www.cfaebooks.com\/ro\/wp-json\/wp\/v2\/product_brand?post=9993"},{"taxonomy":"product_cat","embeddable":true,"href":"https:\/\/www.cfaebooks.com\/ro\/wp-json\/wp\/v2\/product_cat?post=9993"},{"taxonomy":"product_tag","embeddable":true,"href":"https:\/\/www.cfaebooks.com\/ro\/wp-json\/wp\/v2\/product_tag?post=9993"}],"curies":[{"name":"wp","href":"https:\/\/api.w.org\/{rel}","templated":true}]}}