{"id":9944,"date":"2024-08-06T07:22:43","date_gmt":"2024-08-06T07:22:43","guid":{"rendered":"https:\/\/www.cfaebooks.com\/?post_type=product&#038;p=9944"},"modified":"2026-04-03T07:58:54","modified_gmt":"2026-04-03T07:58:54","slug":"2025-curriculum-pentru-programul-cfa-nivelul-iii-managementul-portofoliului-box-set","status":"publish","type":"product","link":"https:\/\/www.cfaebooks.com\/ro\/products\/2025-curriculum-pentru-programul-cfa-nivelul-iii-managementul-portofoliului-box-set\/","title":{"rendered":"2025 CFA Program Curriculum Nivelul III Managementul portofoliului Box Set"},"content":{"rendered":"<p>De v\u00e2nzare este un e-Book 2025 CFA Program Curriculum Nivelul III Portfolio Management Box Set PDF. <\/p>\n\n\n\n<p>Include urm\u0103toarele subiecte: <\/p>\n\n\n\n<ul class=\"wp-block-list\">\n<li><em>Volumul 1: Alocarea activelor<\/em><\/li>\n\n\n\n<li><em>Volumul 2: Construc\u021bia portofoliului<\/em><\/li>\n\n\n\n<li><em>Volumul 3: M\u0103surarea performan\u021bei<\/em><\/li>\n\n\n\n<li><em>Volumul 4: Derivate \u0219i gestionarea riscurilor<\/em><\/li>\n\n\n\n<li><em>Volumul 5: Standarde etice \u0219i profesionale<\/em><\/li>\n\n\n\n<li><em>Managementul portofoliului: Volumul 1: Calea de gestionare a portofoliului \u0219i volumul 2: Calea de gestionare a portofoliului<\/em>.<\/li>\n<\/ul>\n\n\n\n<p>Dup\u0103 finalizarea comenzii, pute\u021bi desc\u0103rca imediat cartea electronic\u0103. Aceasta nu este o carte fizic\u0103, ci o copie digital\u0103 \u00een format PDF. V\u0103 rug\u0103m s\u0103 nu achizi\u021biona\u021bi dac\u0103 dori\u021bi o copie fizic\u0103<\/p>","protected":false},"excerpt":{"rendered":"<p>For sale is an e-Book 2025 CFA Program Curriculum Level III Portfolio Management Box Set PDF. Includes the following topics: After checkout you can download the e-Book immediately. This is not a physical book it is a\u00a0PDF\u00a0digital copy. Please do not purchase if you want a physical hard copy<\/p>","protected":false},"featured_media":9954,"comment_status":"closed","ping_status":"closed","template":"","meta":[],"product_brand":[],"product_cat":[265],"product_tag":[261,93,88,90,174,180,267,308,91,89,92,168],"class_list":{"0":"post-9944","1":"product","2":"type-product","3":"status-publish","4":"has-post-thumbnail","6":"product_cat-cfa-level-3","7":"product_tag-cfa-2025","8":"product_tag-cfa-books","9":"product_tag-cfa-ebooks","10":"product_tag-cfa-exam","11":"product_tag-cfa-institute","12":"product_tag-cfa-level-3","13":"product_tag-cfa-level-3-2025","14":"product_tag-cfa-level-3-portfolio-management-pathway","15":"product_tag-cfa-prep","16":"product_tag-cfa-program-curriculum","17":"product_tag-cfa-test","18":"product_tag-study-notes","20":"first","21":"instock","22":"downloadable","23":"virtual","24":"sold-individually","25":"purchasable","26":"product-type-simple"},"_links":{"self":[{"href":"https:\/\/www.cfaebooks.com\/ro\/wp-json\/wp\/v2\/product\/9944","targetHints":{"allow":["GET"]}}],"collection":[{"href":"https:\/\/www.cfaebooks.com\/ro\/wp-json\/wp\/v2\/product"}],"about":[{"href":"https:\/\/www.cfaebooks.com\/ro\/wp-json\/wp\/v2\/types\/product"}],"replies":[{"embeddable":true,"href":"https:\/\/www.cfaebooks.com\/ro\/wp-json\/wp\/v2\/comments?post=9944"}],"wp:featuredmedia":[{"embeddable":true,"href":"https:\/\/www.cfaebooks.com\/ro\/wp-json\/wp\/v2\/media\/9954"}],"wp:attachment":[{"href":"https:\/\/www.cfaebooks.com\/ro\/wp-json\/wp\/v2\/media?parent=9944"}],"wp:term":[{"taxonomy":"product_brand","embeddable":true,"href":"https:\/\/www.cfaebooks.com\/ro\/wp-json\/wp\/v2\/product_brand?post=9944"},{"taxonomy":"product_cat","embeddable":true,"href":"https:\/\/www.cfaebooks.com\/ro\/wp-json\/wp\/v2\/product_cat?post=9944"},{"taxonomy":"product_tag","embeddable":true,"href":"https:\/\/www.cfaebooks.com\/ro\/wp-json\/wp\/v2\/product_tag?post=9944"}],"curies":[{"name":"wp","href":"https:\/\/api.w.org\/{rel}","templated":true}]}}