{"id":9923,"date":"2024-08-06T06:29:12","date_gmt":"2024-08-06T06:29:12","guid":{"rendered":"https:\/\/www.cfaebooks.com\/?post_type=product&#038;p=9923"},"modified":"2026-04-03T07:58:48","modified_gmt":"2026-04-03T07:58:48","slug":"cfa-nivel-1-2025-ift-note-de-studiu-2","status":"publish","type":"product","link":"https:\/\/www.cfaebooks.com\/ro\/products\/cfa-nivel-1-2025-ift-note-de-studiu-2\/","title":{"rendered":"Note de studiu CFA Level 1 2025 IFT"},"content":{"rendered":"<p>De v\u00e2nzare este un e-Book 2025 CFA Nivel 1 IFT Note de studiu PDF. <\/p>\n\n\n\n<p>Include urm\u0103toarele subiecte: <\/p>\n\n\n\n<ul class=\"wp-block-list\">\n<li><em>Metode cantitative, Economie<\/em><\/li>\n\n\n\n<li><em>Emiten\u021bi corporativi<\/em><\/li>\n\n\n\n<li><em>Analiza situa\u021biilor financiare<\/em><\/li>\n\n\n\n<li><em>Investi\u021bii \u00een ac\u021biuni<\/em><\/li>\n\n\n\n<li><em>Venituri fixe<\/em><\/li>\n\n\n\n<li><em>Derivate<\/em><\/li>\n\n\n\n<li><em>Investi\u021bii alternative<\/em><\/li>\n\n\n\n<li><em>Gestionarea portofoliului<\/em><\/li>\n\n\n\n<li><em>Standarde etice \u0219i profesionale<\/em>.<\/li>\n<\/ul>\n\n\n\n<p>Ve\u021bi primi note de studiu detaliate care acoper\u0103 toate LOS, \u0219i care includ: <strong><em>Rezumatul fiec\u0103rei lecturi \u0219i exemple<\/em><\/strong><\/p>\n\n\n\n<p>Dup\u0103 finalizarea comenzii, pute\u021bi desc\u0103rca imediat cartea electronic\u0103. Aceasta nu este o carte fizic\u0103, ci o copie digital\u0103 \u00een format PDF. V\u0103 rug\u0103m s\u0103 nu achizi\u021biona\u021bi dac\u0103 dori\u021bi o copie fizic\u0103<\/p>","protected":false},"excerpt":{"rendered":"<p>For sale is an e-Book 2025 CFA Level 1 IFT Study Notes PDF. Includes the following topics: You will get detailed Study Notes covering all LOS, and which include: Summary of each reading and Examples After checkout you can download the e-Book immediately. This is not a physical book it is a\u00a0PDF\u00a0digital copy. Please do [&hellip;]<\/p>\n","protected":false},"featured_media":9924,"comment_status":"closed","ping_status":"closed","template":"","meta":[],"product_brand":[],"product_cat":[260],"product_tag":[261,93,88,90,87,91,92,167,168],"class_list":{"0":"post-9923","1":"product","2":"type-product","3":"status-publish","4":"has-post-thumbnail","6":"product_cat-cfa-level-1","7":"product_tag-cfa-2025","8":"product_tag-cfa-books","9":"product_tag-cfa-ebooks","10":"product_tag-cfa-exam","11":"product_tag-cfa-level-i","12":"product_tag-cfa-prep","13":"product_tag-cfa-test","14":"product_tag-ift","15":"product_tag-study-notes","17":"first","18":"instock","19":"downloadable","20":"virtual","21":"sold-individually","22":"purchasable","23":"product-type-simple"},"_links":{"self":[{"href":"https:\/\/www.cfaebooks.com\/ro\/wp-json\/wp\/v2\/product\/9923","targetHints":{"allow":["GET"]}}],"collection":[{"href":"https:\/\/www.cfaebooks.com\/ro\/wp-json\/wp\/v2\/product"}],"about":[{"href":"https:\/\/www.cfaebooks.com\/ro\/wp-json\/wp\/v2\/types\/product"}],"replies":[{"embeddable":true,"href":"https:\/\/www.cfaebooks.com\/ro\/wp-json\/wp\/v2\/comments?post=9923"}],"wp:featuredmedia":[{"embeddable":true,"href":"https:\/\/www.cfaebooks.com\/ro\/wp-json\/wp\/v2\/media\/9924"}],"wp:attachment":[{"href":"https:\/\/www.cfaebooks.com\/ro\/wp-json\/wp\/v2\/media?parent=9923"}],"wp:term":[{"taxonomy":"product_brand","embeddable":true,"href":"https:\/\/www.cfaebooks.com\/ro\/wp-json\/wp\/v2\/product_brand?post=9923"},{"taxonomy":"product_cat","embeddable":true,"href":"https:\/\/www.cfaebooks.com\/ro\/wp-json\/wp\/v2\/product_cat?post=9923"},{"taxonomy":"product_tag","embeddable":true,"href":"https:\/\/www.cfaebooks.com\/ro\/wp-json\/wp\/v2\/product_tag?post=9923"}],"curies":[{"name":"wp","href":"https:\/\/api.w.org\/{rel}","templated":true}]}}