{"id":9675,"date":"2024-07-07T07:38:31","date_gmt":"2024-07-07T07:38:31","guid":{"rendered":"https:\/\/www.cfaebooks.com\/?post_type=product&#038;p=9675"},"modified":"2026-04-03T07:58:38","modified_gmt":"2026-04-03T07:58:38","slug":"cfa-level-1-2024-ift-high-yield-note-de-studiu","status":"publish","type":"product","link":"https:\/\/www.cfaebooks.com\/ro\/products\/cfa-level-1-2024-ift-high-yield-note-de-studiu\/","title":{"rendered":"CFA Level 1 2024 IFT High Yield Note de studiu"},"content":{"rendered":"<p>De v\u00e2nzare este o carte electronic\u0103 2024 CFA Level 1 IFT High Yield Notes PDF. Aceasta nu este o carte fizic\u0103 este o copie digital\u0103 PDF. V\u0103 rug\u0103m s\u0103 nu cump\u0103ra\u021bi dac\u0103 dori\u021bi o copie fizic\u0103 hard. Dup\u0103 finalizarea comenzii, pute\u021bi desc\u0103rca imediat cartea electronic\u0103.<\/p>","protected":false},"excerpt":{"rendered":"<p>De v\u00e2nzare este o carte electronic\u0103 2024 CFA Level 1 IFT High Yield Notes PDF. Aceasta nu este o carte fizic\u0103 este o copie digital\u0103 PDF. V\u0103 rug\u0103m s\u0103 nu cump\u0103ra\u021bi dac\u0103 dori\u021bi o copie fizic\u0103 hard. Dup\u0103 finalizarea comenzii, pute\u021bi desc\u0103rca imediat cartea electronic\u0103.<\/p>","protected":false},"featured_media":9676,"comment_status":"closed","ping_status":"closed","template":"","meta":[],"product_brand":[],"product_cat":[260],"product_tag":[93,88,90,87,91,92,167,241,168],"class_list":{"0":"post-9675","1":"product","2":"type-product","3":"status-publish","4":"has-post-thumbnail","6":"product_cat-cfa-level-1","7":"product_tag-cfa-books","8":"product_tag-cfa-ebooks","9":"product_tag-cfa-exam","10":"product_tag-cfa-level-i","11":"product_tag-cfa-prep","12":"product_tag-cfa-test","13":"product_tag-ift","14":"product_tag-level-1","15":"product_tag-study-notes","17":"first","18":"instock","19":"downloadable","20":"virtual","21":"sold-individually","22":"purchasable","23":"product-type-simple"},"_links":{"self":[{"href":"https:\/\/www.cfaebooks.com\/ro\/wp-json\/wp\/v2\/product\/9675","targetHints":{"allow":["GET"]}}],"collection":[{"href":"https:\/\/www.cfaebooks.com\/ro\/wp-json\/wp\/v2\/product"}],"about":[{"href":"https:\/\/www.cfaebooks.com\/ro\/wp-json\/wp\/v2\/types\/product"}],"replies":[{"embeddable":true,"href":"https:\/\/www.cfaebooks.com\/ro\/wp-json\/wp\/v2\/comments?post=9675"}],"wp:featuredmedia":[{"embeddable":true,"href":"https:\/\/www.cfaebooks.com\/ro\/wp-json\/wp\/v2\/media\/9676"}],"wp:attachment":[{"href":"https:\/\/www.cfaebooks.com\/ro\/wp-json\/wp\/v2\/media?parent=9675"}],"wp:term":[{"taxonomy":"product_brand","embeddable":true,"href":"https:\/\/www.cfaebooks.com\/ro\/wp-json\/wp\/v2\/product_brand?post=9675"},{"taxonomy":"product_cat","embeddable":true,"href":"https:\/\/www.cfaebooks.com\/ro\/wp-json\/wp\/v2\/product_cat?post=9675"},{"taxonomy":"product_tag","embeddable":true,"href":"https:\/\/www.cfaebooks.com\/ro\/wp-json\/wp\/v2\/product_tag?post=9675"}],"curies":[{"name":"wp","href":"https:\/\/api.w.org\/{rel}","templated":true}]}}