{"id":9607,"date":"2024-06-30T14:10:25","date_gmt":"2024-06-30T14:10:25","guid":{"rendered":"https:\/\/www.cfaebooks.com\/?post_type=product&#038;p=9607"},"modified":"2026-04-03T07:58:31","modified_gmt":"2026-04-03T07:58:31","slug":"bionic-turtle-frm-partea-2-banca-de-intrebari-2","status":"publish","type":"product","link":"https:\/\/www.cfaebooks.com\/ro\/products\/bionic-turtle-frm-partea-2-banca-de-intrebari-2\/","title":{"rendered":"Bionic Turtle FRM Partea 2 Banca de \u00eentreb\u0103ri"},"content":{"rendered":"<p>De v\u00e2nzare este 2024 FRM Bionic Turtle Question Bank Part 2 PDF. Aceasta nu este o carte fizic\u0103 este o copie digital\u0103 PDF. V\u0103 rug\u0103m s\u0103 nu cump\u0103ra\u021bi dac\u0103 dori\u021bi o copie fizic\u0103 hard. Dup\u0103 finalizarea comenzii, pute\u021bi desc\u0103rca imediat cartea electronic\u0103.<\/p>","protected":false},"excerpt":{"rendered":"<p>De v\u00e2nzare este 2024 FRM Bionic Turtle Question Bank Part 2 PDF. Aceasta nu este o carte fizic\u0103 este o copie digital\u0103 PDF. V\u0103 rug\u0103m s\u0103 nu cump\u0103ra\u021bi dac\u0103 dori\u021bi o copie fizic\u0103 hard. Dup\u0103 finalizarea comenzii, pute\u021bi desc\u0103rca imediat cartea electronic\u0103.<\/p>","protected":false},"featured_media":9608,"comment_status":"closed","ping_status":"closed","template":"","meta":[],"product_brand":[],"product_cat":[325],"product_tag":[263,184,185,186,181,188,182,204,183,161],"class_list":{"0":"post-9607","1":"product","2":"type-product","3":"status-publish","4":"has-post-thumbnail","6":"product_cat-frm-part-2","7":"product_tag-bionic-turtle","8":"product_tag-frm","9":"product_tag-frm-books","10":"product_tag-frm-ebooks","11":"product_tag-frm-exam","12":"product_tag-frm-part-2","13":"product_tag-frm-prep","14":"product_tag-frm-question-bank","15":"product_tag-frm-test","16":"product_tag-question-bank","18":"first","19":"instock","20":"downloadable","21":"virtual","22":"sold-individually","23":"purchasable","24":"product-type-simple"},"_links":{"self":[{"href":"https:\/\/www.cfaebooks.com\/ro\/wp-json\/wp\/v2\/product\/9607","targetHints":{"allow":["GET"]}}],"collection":[{"href":"https:\/\/www.cfaebooks.com\/ro\/wp-json\/wp\/v2\/product"}],"about":[{"href":"https:\/\/www.cfaebooks.com\/ro\/wp-json\/wp\/v2\/types\/product"}],"replies":[{"embeddable":true,"href":"https:\/\/www.cfaebooks.com\/ro\/wp-json\/wp\/v2\/comments?post=9607"}],"wp:featuredmedia":[{"embeddable":true,"href":"https:\/\/www.cfaebooks.com\/ro\/wp-json\/wp\/v2\/media\/9608"}],"wp:attachment":[{"href":"https:\/\/www.cfaebooks.com\/ro\/wp-json\/wp\/v2\/media?parent=9607"}],"wp:term":[{"taxonomy":"product_brand","embeddable":true,"href":"https:\/\/www.cfaebooks.com\/ro\/wp-json\/wp\/v2\/product_brand?post=9607"},{"taxonomy":"product_cat","embeddable":true,"href":"https:\/\/www.cfaebooks.com\/ro\/wp-json\/wp\/v2\/product_cat?post=9607"},{"taxonomy":"product_tag","embeddable":true,"href":"https:\/\/www.cfaebooks.com\/ro\/wp-json\/wp\/v2\/product_tag?post=9607"}],"curies":[{"name":"wp","href":"https:\/\/api.w.org\/{rel}","templated":true}]}}