{"id":8406,"date":"2024-03-07T12:44:15","date_gmt":"2024-03-07T12:44:15","guid":{"rendered":"https:\/\/www.cfaebooks.com\/?post_type=product&#038;p=8406"},"modified":"2026-04-03T07:57:04","modified_gmt":"2026-04-03T07:57:04","slug":"2024-cfa-nivel-1-eoc-intrebari-de-curriculum","status":"publish","type":"product","link":"https:\/\/www.cfaebooks.com\/ro\/products\/2024-cfa-nivel-1-eoc-intrebari-de-curriculum\/","title":{"rendered":"2024 CFA Nivelul 1 EOC \u00centreb\u0103ri din curriculum"},"content":{"rendered":"<p>De v\u00e2nzare este 2024 CFA Nivelul 1 EOC \u00centreb\u0103ri de Curriculum PDF. <\/p>\n\n\n\n<p>Include\u021bi 10 subiecte \u00een <a href=\"https:\/\/www.cfaebooks.com\/ro\/produs\/2024-cfa-program-curriculum-level-i-box-set\/\">Curriculum Nivel 1<\/a>: 1. Investi\u021bii alternative 2. Emiten\u021bi corporativi 3. Derivate 4. Economie 5. Ac\u021biuni 6. Etic\u0103 7. Analiza situa\u021biilor financiare 8. Venituri fixe 9. Gestionarea portofoliului 10. Metode cantitative<\/p>\n\n\n\n<ul class=\"wp-block-list\">\n<li>Aceasta nu este o carte fizic\u0103, este o copie digital\u0103 PDF. V\u0103 rug\u0103m s\u0103 nu cump\u0103ra\u021bi dac\u0103 dori\u021bi o copie fizic\u0103<\/li>\n\n\n\n<li>Dup\u0103 finalizarea comenzii, pute\u021bi desc\u0103rca imediat cartea electronic\u0103.<\/li>\n<\/ul>","protected":false},"excerpt":{"rendered":"<p>For sale is 2024 CFA Level 1 EOC Questions of Curriculum PDF. Include 10 topics in Curriculum Level 1: 1. Alternative Investments 2. Corporate Issuers 3. Derivatives 4. Economics 5. Equity 6. Ethics 7. Financial Statement Analysis 8. Fixed Income 9. Portfolio Management 10. Quantative Methods<\/p>","protected":false},"featured_media":8407,"comment_status":"closed","ping_status":"closed","template":"","meta":[],"product_brand":[],"product_cat":[260],"product_tag":[86,93,88,90,87,91,89,92,201],"class_list":{"0":"post-8406","1":"product","2":"type-product","3":"status-publish","4":"has-post-thumbnail","6":"product_cat-cfa-level-1","7":"product_tag-cfa-2024","8":"product_tag-cfa-books","9":"product_tag-cfa-ebooks","10":"product_tag-cfa-exam","11":"product_tag-cfa-level-i","12":"product_tag-cfa-prep","13":"product_tag-cfa-program-curriculum","14":"product_tag-cfa-test","15":"product_tag-eoc-questions","17":"first","18":"instock","19":"downloadable","20":"virtual","21":"sold-individually","22":"purchasable","23":"product-type-simple"},"_links":{"self":[{"href":"https:\/\/www.cfaebooks.com\/ro\/wp-json\/wp\/v2\/product\/8406","targetHints":{"allow":["GET"]}}],"collection":[{"href":"https:\/\/www.cfaebooks.com\/ro\/wp-json\/wp\/v2\/product"}],"about":[{"href":"https:\/\/www.cfaebooks.com\/ro\/wp-json\/wp\/v2\/types\/product"}],"replies":[{"embeddable":true,"href":"https:\/\/www.cfaebooks.com\/ro\/wp-json\/wp\/v2\/comments?post=8406"}],"wp:featuredmedia":[{"embeddable":true,"href":"https:\/\/www.cfaebooks.com\/ro\/wp-json\/wp\/v2\/media\/8407"}],"wp:attachment":[{"href":"https:\/\/www.cfaebooks.com\/ro\/wp-json\/wp\/v2\/media?parent=8406"}],"wp:term":[{"taxonomy":"product_brand","embeddable":true,"href":"https:\/\/www.cfaebooks.com\/ro\/wp-json\/wp\/v2\/product_brand?post=8406"},{"taxonomy":"product_cat","embeddable":true,"href":"https:\/\/www.cfaebooks.com\/ro\/wp-json\/wp\/v2\/product_cat?post=8406"},{"taxonomy":"product_tag","embeddable":true,"href":"https:\/\/www.cfaebooks.com\/ro\/wp-json\/wp\/v2\/product_tag?post=8406"}],"curies":[{"name":"wp","href":"https:\/\/api.w.org\/{rel}","templated":true}]}}