{"id":8282,"date":"2024-03-04T08:21:00","date_gmt":"2024-03-04T08:21:00","guid":{"rendered":"https:\/\/www.cfaebooks.com\/?post_type=product&#038;p=8282"},"modified":"2026-04-03T07:56:36","modified_gmt":"2026-04-03T07:56:36","slug":"2024-cfa-nivel-2-banca-de-intrebari","status":"publish","type":"product","link":"https:\/\/www.cfaebooks.com\/ro\/products\/2024-cfa-nivel-2-banca-de-intrebari\/","title":{"rendered":"2024 CFA Nivelul 2 Banca de \u00eentreb\u0103ri"},"content":{"rendered":"<p>De v\u00e2nzare este o carte electronic\u0103 2024 CFA Level 2 Schweser Question Bank PDF. Peste 1000 de \u00eentreb\u0103ri \u0219i r\u0103spunsuri. Include \u00eentreb\u0103ri \u0219i r\u0103spunsuri pentru fiecare \u00eentrebare. Acoper\u0103 \u00eentregul curriculum - Teste separate pentru fiecare subiect.<\/p>\n\n\n\n<ul class=\"wp-block-list\">\n<li>Aceasta nu este o carte fizic\u0103, este o copie digital\u0103 PDF. V\u0103 rug\u0103m s\u0103 nu cump\u0103ra\u021bi dac\u0103 dori\u021bi o copie fizic\u0103<\/li>\n\n\n\n<li>Dup\u0103 finalizarea comenzii, pute\u021bi desc\u0103rca imediat cartea electronic\u0103.<\/li>\n<\/ul>","protected":false},"excerpt":{"rendered":"<p>De v\u00e2nzare este o carte electronic\u0103 2024 CFA Level 2 Schweser Question Bank PDF. Peste 1000 de \u00eentreb\u0103ri \u0219i r\u0103spunsuri. Include \u00eentreb\u0103ri \u0219i r\u0103spunsuri pentru fiecare \u00eentrebare. Acoper\u0103 \u00eentregul curriculum - Teste separate pentru fiecare subiect.<\/p>","protected":false},"featured_media":8284,"comment_status":"closed","ping_status":"closed","template":"","meta":[],"product_brand":[],"product_cat":[350],"product_tag":[93,90,178,91,158,162,161,163],"class_list":{"0":"post-8282","1":"product","2":"type-product","3":"status-publish","4":"has-post-thumbnail","6":"product_cat-cfa-level-2-2024","7":"product_tag-cfa-books","8":"product_tag-cfa-exam","9":"product_tag-cfa-level-2","10":"product_tag-cfa-prep","11":"product_tag-kaplan-schweser","12":"product_tag-qbank","13":"product_tag-question-bank","14":"product_tag-schweser-qbank","16":"first","17":"instock","18":"downloadable","19":"virtual","20":"sold-individually","21":"purchasable","22":"product-type-simple"},"_links":{"self":[{"href":"https:\/\/www.cfaebooks.com\/ro\/wp-json\/wp\/v2\/product\/8282","targetHints":{"allow":["GET"]}}],"collection":[{"href":"https:\/\/www.cfaebooks.com\/ro\/wp-json\/wp\/v2\/product"}],"about":[{"href":"https:\/\/www.cfaebooks.com\/ro\/wp-json\/wp\/v2\/types\/product"}],"replies":[{"embeddable":true,"href":"https:\/\/www.cfaebooks.com\/ro\/wp-json\/wp\/v2\/comments?post=8282"}],"wp:featuredmedia":[{"embeddable":true,"href":"https:\/\/www.cfaebooks.com\/ro\/wp-json\/wp\/v2\/media\/8284"}],"wp:attachment":[{"href":"https:\/\/www.cfaebooks.com\/ro\/wp-json\/wp\/v2\/media?parent=8282"}],"wp:term":[{"taxonomy":"product_brand","embeddable":true,"href":"https:\/\/www.cfaebooks.com\/ro\/wp-json\/wp\/v2\/product_brand?post=8282"},{"taxonomy":"product_cat","embeddable":true,"href":"https:\/\/www.cfaebooks.com\/ro\/wp-json\/wp\/v2\/product_cat?post=8282"},{"taxonomy":"product_tag","embeddable":true,"href":"https:\/\/www.cfaebooks.com\/ro\/wp-json\/wp\/v2\/product_tag?post=8282"}],"curies":[{"name":"wp","href":"https:\/\/api.w.org\/{rel}","templated":true}]}}