{"id":8191,"date":"2024-03-03T07:11:13","date_gmt":"2024-03-03T07:11:13","guid":{"rendered":"https:\/\/www.cfaebooks.com\/?post_type=product&#038;p=8191"},"modified":"2026-04-03T07:56:20","modified_gmt":"2026-04-03T07:56:20","slug":"2024-uworld-nivel-1-cfa-program-de-studiu-ghid-note-set-complet","status":"publish","type":"product","link":"https:\/\/www.cfaebooks.com\/ro\/products\/2024-uworld-nivel-1-cfa-program-de-studiu-ghid-note-set-complet\/","title":{"rendered":"2024 UWorld Level 1 CFA Program Study Guide Notes Complete Set + Formula Sheet"},"content":{"rendered":"<p>De v\u00e2nzare este un e-Book 2024 CFA Level 1 UWorld Program Study Guide Notes Complete Set + Formula Sheet PDF.<\/p>\n\n\n\n<p>Include un set de 6 volume: <\/p>\n\n\n\n<p>Volumul 1: Metode cantitative, Volumul 2: Economie \u0219i analiza situa\u021biilor financiare, Volumul 3: Analiza situa\u021biilor financiare \u0219i emiten\u021bi corporativi, Volumul 4: Emiten\u021bi corporativi, investi\u021bii \u00een ac\u021biuni \u0219i venituri fixe, Volumul 5: Venituri fixe, instrumente derivate, investi\u021bii alternative \u0219i gestionarea portofoliuluiVolumul 6: Gestionarea portofoliului \u0219i standarde etice \u0219i profesionale<\/p>\n\n\n\n<ul class=\"wp-block-list\">\n<li>Aceasta nu este o carte fizic\u0103, este o copie digital\u0103 PDF. V\u0103 rug\u0103m s\u0103 nu cump\u0103ra\u021bi dac\u0103 dori\u021bi o copie fizic\u0103<\/li>\n\n\n\n<li>Dup\u0103 finalizarea comenzii, pute\u021bi desc\u0103rca imediat cartea electronic\u0103.<\/li>\n<\/ul>","protected":false},"excerpt":{"rendered":"<p>For sale is an e-Book 2024 CFA Level 1 UWorld Program Study Guide Notes Complete Set + Formula Sheet PDF. Includes Set of 6 volumes: Volume 1: Quantitative Methods, Volume 2: Economics and Financial Statement Analysis, Volume 3: Financial Statement Analysis and Corporate Issuers, Volume 4: Corporate Issuers, Equity Investments, and Fixed Income, Volume 5: [&hellip;]<\/p>\n","protected":false},"featured_media":8192,"comment_status":"closed","ping_status":"closed","template":"","meta":[],"product_brand":[],"product_cat":[260],"product_tag":[86,93,88,90,87,91,92,171,169],"class_list":{"0":"post-8191","1":"product","2":"type-product","3":"status-publish","4":"has-post-thumbnail","6":"product_cat-cfa-level-1","7":"product_tag-cfa-2024","8":"product_tag-cfa-books","9":"product_tag-cfa-ebooks","10":"product_tag-cfa-exam","11":"product_tag-cfa-level-i","12":"product_tag-cfa-prep","13":"product_tag-cfa-test","14":"product_tag-study-guide","15":"product_tag-wiley","17":"first","18":"instock","19":"downloadable","20":"virtual","21":"sold-individually","22":"purchasable","23":"product-type-simple"},"_links":{"self":[{"href":"https:\/\/www.cfaebooks.com\/ro\/wp-json\/wp\/v2\/product\/8191","targetHints":{"allow":["GET"]}}],"collection":[{"href":"https:\/\/www.cfaebooks.com\/ro\/wp-json\/wp\/v2\/product"}],"about":[{"href":"https:\/\/www.cfaebooks.com\/ro\/wp-json\/wp\/v2\/types\/product"}],"replies":[{"embeddable":true,"href":"https:\/\/www.cfaebooks.com\/ro\/wp-json\/wp\/v2\/comments?post=8191"}],"wp:featuredmedia":[{"embeddable":true,"href":"https:\/\/www.cfaebooks.com\/ro\/wp-json\/wp\/v2\/media\/8192"}],"wp:attachment":[{"href":"https:\/\/www.cfaebooks.com\/ro\/wp-json\/wp\/v2\/media?parent=8191"}],"wp:term":[{"taxonomy":"product_brand","embeddable":true,"href":"https:\/\/www.cfaebooks.com\/ro\/wp-json\/wp\/v2\/product_brand?post=8191"},{"taxonomy":"product_cat","embeddable":true,"href":"https:\/\/www.cfaebooks.com\/ro\/wp-json\/wp\/v2\/product_cat?post=8191"},{"taxonomy":"product_tag","embeddable":true,"href":"https:\/\/www.cfaebooks.com\/ro\/wp-json\/wp\/v2\/product_tag?post=8191"}],"curies":[{"name":"wp","href":"https:\/\/api.w.org\/{rel}","templated":true}]}}