{"id":8155,"date":"2024-03-02T08:53:19","date_gmt":"2024-03-02T08:53:19","guid":{"rendered":"https:\/\/www.cfaebooks.com\/?post_type=product&#038;p=8155"},"modified":"2026-04-03T07:56:05","modified_gmt":"2026-04-03T07:56:05","slug":"2024-cfa-nivel-1-sos-secret-schweser","status":"publish","type":"product","link":"https:\/\/www.cfaebooks.com\/ro\/products\/2024-cfa-nivel-1-sos-secret-schweser\/","title":{"rendered":"2024 CFA Nivelul 1 Sosul secret Schweser"},"content":{"rendered":"<p>De v\u00e2nzare este o carte electronic\u0103 2024 CFA Schweser Secret Sauce Level 1 PDF. Aceasta nu este o carte fizic\u0103 este o copie digital\u0103 PDF. V\u0103 rug\u0103m s\u0103 nu cump\u0103ra\u021bi dac\u0103 dori\u021bi o copie fizic\u0103 hard. Dup\u0103 finalizarea comenzii pute\u021bi desc\u0103rca cartea electronic\u0103 instantaneu.<\/p>","protected":false},"excerpt":{"rendered":"<p>De v\u00e2nzare este o carte electronic\u0103 2024 CFA Schweser Secret Sauce Level 1 PDF. Aceasta nu este o carte fizic\u0103 este o copie digital\u0103 PDF. V\u0103 rug\u0103m s\u0103 nu cump\u0103ra\u021bi dac\u0103 dori\u021bi o copie fizic\u0103 hard. Dup\u0103 finalizarea comenzii pute\u021bi desc\u0103rca cartea electronic\u0103 instantaneu.<\/p>","protected":false},"featured_media":8156,"comment_status":"closed","ping_status":"closed","template":"","meta":[],"product_brand":[],"product_cat":[349],"product_tag":[86,93,88,90,87,91,92,158,159],"class_list":{"0":"post-8155","1":"product","2":"type-product","3":"status-publish","4":"has-post-thumbnail","6":"product_cat-cfa-level-1-2024","7":"product_tag-cfa-2024","8":"product_tag-cfa-books","9":"product_tag-cfa-ebooks","10":"product_tag-cfa-exam","11":"product_tag-cfa-level-i","12":"product_tag-cfa-prep","13":"product_tag-cfa-test","14":"product_tag-kaplan-schweser","15":"product_tag-secret-sauce","17":"first","18":"instock","19":"downloadable","20":"virtual","21":"sold-individually","22":"purchasable","23":"product-type-simple"},"_links":{"self":[{"href":"https:\/\/www.cfaebooks.com\/ro\/wp-json\/wp\/v2\/product\/8155","targetHints":{"allow":["GET"]}}],"collection":[{"href":"https:\/\/www.cfaebooks.com\/ro\/wp-json\/wp\/v2\/product"}],"about":[{"href":"https:\/\/www.cfaebooks.com\/ro\/wp-json\/wp\/v2\/types\/product"}],"replies":[{"embeddable":true,"href":"https:\/\/www.cfaebooks.com\/ro\/wp-json\/wp\/v2\/comments?post=8155"}],"wp:featuredmedia":[{"embeddable":true,"href":"https:\/\/www.cfaebooks.com\/ro\/wp-json\/wp\/v2\/media\/8156"}],"wp:attachment":[{"href":"https:\/\/www.cfaebooks.com\/ro\/wp-json\/wp\/v2\/media?parent=8155"}],"wp:term":[{"taxonomy":"product_brand","embeddable":true,"href":"https:\/\/www.cfaebooks.com\/ro\/wp-json\/wp\/v2\/product_brand?post=8155"},{"taxonomy":"product_cat","embeddable":true,"href":"https:\/\/www.cfaebooks.com\/ro\/wp-json\/wp\/v2\/product_cat?post=8155"},{"taxonomy":"product_tag","embeddable":true,"href":"https:\/\/www.cfaebooks.com\/ro\/wp-json\/wp\/v2\/product_tag?post=8155"}],"curies":[{"name":"wp","href":"https:\/\/api.w.org\/{rel}","templated":true}]}}