{"id":17416,"date":"2026-04-04T14:44:32","date_gmt":"2026-04-04T14:44:32","guid":{"rendered":"https:\/\/www.cfaebooks.com\/?post_type=product&#038;p=17416"},"modified":"2026-04-04T14:51:59","modified_gmt":"2026-04-04T14:51:59","slug":"frm-2026-part-2-analystprep-mock-exam","status":"publish","type":"product","link":"https:\/\/www.cfaebooks.com\/ro\/products\/frm-2026-part-2-analystprep-mock-exam\/","title":{"rendered":"FRM 2026 Part 2 \u2013 AnalystPrep Mock Exam"},"content":{"rendered":"<p>For sale is an e-Book FRM 2026 Part 2 \u2013 AnalystPrep Mock Exam pdf.<\/p>\n\n\n\n<p><strong>You\u2019ll get 3 mock exams.<\/strong>\u00a0Includes seperate file for questions and answers so that you can do questions then compare your answers.<\/p>\n\n\n\n<p><strong>Subiecte abordate:<\/strong><\/p>\n\n\n\n<ul class=\"wp-block-list\">\n<li><strong><strong>M\u0103surarea \u0219i gestionarea riscului de pia\u021b\u0103<\/strong><\/strong><\/li>\n\n\n\n<li><strong><strong>M\u0103surarea \u0219i gestionarea riscului de credit<\/strong><\/strong><\/li>\n\n\n\n<li><strong><strong>Operational Risk &amp; Resilience<\/strong><\/strong><\/li>\n\n\n\n<li><strong>Managementul riscului \u0219i managementul investi\u021biilor<\/strong><\/li>\n\n\n\n<li><strong>Probleme actuale ale pie\u021belor financiare<\/strong><\/li>\n<\/ul>\n\n\n\n<p>Aceasta nu este o carte fizic\u0103, este o copie digital\u0103 PDF. V\u0103 rug\u0103m s\u0103 nu cump\u0103ra\u021bi dac\u0103 dori\u021bi o copie fizic\u0103.<\/p>\n\n\n\n<p>Dup\u0103 finalizarea comenzii, pute\u021bi desc\u0103rca imediat cartea electronic\u0103.<\/p>","protected":false},"excerpt":{"rendered":"<p>For sale is an e-Book FRM 2026 Part 2 \u2013 AnalystPrep Mock Exam pdf. You\u2019ll get 3 mock exams.\u00a0Includes seperate file for questions and answers so that you can do questions then compare your answers. Topics Covered: This is not a physical book it is a&nbsp;PDF&nbsp;digital copy. Please do not purchase if you want a [&hellip;]<\/p>\n","protected":false},"featured_media":17419,"comment_status":"closed","ping_status":"closed","template":"","meta":[],"product_brand":[],"product_cat":[325],"product_tag":[184,409,185,186,181,339,411,182,183],"class_list":{"0":"post-17416","1":"product","2":"type-product","3":"status-publish","4":"has-post-thumbnail","6":"product_cat-frm-part-2","7":"product_tag-frm","8":"product_tag-frm-2026","9":"product_tag-frm-books","10":"product_tag-frm-ebooks","11":"product_tag-frm-exam","12":"product_tag-frm-mock-exam","13":"product_tag-frm-part-2-2026","14":"product_tag-frm-prep","15":"product_tag-frm-test","17":"first","18":"instock","19":"downloadable","20":"virtual","21":"sold-individually","22":"purchasable","23":"product-type-simple"},"_links":{"self":[{"href":"https:\/\/www.cfaebooks.com\/ro\/wp-json\/wp\/v2\/product\/17416","targetHints":{"allow":["GET"]}}],"collection":[{"href":"https:\/\/www.cfaebooks.com\/ro\/wp-json\/wp\/v2\/product"}],"about":[{"href":"https:\/\/www.cfaebooks.com\/ro\/wp-json\/wp\/v2\/types\/product"}],"replies":[{"embeddable":true,"href":"https:\/\/www.cfaebooks.com\/ro\/wp-json\/wp\/v2\/comments?post=17416"}],"wp:featuredmedia":[{"embeddable":true,"href":"https:\/\/www.cfaebooks.com\/ro\/wp-json\/wp\/v2\/media\/17419"}],"wp:attachment":[{"href":"https:\/\/www.cfaebooks.com\/ro\/wp-json\/wp\/v2\/media?parent=17416"}],"wp:term":[{"taxonomy":"product_brand","embeddable":true,"href":"https:\/\/www.cfaebooks.com\/ro\/wp-json\/wp\/v2\/product_brand?post=17416"},{"taxonomy":"product_cat","embeddable":true,"href":"https:\/\/www.cfaebooks.com\/ro\/wp-json\/wp\/v2\/product_cat?post=17416"},{"taxonomy":"product_tag","embeddable":true,"href":"https:\/\/www.cfaebooks.com\/ro\/wp-json\/wp\/v2\/product_tag?post=17416"}],"curies":[{"name":"wp","href":"https:\/\/api.w.org\/{rel}","templated":true}]}}